{"id":21359,"date":"2020-10-03T16:07:54","date_gmt":"2020-10-03T15:07:54","guid":{"rendered":"http:\/\/montreux-vieux.net\/?page_id=21359"},"modified":"2020-10-03T16:07:54","modified_gmt":"2020-10-03T15:07:54","slug":"lexpulsion-des-etrangers","status":"publish","type":"page","link":"https:\/\/montreux-vieux.net\/?page_id=21359","title":{"rendered":"L&rsquo;expulsion d\u00e9s \u00e9trangers"},"content":{"rendered":"\n<p>L&rsquo;expulsion d\u00e9s \u00e9trangers vient d&rsquo;\u00eatre r\u00e9gl\u00e9e par une ordonnance sp\u00e9ciale du conseil f\u00e9d\u00e9ral allemand.. Les Fran\u00e7ais expuls\u00e9s d&rsquo;Allemagne seront \u00e0 l&rsquo;avenir dirig\u00e9s sur les stations alsaciennes lorraines de Fentsch, Nov\u00e9ant, Deutsch-Avricourt, Montreux-Vieux, et remis entre les mains des commissaires sp\u00e9ciaux attach\u00e9s \u00e0 ces gares. Les expulses seront transport\u00e9s par voie administrative, et dans certains cas, seulement on leur laissera quitter librement le territoire en leur enjoignant de passer par les stations susnomm\u00e9es.<\/p>\n\n\n\n<p>Sources&nbsp;: Le Gaulois 3 janvier 1891<\/p>\n","protected":false},"excerpt":{"rendered":"<p>L&rsquo;expulsion d\u00e9s \u00e9trangers vient d&rsquo;\u00eatre r\u00e9gl\u00e9e par une ordonnance sp\u00e9ciale du conseil f\u00e9d\u00e9ral allemand.. Les Fran\u00e7ais expuls\u00e9s d&rsquo;Allemagne seront \u00e0 l&rsquo;avenir dirig\u00e9s sur les stations alsaciennes lorraines de Fentsch, Nov\u00e9ant, Deutsch-Avricourt, Montreux-Vieux, et remis entre les mains des commissaires sp\u00e9ciaux &hellip; <a href=\"https:\/\/montreux-vieux.net\/?page_id=21359\">Continuer la lecture <span class=\"meta-nav\">&rarr;<\/span><\/a><\/p>\n","protected":false},"author":1,"featured_media":0,"parent":20403,"menu_order":105,"comment_status":"closed","ping_status":"open","template":"","meta":{"footnotes":""},"class_list":["post-21359","page","type-page","status-publish","hentry"],"_links":{"self":[{"href":"https:\/\/montreux-vieux.net\/index.php?rest_route=\/wp\/v2\/pages\/21359","targetHints":{"allow":["GET"]}}],"collection":[{"href":"https:\/\/montreux-vieux.net\/index.php?rest_route=\/wp\/v2\/pages"}],"about":[{"href":"https:\/\/montreux-vieux.net\/index.php?rest_route=\/wp\/v2\/types\/page"}],"author":[{"embeddable":true,"href":"https:\/\/montreux-vieux.net\/index.php?rest_route=\/wp\/v2\/users\/1"}],"replies":[{"embeddable":true,"href":"https:\/\/montreux-vieux.net\/index.php?rest_route=%2Fwp%2Fv2%2Fcomments&post=21359"}],"version-history":[{"count":1,"href":"https:\/\/montreux-vieux.net\/index.php?rest_route=\/wp\/v2\/pages\/21359\/revisions"}],"predecessor-version":[{"id":21360,"href":"https:\/\/montreux-vieux.net\/index.php?rest_route=\/wp\/v2\/pages\/21359\/revisions\/21360"}],"up":[{"embeddable":true,"href":"https:\/\/montreux-vieux.net\/index.php?rest_route=\/wp\/v2\/pages\/20403"}],"wp:attachment":[{"href":"https:\/\/montreux-vieux.net\/index.php?rest_route=%2Fwp%2Fv2%2Fmedia&parent=21359"}],"curies":[{"name":"wp","href":"https:\/\/api.w.org\/{rel}","templated":true}]}}