{"id":2136,"date":"2011-11-02T08:21:31","date_gmt":"2011-11-02T07:21:31","guid":{"rendered":"http:\/\/montreux-vieux.org\/?page_id=2136"},"modified":"2020-10-03T11:02:01","modified_gmt":"2020-10-03T10:02:01","slug":"incident-a-la-frontiere-de-montreux-vieux","status":"publish","type":"page","link":"https:\/\/montreux-vieux.net\/?page_id=2136","title":{"rendered":"Incident \u00e0 la fronti\u00e8re de Montreux-Vieux"},"content":{"rendered":"<h3 style=\"text-align: center;\"><span style=\"color: #000000;\">Incident de fronti\u00e8re \u00e0 Montreux-Vieux<\/span><\/h3>\n<p><img decoding=\"async\" class=\"aligncenter\" src=\"http:\/\/montreux-vieux.net\/montreux-vieux.net\/wp-content\/uploads\/2012\/02\/ScreenShot0281-300x189.jpg\" \/><\/p>\n<h4 style=\"text-align: justify;\">22 d\u00e9cembre 1911<\/h4>\n<h4 style=\"text-align: justify;\">Plusieurs journaux annoncent que les autorit\u00e9s fran\u00e7aises et allemandes ont ouvert une enqu\u00eate au sujet d\u2019un incident de fronti\u00e8re qui remonte \u00e0 la nuit de dimanche \u00e0 lundi.<\/h4>\n<h4 style=\"text-align: justify;\">Nombre de fonctionnaires allemands des douanes et des chemins de fer s\u2019\u00e9taient rendus de Montreux-Vieux \u00e0 Montreux-Ch\u00e2teau qui est en territoire fran\u00e7ais.<\/h4>\n<h4 style=\"text-align: justify;\">Il y avait ce soir l\u00e0 bal dans une auberge de Montreux-Ch\u00e2teau.<\/h4>\n<h4 style=\"text-align: justify;\">D\u2019apr\u00e8s la version allemande, les jeunes gens du village fran\u00e7ais, parmi lesquels se trouvaient quelques soldats en cong\u00e9s, franchir la fronti\u00e8re, guett\u00e8rent le retour des fonctionnaires et attaqu\u00e8rent ceux-ci sur le territoire annex\u00e9.<\/h4>\n<h4 style=\"text-align: justify;\">Un jeune employ\u00e9 des chemins de fer fut gri\u00e8vement bless\u00e9 et transport\u00e9 sans connaissance \u00e0 Montreux-Vieux.<\/h4>\n<h4 style=\"text-align: justify;\">La police allemande avisa tout de suite les gendarmes fran\u00e7ais, qui auraient d\u00e9j\u00e0 proc\u00e9d\u00e9 \u00e0 une enqu\u00eate. Il serait int\u00e9ressant de conna\u00eetre la version fran\u00e7aise sur cet incident de fronti\u00e8re.<\/h4>\n<p>Nouvel article<\/p>\n<p style=\"text-align: justify; line-height: 18.0pt; background: white; margin: 6.0pt 0cm 6.0pt 0cm;\"><span style=\"font-family: 'Arial','sans-serif'; color: #4d4d4d;\">Belfort. \u2014 Plusieurs employ\u00e9s allemands de la gare de Montreux-Vieux, qui \u00e9taient venus \u00e0 un bal au village fran\u00e7ais de Montreux-Ch\u00e2teau, se sont pris de querelle avec des danseurs.<\/span><\/p>\n<p style=\"text-align: justify; line-height: 18.0pt; background: white; margin: 6.0pt 0cm 6.0pt 0cm;\"><span style=\"font-family: 'Arial','sans-serif'; color: #4d4d4d;\">Ceux-ci les poursuivirent jusqu&rsquo;en territoire allemand et comme parmi les poursuivants se trouvaient quelques soldats en uniforme, l&rsquo;autorit\u00e9 allemande a ouvert une enqu\u00eate.<\/span><\/p>\n<p style=\"text-align: justify; line-height: 18.0pt; background: white; margin: 6.0pt 0cm 6.0pt 0cm;\"><span style=\"font-family: 'Arial','sans-serif'; color: #4d4d4d;\">Sources\u00a0: La Lanterne 23 d\u00e9cembre 1911<\/span><\/p>\n<p><strong>INCIDENT \u00c0 LA FRONTI\u00c8RE DE L&rsquo;EST<\/strong><\/p>\n<p>Strasbourg, 21 d\u00e9cembre. \u2014 Les autorit\u00e9s fran\u00e7aises et allemandes ont ouvert une en qu\u00eat\u00e9 au sujet d&rsquo;un incident de fronti\u00e8re qui remonte \u00e0 la nuit de dimanche \u00e0 lundi. Nombre de fonctionnaires allemands des douanes et des chemins de fer s&rsquo;\u00e9taient rendus de Montreux-Vieux \u00e0 Montreux-Ch\u00e2teau, qui est en territoire fran\u00e7ais. Il y avait ce soir-l\u00e0 bal dans une auberge de Montreux-Ch\u00e2teau. D&rsquo;apr\u00e8s la version allemande, les jeunes gens du village fran\u00e7ais, parmi lesquels se trouvaient quelques soldats en cong\u00e9, franchirent la fronti\u00e8re, guett\u00e8rent le retour des fonctionnaires et attaqu\u00e8rent. ceux-ci sur le territoire annex\u00e9. Un jeune employ\u00e9 des chemins de fer fut gri\u00e8vement bless\u00e9 et transport\u00e9 sans con naissance \u00e0 Montreux-Vieux. La police allemande avisa tout de suite les gendarmes fran\u00e7ais, qui auraient d\u00e9j\u00e0 proc\u00e9d\u00e9 \u00e0 une enqu\u00eate. La version .fran\u00e7aise sur cet incident de fronti\u00e8re n&rsquo;est pas encore connue.<\/p>\n<p>Sources\u00a0: Le Si\u00e8cle 22 d\u00e9cembre 1911<\/p>\n","protected":false},"excerpt":{"rendered":"<p>Incident de fronti\u00e8re \u00e0 Montreux-Vieux 22 d\u00e9cembre 1911 Plusieurs journaux annoncent que les autorit\u00e9s fran\u00e7aises et allemandes ont ouvert une enqu\u00eate au sujet d\u2019un incident de fronti\u00e8re qui remonte \u00e0 la nuit de dimanche \u00e0 lundi. Nombre de fonctionnaires allemands &hellip; <a href=\"https:\/\/montreux-vieux.net\/?page_id=2136\">Continuer la lecture <span class=\"meta-nav\">&rarr;<\/span><\/a><\/p>\n","protected":false},"author":1,"featured_media":0,"parent":13130,"menu_order":2,"comment_status":"open","ping_status":"open","template":"","meta":{"footnotes":""},"class_list":["post-2136","page","type-page","status-publish","hentry"],"_links":{"self":[{"href":"https:\/\/montreux-vieux.net\/index.php?rest_route=\/wp\/v2\/pages\/2136","targetHints":{"allow":["GET"]}}],"collection":[{"href":"https:\/\/montreux-vieux.net\/index.php?rest_route=\/wp\/v2\/pages"}],"about":[{"href":"https:\/\/montreux-vieux.net\/index.php?rest_route=\/wp\/v2\/types\/page"}],"author":[{"embeddable":true,"href":"https:\/\/montreux-vieux.net\/index.php?rest_route=\/wp\/v2\/users\/1"}],"replies":[{"embeddable":true,"href":"https:\/\/montreux-vieux.net\/index.php?rest_route=%2Fwp%2Fv2%2Fcomments&post=2136"}],"version-history":[{"count":6,"href":"https:\/\/montreux-vieux.net\/index.php?rest_route=\/wp\/v2\/pages\/2136\/revisions"}],"predecessor-version":[{"id":21345,"href":"https:\/\/montreux-vieux.net\/index.php?rest_route=\/wp\/v2\/pages\/2136\/revisions\/21345"}],"up":[{"embeddable":true,"href":"https:\/\/montreux-vieux.net\/index.php?rest_route=\/wp\/v2\/pages\/13130"}],"wp:attachment":[{"href":"https:\/\/montreux-vieux.net\/index.php?rest_route=%2Fwp%2Fv2%2Fmedia&parent=2136"}],"curies":[{"name":"wp","href":"https:\/\/api.w.org\/{rel}","templated":true}]}}