{"id":21370,"date":"2020-10-04T09:45:02","date_gmt":"2020-10-04T08:45:02","guid":{"rendered":"http:\/\/montreux-vieux.net\/?page_id=21370"},"modified":"2020-10-04T09:45:02","modified_gmt":"2020-10-04T08:45:02","slug":"mouvement-de-transit-considerable-a-montreux-vieux","status":"publish","type":"page","link":"https:\/\/montreux-vieux.net\/?page_id=21370","title":{"rendered":"Mouvement de transit consid\u00e9rable \u00e0 Montreux-Vieux"},"content":{"rendered":"\n<p>Altm\u00fcnsterol, (Montreux-Vieux). \u2014 On nous \u00e9crit le 24 : Le mouvement du transit par notre gare prend de nouveau les proportions consid\u00e9rables qu&rsquo;il avait autrefois, et depuis quelque temps l\u2019administration des chemins de fer se voit oblig\u00e9e d\u2019organiser de nombreux trains sp\u00e9ciaux pour acc\u00e9l\u00e9rer le transport des marchandises et en \u00e9viter l&rsquo;encombrement. Le b\u00e9tail venant de France, fait surtout l\u2019objet d\u2019un grand trafic, et chaque train emm\u00e8ne plusieurs wagons charg\u00e9s de porcs \u00e0 destination de Mulhouse. Par contre, des trains entiers de bois de construction provenant de nos scieries alsaciennes, passent journellement ici, \u00e0 destination de la France.<\/p>\n\n\n\n<p>Sources&nbsp;: Express 25 octobre 1890<\/p>\n","protected":false},"excerpt":{"rendered":"<p>Altm\u00fcnsterol, (Montreux-Vieux). \u2014 On nous \u00e9crit le 24 : Le mouvement du transit par notre gare prend de nouveau les proportions consid\u00e9rables qu&rsquo;il avait autrefois, et depuis quelque temps l\u2019administration des chemins de fer se voit oblig\u00e9e d\u2019organiser de nombreux &hellip; <a href=\"https:\/\/montreux-vieux.net\/?page_id=21370\">Continuer la lecture <span class=\"meta-nav\">&rarr;<\/span><\/a><\/p>\n","protected":false},"author":1,"featured_media":0,"parent":13007,"menu_order":135,"comment_status":"closed","ping_status":"open","template":"","meta":{"footnotes":""},"class_list":["post-21370","page","type-page","status-publish","hentry"],"_links":{"self":[{"href":"https:\/\/montreux-vieux.net\/index.php?rest_route=\/wp\/v2\/pages\/21370","targetHints":{"allow":["GET"]}}],"collection":[{"href":"https:\/\/montreux-vieux.net\/index.php?rest_route=\/wp\/v2\/pages"}],"about":[{"href":"https:\/\/montreux-vieux.net\/index.php?rest_route=\/wp\/v2\/types\/page"}],"author":[{"embeddable":true,"href":"https:\/\/montreux-vieux.net\/index.php?rest_route=\/wp\/v2\/users\/1"}],"replies":[{"embeddable":true,"href":"https:\/\/montreux-vieux.net\/index.php?rest_route=%2Fwp%2Fv2%2Fcomments&post=21370"}],"version-history":[{"count":1,"href":"https:\/\/montreux-vieux.net\/index.php?rest_route=\/wp\/v2\/pages\/21370\/revisions"}],"predecessor-version":[{"id":21371,"href":"https:\/\/montreux-vieux.net\/index.php?rest_route=\/wp\/v2\/pages\/21370\/revisions\/21371"}],"up":[{"embeddable":true,"href":"https:\/\/montreux-vieux.net\/index.php?rest_route=\/wp\/v2\/pages\/13007"}],"wp:attachment":[{"href":"https:\/\/montreux-vieux.net\/index.php?rest_route=%2Fwp%2Fv2%2Fmedia&parent=21370"}],"curies":[{"name":"wp","href":"https:\/\/api.w.org\/{rel}","templated":true}]}}