{"id":21373,"date":"2020-10-04T09:48:13","date_gmt":"2020-10-04T08:48:13","guid":{"rendered":"http:\/\/montreux-vieux.net\/?page_id=21373"},"modified":"2020-10-04T09:48:27","modified_gmt":"2020-10-04T08:48:27","slug":"des-wagons-charges-de-liege","status":"publish","type":"page","link":"https:\/\/montreux-vieux.net\/?page_id=21373","title":{"rendered":"Des wagons charg\u00e9s de li\u00e8ge"},"content":{"rendered":"\n<p>\u00a0Alt-M\u00fcnsterol ( Montreux-Vieux). \u2014 On nous \u00e9crit le 13 : Depuis quelque temps il passe par notre gare quantit\u00e9 de wagons charg\u00e9s de li\u00e8ge venant d\u2019Espagne. Ces chargements\u00a0 sont destin\u00e9s aux fabriques de linol\u00e9um de Leipzig, de Ludwigshafen et de Verviers. Un seul de nos exp\u00e9diteurs en a re\u00e7u pour sa part 50,000 kilos, qui encombrent ses magasins, car le manque de mat\u00e9riel, r\u00e9sultat de la grande extension du trafic, fait que les exp\u00e9ditions s\u2019op\u00e8rent bien lentement.<\/p>\n\n\n\n<p>Sources&nbsp;: L\u2019Express 13 d\u00e9cembre 1889<\/p>\n","protected":false},"excerpt":{"rendered":"<p>\u00a0Alt-M\u00fcnsterol ( Montreux-Vieux). \u2014 On nous \u00e9crit le 13 : Depuis quelque temps il passe par notre gare quantit\u00e9 de wagons charg\u00e9s de li\u00e8ge venant d\u2019Espagne. Ces chargements\u00a0 sont destin\u00e9s aux fabriques de linol\u00e9um de Leipzig, de Ludwigshafen et de &hellip; <a href=\"https:\/\/montreux-vieux.net\/?page_id=21373\">Continuer la lecture <span class=\"meta-nav\">&rarr;<\/span><\/a><\/p>\n","protected":false},"author":1,"featured_media":0,"parent":13007,"menu_order":140,"comment_status":"closed","ping_status":"open","template":"","meta":{"footnotes":""},"class_list":["post-21373","page","type-page","status-publish","hentry"],"_links":{"self":[{"href":"https:\/\/montreux-vieux.net\/index.php?rest_route=\/wp\/v2\/pages\/21373","targetHints":{"allow":["GET"]}}],"collection":[{"href":"https:\/\/montreux-vieux.net\/index.php?rest_route=\/wp\/v2\/pages"}],"about":[{"href":"https:\/\/montreux-vieux.net\/index.php?rest_route=\/wp\/v2\/types\/page"}],"author":[{"embeddable":true,"href":"https:\/\/montreux-vieux.net\/index.php?rest_route=\/wp\/v2\/users\/1"}],"replies":[{"embeddable":true,"href":"https:\/\/montreux-vieux.net\/index.php?rest_route=%2Fwp%2Fv2%2Fcomments&post=21373"}],"version-history":[{"count":2,"href":"https:\/\/montreux-vieux.net\/index.php?rest_route=\/wp\/v2\/pages\/21373\/revisions"}],"predecessor-version":[{"id":21375,"href":"https:\/\/montreux-vieux.net\/index.php?rest_route=\/wp\/v2\/pages\/21373\/revisions\/21375"}],"up":[{"embeddable":true,"href":"https:\/\/montreux-vieux.net\/index.php?rest_route=\/wp\/v2\/pages\/13007"}],"wp:attachment":[{"href":"https:\/\/montreux-vieux.net\/index.php?rest_route=%2Fwp%2Fv2%2Fmedia&parent=21373"}],"curies":[{"name":"wp","href":"https:\/\/api.w.org\/{rel}","templated":true}]}}