{"id":21377,"date":"2020-10-04T09:52:26","date_gmt":"2020-10-04T08:52:26","guid":{"rendered":"http:\/\/montreux-vieux.net\/?page_id=21377"},"modified":"2020-10-04T09:52:26","modified_gmt":"2020-10-04T08:52:26","slug":"augmentation-des-trains-de-marchandises","status":"publish","type":"page","link":"https:\/\/montreux-vieux.net\/?page_id=21377","title":{"rendered":"Augmentation des trains de marchandises"},"content":{"rendered":"\n<p>Alt-Munsterol (Montreux Vieux). \u2014 On nous \u00e9crit : Le nombre des trains de marchandises qui nous arrivent de France a augment\u00e9, tandis que le service des voyageurs a diminu\u00e9. La laine et les \u00e9corces d\u2019arbre particuli\u00e8rement passent en grande quantit\u00e9 ; presque chaque convoi am\u00e8ne trente-cinq \u00e0 quarante wagons charg\u00e9s de cette derni\u00e8re marchandise. Lee trains r\u00e9guliers ce suffisant pas toujours et l\u2019on est oblig\u00e9 souvent d\u2019en organiser de suppl\u00e9mentaires.<\/p>\n\n\n\n<p>Ces convois sont dirig\u00e9s directement sur Mulhouse.<\/p>\n\n\n\n<p>Sources Express 14 juin 1888<\/p>\n","protected":false},"excerpt":{"rendered":"<p>Alt-Munsterol (Montreux Vieux). \u2014 On nous \u00e9crit : Le nombre des trains de marchandises qui nous arrivent de France a augment\u00e9, tandis que le service des voyageurs a diminu\u00e9. La laine et les \u00e9corces d\u2019arbre particuli\u00e8rement passent en grande quantit\u00e9 &hellip; <a href=\"https:\/\/montreux-vieux.net\/?page_id=21377\">Continuer la lecture <span class=\"meta-nav\">&rarr;<\/span><\/a><\/p>\n","protected":false},"author":1,"featured_media":0,"parent":13007,"menu_order":145,"comment_status":"closed","ping_status":"open","template":"","meta":{"footnotes":""},"class_list":["post-21377","page","type-page","status-publish","hentry"],"_links":{"self":[{"href":"https:\/\/montreux-vieux.net\/index.php?rest_route=\/wp\/v2\/pages\/21377","targetHints":{"allow":["GET"]}}],"collection":[{"href":"https:\/\/montreux-vieux.net\/index.php?rest_route=\/wp\/v2\/pages"}],"about":[{"href":"https:\/\/montreux-vieux.net\/index.php?rest_route=\/wp\/v2\/types\/page"}],"author":[{"embeddable":true,"href":"https:\/\/montreux-vieux.net\/index.php?rest_route=\/wp\/v2\/users\/1"}],"replies":[{"embeddable":true,"href":"https:\/\/montreux-vieux.net\/index.php?rest_route=%2Fwp%2Fv2%2Fcomments&post=21377"}],"version-history":[{"count":1,"href":"https:\/\/montreux-vieux.net\/index.php?rest_route=\/wp\/v2\/pages\/21377\/revisions"}],"predecessor-version":[{"id":21378,"href":"https:\/\/montreux-vieux.net\/index.php?rest_route=\/wp\/v2\/pages\/21377\/revisions\/21378"}],"up":[{"embeddable":true,"href":"https:\/\/montreux-vieux.net\/index.php?rest_route=\/wp\/v2\/pages\/13007"}],"wp:attachment":[{"href":"https:\/\/montreux-vieux.net\/index.php?rest_route=%2Fwp%2Fv2%2Fmedia&parent=21377"}],"curies":[{"name":"wp","href":"https:\/\/api.w.org\/{rel}","templated":true}]}}