{"id":21396,"date":"2020-10-06T15:33:21","date_gmt":"2020-10-06T14:33:21","guid":{"rendered":"http:\/\/montreux-vieux.net\/?page_id=21396"},"modified":"2020-10-06T15:33:21","modified_gmt":"2020-10-06T14:33:21","slug":"wagons-de-la-p-l-m","status":"publish","type":"page","link":"https:\/\/montreux-vieux.net\/?page_id=21396","title":{"rendered":"Wagons de la P.L.M."},"content":{"rendered":"\n<p>Alt-M\u00fcnstbrol (Montreux-Vieux). \u2014On noue \u00e9crit le 1er mars ; Notre gare est en ce moment encombr\u00e9e de wagons de La compagnie fran\u00e7aise P.-L.-M que I\u2019administration &nbsp;des chemins de fer autrichiens avait emprunt\u00e9s o\u00f9 lou\u00e9s \u00e0 cette derni\u00e8re et qui lui font retour aujourd\u2019hui. Plus de &nbsp;400 de ces v\u00e9hicules ont pass\u00e9 par ici depuis quelques jours&nbsp;; De nombreux ouvriers sont occup\u00e9s en ce moment \u00e0 fixer le talus de la ligne ferr\u00e9e&nbsp; entre Dannemarie et Montreux-Vieux, et \u00e0 couper les acacias qui y \u00e9taient plant\u00e9s. &nbsp;Le bois ainsi obtenu est li\u00e9 en fagots et transport\u00e9 \u00e0 Mulhouse o\u00f9 il est vendu &nbsp;aux ench\u00e8res par les soins de l&rsquo;administration.<\/p>\n\n\n\n<p>Nous avons eu la semaine derni\u00e8re la visite de la Direction g\u00e9n\u00e9rale des chemins de fer. Cette visite se rattache parait-il, \u00e0 une prochaine modification de l\u2019horaire actuellement en vigueur.<\/p>\n\n\n\n<p>Sources&nbsp;: Express 2 mars 1889<\/p>\n","protected":false},"excerpt":{"rendered":"<p>Alt-M\u00fcnstbrol (Montreux-Vieux). \u2014On noue \u00e9crit le 1er mars ; Notre gare est en ce moment encombr\u00e9e de wagons de La compagnie fran\u00e7aise P.-L.-M que I\u2019administration &nbsp;des chemins de fer autrichiens avait emprunt\u00e9s o\u00f9 lou\u00e9s \u00e0 cette derni\u00e8re et qui lui &hellip; <a href=\"https:\/\/montreux-vieux.net\/?page_id=21396\">Continuer la lecture <span class=\"meta-nav\">&rarr;<\/span><\/a><\/p>\n","protected":false},"author":1,"featured_media":0,"parent":13007,"menu_order":155,"comment_status":"closed","ping_status":"open","template":"","meta":{"footnotes":""},"class_list":["post-21396","page","type-page","status-publish","hentry"],"_links":{"self":[{"href":"https:\/\/montreux-vieux.net\/index.php?rest_route=\/wp\/v2\/pages\/21396","targetHints":{"allow":["GET"]}}],"collection":[{"href":"https:\/\/montreux-vieux.net\/index.php?rest_route=\/wp\/v2\/pages"}],"about":[{"href":"https:\/\/montreux-vieux.net\/index.php?rest_route=\/wp\/v2\/types\/page"}],"author":[{"embeddable":true,"href":"https:\/\/montreux-vieux.net\/index.php?rest_route=\/wp\/v2\/users\/1"}],"replies":[{"embeddable":true,"href":"https:\/\/montreux-vieux.net\/index.php?rest_route=%2Fwp%2Fv2%2Fcomments&post=21396"}],"version-history":[{"count":1,"href":"https:\/\/montreux-vieux.net\/index.php?rest_route=\/wp\/v2\/pages\/21396\/revisions"}],"predecessor-version":[{"id":21397,"href":"https:\/\/montreux-vieux.net\/index.php?rest_route=\/wp\/v2\/pages\/21396\/revisions\/21397"}],"up":[{"embeddable":true,"href":"https:\/\/montreux-vieux.net\/index.php?rest_route=\/wp\/v2\/pages\/13007"}],"wp:attachment":[{"href":"https:\/\/montreux-vieux.net\/index.php?rest_route=%2Fwp%2Fv2%2Fmedia&parent=21396"}],"curies":[{"name":"wp","href":"https:\/\/api.w.org\/{rel}","templated":true}]}}