{"id":21399,"date":"2020-10-06T15:46:08","date_gmt":"2020-10-06T14:46:08","guid":{"rendered":"http:\/\/montreux-vieux.net\/?page_id=21399"},"modified":"2020-10-06T15:46:08","modified_gmt":"2020-10-06T14:46:08","slug":"un-employe-de-la-compagnie-de-lest-a-ete-affreusement-mutile","status":"publish","type":"page","link":"https:\/\/montreux-vieux.net\/?page_id=21399","title":{"rendered":"Un employ\u00e9 de la compagnie de l&rsquo;Est a \u00e9t\u00e9 affreusement mutil\u00e9"},"content":{"rendered":"\n<p>Montreux-Vieux. \u2014 Dimanche matin, au moment ou le premier train venant de Belfort est entr\u00e9 en gare de Petit Croix, un employ\u00e9 de la compagnie de l&rsquo;Est a \u00e9t\u00e9 affreusement mutil\u00e9. Les voyageurs qui occupaient le train n\u2019ont pu savoir s&rsquo;il est tomb\u00e9 sous les roues, ou s il a \u00e9t\u00e9 tamponn\u00e9. Transport\u00e9 dans le b\u00e2timent de la gare, il a \u00e9t\u00e9 dirig\u00e9 en toute h\u00e2te sur l&rsquo;h\u00f4pital de Belfort. C&rsquo;est, dit-on, un Alsacien habitant avec sa m\u00e8re la commune de Petit-Croix. Cette derni\u00e8re, avertie aussit\u00f4t de l&rsquo;accident, s\u2019est rendue \u00e0 Belfort cet apr\u00e8s-midi en compagnie d\u2019un employ\u00e9 pu peut-\u00eatre pour ne plus trouver en vie son unique enfant<\/p>\n\n\n\n<p>Sources&nbsp;: Express 25 janvier 1884<\/p>\n","protected":false},"excerpt":{"rendered":"<p>Montreux-Vieux. \u2014 Dimanche matin, au moment ou le premier train venant de Belfort est entr\u00e9 en gare de Petit Croix, un employ\u00e9 de la compagnie de l&rsquo;Est a \u00e9t\u00e9 affreusement mutil\u00e9. Les voyageurs qui occupaient le train n\u2019ont pu savoir &hellip; <a href=\"https:\/\/montreux-vieux.net\/?page_id=21399\">Continuer la lecture <span class=\"meta-nav\">&rarr;<\/span><\/a><\/p>\n","protected":false},"author":1,"featured_media":0,"parent":13009,"menu_order":160,"comment_status":"closed","ping_status":"open","template":"","meta":{"footnotes":""},"class_list":["post-21399","page","type-page","status-publish","hentry"],"_links":{"self":[{"href":"https:\/\/montreux-vieux.net\/index.php?rest_route=\/wp\/v2\/pages\/21399","targetHints":{"allow":["GET"]}}],"collection":[{"href":"https:\/\/montreux-vieux.net\/index.php?rest_route=\/wp\/v2\/pages"}],"about":[{"href":"https:\/\/montreux-vieux.net\/index.php?rest_route=\/wp\/v2\/types\/page"}],"author":[{"embeddable":true,"href":"https:\/\/montreux-vieux.net\/index.php?rest_route=\/wp\/v2\/users\/1"}],"replies":[{"embeddable":true,"href":"https:\/\/montreux-vieux.net\/index.php?rest_route=%2Fwp%2Fv2%2Fcomments&post=21399"}],"version-history":[{"count":1,"href":"https:\/\/montreux-vieux.net\/index.php?rest_route=\/wp\/v2\/pages\/21399\/revisions"}],"predecessor-version":[{"id":21402,"href":"https:\/\/montreux-vieux.net\/index.php?rest_route=\/wp\/v2\/pages\/21399\/revisions\/21402"}],"up":[{"embeddable":true,"href":"https:\/\/montreux-vieux.net\/index.php?rest_route=\/wp\/v2\/pages\/13009"}],"wp:attachment":[{"href":"https:\/\/montreux-vieux.net\/index.php?rest_route=%2Fwp%2Fv2%2Fmedia&parent=21399"}],"curies":[{"name":"wp","href":"https:\/\/api.w.org\/{rel}","templated":true}]}}