{"id":21425,"date":"2020-10-08T15:53:52","date_gmt":"2020-10-08T14:53:52","guid":{"rendered":"http:\/\/montreux-vieux.net\/?page_id=21425"},"modified":"2020-10-08T15:53:52","modified_gmt":"2020-10-08T14:53:52","slug":"inutiles-exploits-des-tauben","status":"publish","type":"page","link":"https:\/\/montreux-vieux.net\/?page_id=21425","title":{"rendered":"Inutiles Exploits des Tauben"},"content":{"rendered":"\n<p>Inutiles Exploits des Tauben B\u00e2le, 15 avril. \u2014 Un taube a op\u00e9r\u00e9 sur Dannemarie. Il a cherch\u00e9 \u00e0 endommager par des bombes le grand viaduc du chemin de fer. Des bombes ont \u00e9galement \u00e9t\u00e9 lanc\u00e9es sur Montreux-Vieux, mars les d\u00e9g\u00e2ts sont insignifiants. Sources\u00a0: La Petite Gironde 16 avril 1915<\/p>\n","protected":false},"excerpt":{"rendered":"<p>Inutiles Exploits des Tauben B\u00e2le, 15 avril. \u2014 Un taube a op\u00e9r\u00e9 sur Dannemarie. Il a cherch\u00e9 \u00e0 endommager par des bombes le grand viaduc du chemin de fer. Des bombes ont \u00e9galement \u00e9t\u00e9 lanc\u00e9es sur Montreux-Vieux, mars les d\u00e9g\u00e2ts &hellip; <a href=\"https:\/\/montreux-vieux.net\/?page_id=21425\">Continuer la lecture <span class=\"meta-nav\">&rarr;<\/span><\/a><\/p>\n","protected":false},"author":1,"featured_media":0,"parent":12673,"menu_order":175,"comment_status":"closed","ping_status":"open","template":"","meta":{"footnotes":""},"class_list":["post-21425","page","type-page","status-publish","hentry"],"_links":{"self":[{"href":"https:\/\/montreux-vieux.net\/index.php?rest_route=\/wp\/v2\/pages\/21425","targetHints":{"allow":["GET"]}}],"collection":[{"href":"https:\/\/montreux-vieux.net\/index.php?rest_route=\/wp\/v2\/pages"}],"about":[{"href":"https:\/\/montreux-vieux.net\/index.php?rest_route=\/wp\/v2\/types\/page"}],"author":[{"embeddable":true,"href":"https:\/\/montreux-vieux.net\/index.php?rest_route=\/wp\/v2\/users\/1"}],"replies":[{"embeddable":true,"href":"https:\/\/montreux-vieux.net\/index.php?rest_route=%2Fwp%2Fv2%2Fcomments&post=21425"}],"version-history":[{"count":1,"href":"https:\/\/montreux-vieux.net\/index.php?rest_route=\/wp\/v2\/pages\/21425\/revisions"}],"predecessor-version":[{"id":21426,"href":"https:\/\/montreux-vieux.net\/index.php?rest_route=\/wp\/v2\/pages\/21425\/revisions\/21426"}],"up":[{"embeddable":true,"href":"https:\/\/montreux-vieux.net\/index.php?rest_route=\/wp\/v2\/pages\/12673"}],"wp:attachment":[{"href":"https:\/\/montreux-vieux.net\/index.php?rest_route=%2Fwp%2Fv2%2Fmedia&parent=21425"}],"curies":[{"name":"wp","href":"https:\/\/api.w.org\/{rel}","templated":true}]}}