{"id":21440,"date":"2020-10-09T08:26:52","date_gmt":"2020-10-09T07:26:52","guid":{"rendered":"http:\/\/montreux-vieux.net\/?page_id=21440"},"modified":"2020-10-09T08:26:52","modified_gmt":"2020-10-09T07:26:52","slug":"six-semaine-de-prison-pour-le-buffetier","status":"publish","type":"page","link":"https:\/\/montreux-vieux.net\/?page_id=21440","title":{"rendered":"Six semaine de prison pour le buffetier"},"content":{"rendered":"\n<p>Dans la nuit du 12 juillet dernier, un employ\u00e9 de M. Laible, exp\u00e9diteur \u00e0 Montreux-Vieux f\u00ealait au buffet de la gare, en compagnie de son patron et de deux de ses camarades, son prochain d\u00e9part de la localit\u00e9. Le buffetier, nomm\u00e9 Thambka, voyant que ses h\u00f4tes commen\u00e7aient \u00e0 s\u2019echauffer all\u00e9gua le couve-feu pour les faire \u00e9vacuer le local et au moment o\u00f9 ceux-ci quittaient la salle, il lan\u00e7a quelques \u00e9pith\u00e8tes malsonnantes \u00e0 l\u2019adresse de Laible qui riposta. Thambka saisit alors une bouteille avec laquelle il frappa son adversaire \u00e0 la t\u00e8te avec une telle force que la bouteille se brisa, blessant encore les employ\u00e9s accourus au secours de leur patron. Les \u00e9chevins de Dannemarie avaient condamn\u00e9 Thambka \u00e0 une amende de 120 mark et \u00e0 150 mark de dommages int\u00e9r\u00eats en faveur des bless\u00e9s. Thambka ayant interjet\u00e9 appel de ee jugement, le tribunal lui inflige aujourd\u2019hui six senaines de prison et le condamne en outre \u00e0 payer \u00e0 l\u2019un des bless\u00e9s 35 mark, \u00e0 l\u2019autre 150 m. de dommages-int\u00e9r\u00eats.<\/p>\n\n\n\n<p>Sources&nbsp;: Express 31 octobre 1891<\/p>\n","protected":false},"excerpt":{"rendered":"<p>Dans la nuit du 12 juillet dernier, un employ\u00e9 de M. Laible, exp\u00e9diteur \u00e0 Montreux-Vieux f\u00ealait au buffet de la gare, en compagnie de son patron et de deux de ses camarades, son prochain d\u00e9part de la localit\u00e9. Le buffetier, &hellip; <a href=\"https:\/\/montreux-vieux.net\/?page_id=21440\">Continuer la lecture <span class=\"meta-nav\">&rarr;<\/span><\/a><\/p>\n","protected":false},"author":1,"featured_media":0,"parent":13044,"menu_order":745,"comment_status":"closed","ping_status":"open","template":"","meta":{"footnotes":""},"class_list":["post-21440","page","type-page","status-publish","hentry"],"_links":{"self":[{"href":"https:\/\/montreux-vieux.net\/index.php?rest_route=\/wp\/v2\/pages\/21440","targetHints":{"allow":["GET"]}}],"collection":[{"href":"https:\/\/montreux-vieux.net\/index.php?rest_route=\/wp\/v2\/pages"}],"about":[{"href":"https:\/\/montreux-vieux.net\/index.php?rest_route=\/wp\/v2\/types\/page"}],"author":[{"embeddable":true,"href":"https:\/\/montreux-vieux.net\/index.php?rest_route=\/wp\/v2\/users\/1"}],"replies":[{"embeddable":true,"href":"https:\/\/montreux-vieux.net\/index.php?rest_route=%2Fwp%2Fv2%2Fcomments&post=21440"}],"version-history":[{"count":1,"href":"https:\/\/montreux-vieux.net\/index.php?rest_route=\/wp\/v2\/pages\/21440\/revisions"}],"predecessor-version":[{"id":21441,"href":"https:\/\/montreux-vieux.net\/index.php?rest_route=\/wp\/v2\/pages\/21440\/revisions\/21441"}],"up":[{"embeddable":true,"href":"https:\/\/montreux-vieux.net\/index.php?rest_route=\/wp\/v2\/pages\/13044"}],"wp:attachment":[{"href":"https:\/\/montreux-vieux.net\/index.php?rest_route=%2Fwp%2Fv2%2Fmedia&parent=21440"}],"curies":[{"name":"wp","href":"https:\/\/api.w.org\/{rel}","templated":true}]}}