{"id":21443,"date":"2020-10-09T08:39:31","date_gmt":"2020-10-09T07:39:31","guid":{"rendered":"http:\/\/montreux-vieux.net\/?page_id=21443"},"modified":"2020-10-10T09:36:49","modified_gmt":"2020-10-10T08:36:49","slug":"21443-2","status":"publish","type":"page","link":"https:\/\/montreux-vieux.net\/?page_id=21443","title":{"rendered":"M. Lailbl\u00e9 est r\u00e9\u00e9lu maire"},"content":{"rendered":"\n<p>MONTREUX-VIEUX, 29 juin. \u2014 Le parti du progr\u00e8s a remport\u00e9 la victoire aux \u00e9lections municipales d\u2019hier. M. Laibl\u00e9, maire, est r\u00e9\u00e9lu par 154 voix sur 179.<\/p>\n\n\n\n<p>Sources&nbsp;: Express 30 juin 1908<\/p>\n","protected":false},"excerpt":{"rendered":"<p>MONTREUX-VIEUX, 29 juin. \u2014 Le parti du progr\u00e8s a remport\u00e9 la victoire aux \u00e9lections municipales d\u2019hier. M. Laibl\u00e9, maire, est r\u00e9\u00e9lu par 154 voix sur 179. Sources&nbsp;: Express 30 juin 1908<\/p>\n","protected":false},"author":1,"featured_media":0,"parent":21303,"menu_order":20,"comment_status":"closed","ping_status":"open","template":"","meta":{"footnotes":""},"class_list":["post-21443","page","type-page","status-publish","hentry"],"_links":{"self":[{"href":"https:\/\/montreux-vieux.net\/index.php?rest_route=\/wp\/v2\/pages\/21443","targetHints":{"allow":["GET"]}}],"collection":[{"href":"https:\/\/montreux-vieux.net\/index.php?rest_route=\/wp\/v2\/pages"}],"about":[{"href":"https:\/\/montreux-vieux.net\/index.php?rest_route=\/wp\/v2\/types\/page"}],"author":[{"embeddable":true,"href":"https:\/\/montreux-vieux.net\/index.php?rest_route=\/wp\/v2\/users\/1"}],"replies":[{"embeddable":true,"href":"https:\/\/montreux-vieux.net\/index.php?rest_route=%2Fwp%2Fv2%2Fcomments&post=21443"}],"version-history":[{"count":2,"href":"https:\/\/montreux-vieux.net\/index.php?rest_route=\/wp\/v2\/pages\/21443\/revisions"}],"predecessor-version":[{"id":21453,"href":"https:\/\/montreux-vieux.net\/index.php?rest_route=\/wp\/v2\/pages\/21443\/revisions\/21453"}],"up":[{"embeddable":true,"href":"https:\/\/montreux-vieux.net\/index.php?rest_route=\/wp\/v2\/pages\/21303"}],"wp:attachment":[{"href":"https:\/\/montreux-vieux.net\/index.php?rest_route=%2Fwp%2Fv2%2Fmedia&parent=21443"}],"curies":[{"name":"wp","href":"https:\/\/api.w.org\/{rel}","templated":true}]}}