{"id":21446,"date":"2020-10-10T09:16:14","date_gmt":"2020-10-10T08:16:14","guid":{"rendered":"http:\/\/montreux-vieux.net\/?page_id=21446"},"modified":"2020-10-10T09:16:14","modified_gmt":"2020-10-10T08:16:14","slug":"cruel-accident","status":"publish","type":"page","link":"https:\/\/montreux-vieux.net\/?page_id=21446","title":{"rendered":"Cruel accident"},"content":{"rendered":"\n<p>Montreux-Vieux. \u2014 On nous \u00e9crit le 6 d\u00e9cembre : Le chauffeur Charles Wolff, de Mulhouse, a \u00e9t\u00e9 victime d&rsquo;un cruel accident, en nettoyant le cylindre de verre qui surmonte la lampe de sa locomotive. Ce verre s\u2019\u00e9tant bris\u00e9, Wollf a eu l\u2019art\u00e8re du poignet gauche coup\u00e9e et a d\u00fb \u00eatre transport\u00e9 \u00e0 l\u2019h\u00f4pital de Dannemarie, apr\u00e8s que le docteur Breislinger, m\u00e9decin du chemin de fer, lui eut appliqu\u00e9 un bandage provisoire<\/p>\n\n\n\n<p>Sources&nbsp;: Express 6 d\u00e9cembre 1891<\/p>\n","protected":false},"excerpt":{"rendered":"<p>Montreux-Vieux. \u2014 On nous \u00e9crit le 6 d\u00e9cembre : Le chauffeur Charles Wolff, de Mulhouse, a \u00e9t\u00e9 victime d&rsquo;un cruel accident, en nettoyant le cylindre de verre qui surmonte la lampe de sa locomotive. Ce verre s\u2019\u00e9tant bris\u00e9, Wollf a &hellip; <a href=\"https:\/\/montreux-vieux.net\/?page_id=21446\">Continuer la lecture <span class=\"meta-nav\">&rarr;<\/span><\/a><\/p>\n","protected":false},"author":1,"featured_media":0,"parent":13009,"menu_order":165,"comment_status":"closed","ping_status":"open","template":"","meta":{"footnotes":""},"class_list":["post-21446","page","type-page","status-publish","hentry"],"_links":{"self":[{"href":"https:\/\/montreux-vieux.net\/index.php?rest_route=\/wp\/v2\/pages\/21446","targetHints":{"allow":["GET"]}}],"collection":[{"href":"https:\/\/montreux-vieux.net\/index.php?rest_route=\/wp\/v2\/pages"}],"about":[{"href":"https:\/\/montreux-vieux.net\/index.php?rest_route=\/wp\/v2\/types\/page"}],"author":[{"embeddable":true,"href":"https:\/\/montreux-vieux.net\/index.php?rest_route=\/wp\/v2\/users\/1"}],"replies":[{"embeddable":true,"href":"https:\/\/montreux-vieux.net\/index.php?rest_route=%2Fwp%2Fv2%2Fcomments&post=21446"}],"version-history":[{"count":1,"href":"https:\/\/montreux-vieux.net\/index.php?rest_route=\/wp\/v2\/pages\/21446\/revisions"}],"predecessor-version":[{"id":21447,"href":"https:\/\/montreux-vieux.net\/index.php?rest_route=\/wp\/v2\/pages\/21446\/revisions\/21447"}],"up":[{"embeddable":true,"href":"https:\/\/montreux-vieux.net\/index.php?rest_route=\/wp\/v2\/pages\/13009"}],"wp:attachment":[{"href":"https:\/\/montreux-vieux.net\/index.php?rest_route=%2Fwp%2Fv2%2Fmedia&parent=21446"}],"curies":[{"name":"wp","href":"https:\/\/api.w.org\/{rel}","templated":true}]}}