{"id":21449,"date":"2020-10-10T09:22:43","date_gmt":"2020-10-10T08:22:43","guid":{"rendered":"http:\/\/montreux-vieux.net\/?page_id=21449"},"modified":"2020-10-10T09:22:55","modified_gmt":"2020-10-10T08:22:55","slug":"augmentation-des-droits-dentree-sur-les-cereales-en-france","status":"publish","type":"page","link":"https:\/\/montreux-vieux.net\/?page_id=21449","title":{"rendered":"Augmentation des droits d\u2019entr\u00e9e sur les c\u00e9r\u00e9ales en France"},"content":{"rendered":"\n<p>Montreux Vieux. \u2014 On nous \u00e9crit le 2 : En pr\u00e9vision de l&rsquo;augmentation des droits d\u2019entr\u00e9e sur les c\u00e9r\u00e9ales en France, le transit des bl\u00e9s par l\u2019Allemagne du Sud est devenu consid\u00e9rable. Il a pass\u00e9, hier, \u00e0 Montreux Vieux, un train sp\u00e9cial compos\u00e9 de trente voitures charg\u00e9es de bl\u00e9s venant du Palatinat et se dirigeant vers Petit Croix.<\/p>\n\n\n\n<p>Sources&nbsp;: Express 3 f\u00e9vrier 1894<\/p>\n","protected":false},"excerpt":{"rendered":"<p>Montreux Vieux. \u2014 On nous \u00e9crit le 2 : En pr\u00e9vision de l&rsquo;augmentation des droits d\u2019entr\u00e9e sur les c\u00e9r\u00e9ales en France, le transit des bl\u00e9s par l\u2019Allemagne du Sud est devenu consid\u00e9rable. Il a pass\u00e9, hier, \u00e0 Montreux Vieux, un &hellip; <a href=\"https:\/\/montreux-vieux.net\/?page_id=21449\">Continuer la lecture <span class=\"meta-nav\">&rarr;<\/span><\/a><\/p>\n","protected":false},"author":1,"featured_media":0,"parent":13007,"menu_order":175,"comment_status":"closed","ping_status":"open","template":"","meta":{"footnotes":""},"class_list":["post-21449","page","type-page","status-publish","hentry"],"_links":{"self":[{"href":"https:\/\/montreux-vieux.net\/index.php?rest_route=\/wp\/v2\/pages\/21449","targetHints":{"allow":["GET"]}}],"collection":[{"href":"https:\/\/montreux-vieux.net\/index.php?rest_route=\/wp\/v2\/pages"}],"about":[{"href":"https:\/\/montreux-vieux.net\/index.php?rest_route=\/wp\/v2\/types\/page"}],"author":[{"embeddable":true,"href":"https:\/\/montreux-vieux.net\/index.php?rest_route=\/wp\/v2\/users\/1"}],"replies":[{"embeddable":true,"href":"https:\/\/montreux-vieux.net\/index.php?rest_route=%2Fwp%2Fv2%2Fcomments&post=21449"}],"version-history":[{"count":2,"href":"https:\/\/montreux-vieux.net\/index.php?rest_route=\/wp\/v2\/pages\/21449\/revisions"}],"predecessor-version":[{"id":21451,"href":"https:\/\/montreux-vieux.net\/index.php?rest_route=\/wp\/v2\/pages\/21449\/revisions\/21451"}],"up":[{"embeddable":true,"href":"https:\/\/montreux-vieux.net\/index.php?rest_route=\/wp\/v2\/pages\/13007"}],"wp:attachment":[{"href":"https:\/\/montreux-vieux.net\/index.php?rest_route=%2Fwp%2Fv2%2Fmedia&parent=21449"}],"curies":[{"name":"wp","href":"https:\/\/api.w.org\/{rel}","templated":true}]}}