{"id":21456,"date":"2020-10-10T09:40:45","date_gmt":"2020-10-10T08:40:45","guid":{"rendered":"http:\/\/montreux-vieux.net\/?page_id=21456"},"modified":"2020-10-10T09:40:45","modified_gmt":"2020-10-10T08:40:45","slug":"election-du-maire-catte-en-1935","status":"publish","type":"page","link":"https:\/\/montreux-vieux.net\/?page_id=21456","title":{"rendered":"Election du Maire Catt\u00e9 en 1935"},"content":{"rendered":"\n<p>MONTREUX-VIEUX Election du maire. \u2014 Au cours de la derni\u00e8re s\u00e9ance du conseil municipal qui s\u2019est tenue hier apr\u00e8s-midi \u00e0 la mairie il fut proc\u00e9d\u00e9 \u00e0 l\u2019\u00e9lection du maire, et des adjoints. M. Catt\u00e9, maire sortant, a \u00e9t\u00e9 r\u00e9\u00e9lu \u00e0 l\u2019unanimit\u00e9, ainsi que M. Nabon, adjoint et M. Widemann, adjoint suppl\u00e9mentaire. A l\u2019issue de cette s\u00e9ance le conseil a adress\u00e9 \u00e0 M. Pierre Etienne Flandin, pr\u00e9sident du conseil, le t\u00e9l\u00e9gramme suivant: \u00ab&nbsp; Le conseil municipal de Montreux-Vieux, Haut -Rhin, \u00e0 l\u2019occasion de l\u2019\u00e9lection du maire et des adjoints, adresse au pr\u00e9sident du Conseil. M. Pierre-&nbsp; Etienne Flandin, ses meilleurs v\u0153ux de prompt r\u00e9tablissement afin de pouvoir commuer son \u0153uvre de redressement. Il lui fait confiance ainsi qu\u2019\u00e0 ses deux ministres d\u2019Etat. &#8212; Le maire: Catt\u00e9. \u00bb<\/p>\n\n\n\n<p>Sources&nbsp;: L\u2019Express de Mulhouse 12 mai 1935<\/p>\n","protected":false},"excerpt":{"rendered":"<p>MONTREUX-VIEUX Election du maire. \u2014 Au cours de la derni\u00e8re s\u00e9ance du conseil municipal qui s\u2019est tenue hier apr\u00e8s-midi \u00e0 la mairie il fut proc\u00e9d\u00e9 \u00e0 l\u2019\u00e9lection du maire, et des adjoints. M. Catt\u00e9, maire sortant, a \u00e9t\u00e9 r\u00e9\u00e9lu \u00e0 &hellip; <a href=\"https:\/\/montreux-vieux.net\/?page_id=21456\">Continuer la lecture <span class=\"meta-nav\">&rarr;<\/span><\/a><\/p>\n","protected":false},"author":1,"featured_media":0,"parent":21303,"menu_order":50,"comment_status":"closed","ping_status":"open","template":"","meta":{"footnotes":""},"class_list":["post-21456","page","type-page","status-publish","hentry"],"_links":{"self":[{"href":"https:\/\/montreux-vieux.net\/index.php?rest_route=\/wp\/v2\/pages\/21456","targetHints":{"allow":["GET"]}}],"collection":[{"href":"https:\/\/montreux-vieux.net\/index.php?rest_route=\/wp\/v2\/pages"}],"about":[{"href":"https:\/\/montreux-vieux.net\/index.php?rest_route=\/wp\/v2\/types\/page"}],"author":[{"embeddable":true,"href":"https:\/\/montreux-vieux.net\/index.php?rest_route=\/wp\/v2\/users\/1"}],"replies":[{"embeddable":true,"href":"https:\/\/montreux-vieux.net\/index.php?rest_route=%2Fwp%2Fv2%2Fcomments&post=21456"}],"version-history":[{"count":1,"href":"https:\/\/montreux-vieux.net\/index.php?rest_route=\/wp\/v2\/pages\/21456\/revisions"}],"predecessor-version":[{"id":21457,"href":"https:\/\/montreux-vieux.net\/index.php?rest_route=\/wp\/v2\/pages\/21456\/revisions\/21457"}],"up":[{"embeddable":true,"href":"https:\/\/montreux-vieux.net\/index.php?rest_route=\/wp\/v2\/pages\/21303"}],"wp:attachment":[{"href":"https:\/\/montreux-vieux.net\/index.php?rest_route=%2Fwp%2Fv2%2Fmedia&parent=21456"}],"curies":[{"name":"wp","href":"https:\/\/api.w.org\/{rel}","templated":true}]}}