{"id":21468,"date":"2020-10-11T13:29:03","date_gmt":"2020-10-11T12:29:03","guid":{"rendered":"http:\/\/montreux-vieux.net\/?page_id=21468"},"modified":"2020-10-11T13:29:03","modified_gmt":"2020-10-11T12:29:03","slug":"m-lalloz-refoule-par-le-commissaire-steinmetz","status":"publish","type":"page","link":"https:\/\/montreux-vieux.net\/?page_id=21468","title":{"rendered":"M. Lalloz refoul\u00e9 par le commissaire Steinmetz"},"content":{"rendered":"\n<p>MONTREUX-VIEUX, 10 mai. \u2014 On nous \u00e9crit ; &lt; M. Lalloz, le propri\u00e9taire et tenancier bien et honorablement connu de l\u2019h\u00f4tel Margloff&nbsp; au Ballon d\u2019Alsace , capitaine du 35e d\u2019infanterie en retraite , se proposait d\u2019aller \u00e0 Mulhouse avec sa femme, aujourd&rsquo;hui, par le train de 10 h. du matin, \u00e0 la rencontre d\u00e9parant, lorsqu\u2019\u00e0 Montreux-Vieux (fronti\u00e8re), M. Steinmetz, faisant fonctions de commissaire de police lui interdit le passage et le recula sur France, sous pr\u00e9texte qu\u2019un officier fran\u00e7ais , &lt; m\u00eame en retraite \u00bb, ne peut traverser l\u2019Alsace sans l\u2019autorisation du gouvernement allemand. \u00ab M. Lalloz, originaire de la Haute-Sa\u00f4ne, et retrait\u00e9, n\u2019est-il donc pas un simple particulier?\u00bb Il nous semble que oui et nous aimerions bien savoir, afin de renseigner utilement le public, si le commissaire de Montreux-Vieux a agi en vertu d\u2019instructions sp\u00e9ciales ou s\u2019il a simplement fait exc\u00e8s de z\u00e8le.<\/p>\n\n\n\n<p>Sources&nbsp;: Express 12 mai 1907<\/p>\n","protected":false},"excerpt":{"rendered":"<p>MONTREUX-VIEUX, 10 mai. \u2014 On nous \u00e9crit ; &lt; M. Lalloz, le propri\u00e9taire et tenancier bien et honorablement connu de l\u2019h\u00f4tel Margloff&nbsp; au Ballon d\u2019Alsace , capitaine du 35e d\u2019infanterie en retraite , se proposait d\u2019aller \u00e0 Mulhouse avec sa &hellip; <a href=\"https:\/\/montreux-vieux.net\/?page_id=21468\">Continuer la lecture <span class=\"meta-nav\">&rarr;<\/span><\/a><\/p>\n","protected":false},"author":1,"featured_media":0,"parent":20403,"menu_order":110,"comment_status":"closed","ping_status":"open","template":"","meta":{"footnotes":""},"class_list":["post-21468","page","type-page","status-publish","hentry"],"_links":{"self":[{"href":"https:\/\/montreux-vieux.net\/index.php?rest_route=\/wp\/v2\/pages\/21468","targetHints":{"allow":["GET"]}}],"collection":[{"href":"https:\/\/montreux-vieux.net\/index.php?rest_route=\/wp\/v2\/pages"}],"about":[{"href":"https:\/\/montreux-vieux.net\/index.php?rest_route=\/wp\/v2\/types\/page"}],"author":[{"embeddable":true,"href":"https:\/\/montreux-vieux.net\/index.php?rest_route=\/wp\/v2\/users\/1"}],"replies":[{"embeddable":true,"href":"https:\/\/montreux-vieux.net\/index.php?rest_route=%2Fwp%2Fv2%2Fcomments&post=21468"}],"version-history":[{"count":1,"href":"https:\/\/montreux-vieux.net\/index.php?rest_route=\/wp\/v2\/pages\/21468\/revisions"}],"predecessor-version":[{"id":21469,"href":"https:\/\/montreux-vieux.net\/index.php?rest_route=\/wp\/v2\/pages\/21468\/revisions\/21469"}],"up":[{"embeddable":true,"href":"https:\/\/montreux-vieux.net\/index.php?rest_route=\/wp\/v2\/pages\/20403"}],"wp:attachment":[{"href":"https:\/\/montreux-vieux.net\/index.php?rest_route=%2Fwp%2Fv2%2Fmedia&parent=21468"}],"curies":[{"name":"wp","href":"https:\/\/api.w.org\/{rel}","templated":true}]}}