{"id":21473,"date":"2020-10-11T15:15:26","date_gmt":"2020-10-11T14:15:26","guid":{"rendered":"http:\/\/montreux-vieux.net\/?page_id=21473"},"modified":"2020-10-11T15:15:26","modified_gmt":"2020-10-11T14:15:26","slug":"augmentation-des-voyageurs-et-transport-de-quetsches","status":"publish","type":"page","link":"https:\/\/montreux-vieux.net\/?page_id=21473","title":{"rendered":"Augmentation des voyageurs et transport de quetsches"},"content":{"rendered":"\n<p>Montreux-Vieux, 7 octobre. \u2014 La circulation des voyageurs augmente progressivement depuis le 1er octobre. L\u2019administration se voit oblig\u00e9e de ce lait de renforcer presque tous les trains de quelques voilures. Le trafic des marchandises aussi devient d\u2019une activit\u00e9 remarquable. La France nous envoie du b\u00e9tail en quantit\u00e9. Depuis quelques jours passent ici des wagons entiers charg\u00e9s de quetsches d\u2019Alsace \u00e0 destination de distilleries fran\u00e7aises.<\/p>\n\n\n\n<p>Sources\u00a0: Express 10 octobre 1891<\/p>\n","protected":false},"excerpt":{"rendered":"<p>Montreux-Vieux, 7 octobre. \u2014 La circulation des voyageurs augmente progressivement depuis le 1er octobre. L\u2019administration se voit oblig\u00e9e de ce lait de renforcer presque tous les trains de quelques voilures. Le trafic des marchandises aussi devient d\u2019une activit\u00e9 remarquable. La &hellip; <a href=\"https:\/\/montreux-vieux.net\/?page_id=21473\">Continuer la lecture <span class=\"meta-nav\">&rarr;<\/span><\/a><\/p>\n","protected":false},"author":1,"featured_media":0,"parent":13007,"menu_order":180,"comment_status":"closed","ping_status":"open","template":"","meta":{"footnotes":""},"class_list":["post-21473","page","type-page","status-publish","hentry"],"_links":{"self":[{"href":"https:\/\/montreux-vieux.net\/index.php?rest_route=\/wp\/v2\/pages\/21473","targetHints":{"allow":["GET"]}}],"collection":[{"href":"https:\/\/montreux-vieux.net\/index.php?rest_route=\/wp\/v2\/pages"}],"about":[{"href":"https:\/\/montreux-vieux.net\/index.php?rest_route=\/wp\/v2\/types\/page"}],"author":[{"embeddable":true,"href":"https:\/\/montreux-vieux.net\/index.php?rest_route=\/wp\/v2\/users\/1"}],"replies":[{"embeddable":true,"href":"https:\/\/montreux-vieux.net\/index.php?rest_route=%2Fwp%2Fv2%2Fcomments&post=21473"}],"version-history":[{"count":1,"href":"https:\/\/montreux-vieux.net\/index.php?rest_route=\/wp\/v2\/pages\/21473\/revisions"}],"predecessor-version":[{"id":21474,"href":"https:\/\/montreux-vieux.net\/index.php?rest_route=\/wp\/v2\/pages\/21473\/revisions\/21474"}],"up":[{"embeddable":true,"href":"https:\/\/montreux-vieux.net\/index.php?rest_route=\/wp\/v2\/pages\/13007"}],"wp:attachment":[{"href":"https:\/\/montreux-vieux.net\/index.php?rest_route=%2Fwp%2Fv2%2Fmedia&parent=21473"}],"curies":[{"name":"wp","href":"https:\/\/api.w.org\/{rel}","templated":true}]}}