{"id":21490,"date":"2020-10-12T13:31:48","date_gmt":"2020-10-12T12:31:48","guid":{"rendered":"http:\/\/montreux-vieux.net\/?page_id=21490"},"modified":"2020-10-12T13:31:48","modified_gmt":"2020-10-12T12:31:48","slug":"accident-3","status":"publish","type":"page","link":"https:\/\/montreux-vieux.net\/?page_id=21490","title":{"rendered":"Accident"},"content":{"rendered":"\n<p>Accident. \u2014 Dimanche, vers 22 heures, une moto mont\u00e9e par un ouvrier d&rsquo;usine de Fesches-le-Ch\u00e2tel (Doubs), Th\u00e9ophile Byhr, 27 ans, et sa femme Suzanne Ademin. 29 ans, et marchant \u00e0 vive allure, a heurt\u00e9 le parapet d&rsquo;un pont enjambant la rivi\u00e8re St-Nicolas, sur le territoire de lu commune de Montreux-Ch\u00e2teau.<\/p>\n\n\n\n<p>Les deux passagers qui revenaient de voir des parents \u00e0 Montreux-Vieux ont \u00e9t\u00e9 relev\u00e9s sans connaissance et transport\u00e9s \u00e0 l&rsquo;h\u00f4pital de Belfort o\u00f9 l\u2019on a constat\u00e9 que tous deux avaient le cr\u00e2ne fractur\u00e9.<\/p>\n\n\n\n<p>Aux derni\u00e8res nouvelles leur l\u00e9tal restait tr\u00e8s inqui\u00e9tant.<\/p>\n\n\n\n<p>Sources&nbsp;: Le R\u00e9publicain de Belfort 17 juillet 1935<\/p>\n","protected":false},"excerpt":{"rendered":"<p>Accident. \u2014 Dimanche, vers 22 heures, une moto mont\u00e9e par un ouvrier d&rsquo;usine de Fesches-le-Ch\u00e2tel (Doubs), Th\u00e9ophile Byhr, 27 ans, et sa femme Suzanne Ademin. 29 ans, et marchant \u00e0 vive allure, a heurt\u00e9 le parapet d&rsquo;un pont enjambant la &hellip; <a href=\"https:\/\/montreux-vieux.net\/?page_id=21490\">Continuer la lecture <span class=\"meta-nav\">&rarr;<\/span><\/a><\/p>\n","protected":false},"author":1,"featured_media":0,"parent":13044,"menu_order":750,"comment_status":"closed","ping_status":"open","template":"","meta":{"footnotes":""},"class_list":["post-21490","page","type-page","status-publish","hentry"],"_links":{"self":[{"href":"https:\/\/montreux-vieux.net\/index.php?rest_route=\/wp\/v2\/pages\/21490","targetHints":{"allow":["GET"]}}],"collection":[{"href":"https:\/\/montreux-vieux.net\/index.php?rest_route=\/wp\/v2\/pages"}],"about":[{"href":"https:\/\/montreux-vieux.net\/index.php?rest_route=\/wp\/v2\/types\/page"}],"author":[{"embeddable":true,"href":"https:\/\/montreux-vieux.net\/index.php?rest_route=\/wp\/v2\/users\/1"}],"replies":[{"embeddable":true,"href":"https:\/\/montreux-vieux.net\/index.php?rest_route=%2Fwp%2Fv2%2Fcomments&post=21490"}],"version-history":[{"count":1,"href":"https:\/\/montreux-vieux.net\/index.php?rest_route=\/wp\/v2\/pages\/21490\/revisions"}],"predecessor-version":[{"id":21491,"href":"https:\/\/montreux-vieux.net\/index.php?rest_route=\/wp\/v2\/pages\/21490\/revisions\/21491"}],"up":[{"embeddable":true,"href":"https:\/\/montreux-vieux.net\/index.php?rest_route=\/wp\/v2\/pages\/13044"}],"wp:attachment":[{"href":"https:\/\/montreux-vieux.net\/index.php?rest_route=%2Fwp%2Fv2%2Fmedia&parent=21490"}],"curies":[{"name":"wp","href":"https:\/\/api.w.org\/{rel}","templated":true}]}}