{"id":21493,"date":"2020-10-12T13:35:34","date_gmt":"2020-10-12T12:35:34","guid":{"rendered":"http:\/\/montreux-vieux.net\/?page_id=21493"},"modified":"2020-10-12T13:35:34","modified_gmt":"2020-10-12T12:35:34","slug":"poteaux-de-la-douane-arraches","status":"publish","type":"page","link":"https:\/\/montreux-vieux.net\/?page_id=21493","title":{"rendered":"Poteaux de la douane arrach\u00e9s"},"content":{"rendered":"\n<p>Montreux-Vieux, 14 juin.- Des poteaux allemands de la douane et de la fronti\u00e8re ont \u00e9t\u00e9 arrach\u00e9s et jet\u00e9s dans la rivi\u00e8re, entre Montreux-Vieux et Montreux-Ch\u00e2teau<\/p>\n\n\n\n<p>Les poteaux-fronti\u00e8res se composent; d&rsquo;une colonne de fonte de trois m\u00e8tres de hauteur sur dix centim\u00e8tres de diam\u00e8tre, scell\u00e9e dans une pierre de taille et surmont\u00e9e d&rsquo;un disque blanc de quarante centim\u00e8tres de diam\u00e8tre, bord\u00e9 de rouge et portant en noir l&rsquo;aigle imp\u00e9riale et l&rsquo;exergue \u00abDeutsches Reich \u00bb. Les poteaux douaniers supportent une plaque carr\u00e9e \u00e9maill\u00e9e blanc avec le mot \u00ab zollamt \u00bb (douane).<\/p>\n\n\n\n<p>Sources&nbsp;: Le Figaro 15 juin 1892<\/p>\n","protected":false},"excerpt":{"rendered":"<p>Montreux-Vieux, 14 juin.- Des poteaux allemands de la douane et de la fronti\u00e8re ont \u00e9t\u00e9 arrach\u00e9s et jet\u00e9s dans la rivi\u00e8re, entre Montreux-Vieux et Montreux-Ch\u00e2teau Les poteaux-fronti\u00e8res se composent; d&rsquo;une colonne de fonte de trois m\u00e8tres de hauteur sur dix &hellip; <a href=\"https:\/\/montreux-vieux.net\/?page_id=21493\">Continuer la lecture <span class=\"meta-nav\">&rarr;<\/span><\/a><\/p>\n","protected":false},"author":1,"featured_media":0,"parent":13044,"menu_order":755,"comment_status":"closed","ping_status":"open","template":"","meta":{"footnotes":""},"class_list":["post-21493","page","type-page","status-publish","hentry"],"_links":{"self":[{"href":"https:\/\/montreux-vieux.net\/index.php?rest_route=\/wp\/v2\/pages\/21493","targetHints":{"allow":["GET"]}}],"collection":[{"href":"https:\/\/montreux-vieux.net\/index.php?rest_route=\/wp\/v2\/pages"}],"about":[{"href":"https:\/\/montreux-vieux.net\/index.php?rest_route=\/wp\/v2\/types\/page"}],"author":[{"embeddable":true,"href":"https:\/\/montreux-vieux.net\/index.php?rest_route=\/wp\/v2\/users\/1"}],"replies":[{"embeddable":true,"href":"https:\/\/montreux-vieux.net\/index.php?rest_route=%2Fwp%2Fv2%2Fcomments&post=21493"}],"version-history":[{"count":1,"href":"https:\/\/montreux-vieux.net\/index.php?rest_route=\/wp\/v2\/pages\/21493\/revisions"}],"predecessor-version":[{"id":21494,"href":"https:\/\/montreux-vieux.net\/index.php?rest_route=\/wp\/v2\/pages\/21493\/revisions\/21494"}],"up":[{"embeddable":true,"href":"https:\/\/montreux-vieux.net\/index.php?rest_route=\/wp\/v2\/pages\/13044"}],"wp:attachment":[{"href":"https:\/\/montreux-vieux.net\/index.php?rest_route=%2Fwp%2Fv2%2Fmedia&parent=21493"}],"curies":[{"name":"wp","href":"https:\/\/api.w.org\/{rel}","templated":true}]}}