{"id":21496,"date":"2020-10-12T13:40:20","date_gmt":"2020-10-12T12:40:20","guid":{"rendered":"http:\/\/montreux-vieux.net\/?page_id=21496"},"modified":"2020-10-12T13:40:20","modified_gmt":"2020-10-12T12:40:20","slug":"un-fonctionnaire-incendiaire","status":"publish","type":"page","link":"https:\/\/montreux-vieux.net\/?page_id=21496","title":{"rendered":"UN FONCTIONNAIRE INCENDIAIRE"},"content":{"rendered":"\n<p> On mande de Belfort : Les gendarmes de la brigade de Dannemarie de service \u00e0 la gare fronti\u00e8re allemande de Montreux-Vieux \u2014 Alft-Munsterol \u2014 ont proc\u00e9d\u00e9 hier \u00e0 l\u2019arrestation d\u2019un employ\u00e9 de la gare, \u00e0 la grande stup\u00e9faction de ses coll\u00e8gues. le fonctionnaire est accus\u00e9 d\u2019\u00eatre l\u2019auteur de l\u2019incendie qui a \u00e9clat\u00e9 dans une partie de la gare des marchandises, dans lu nuit de lundi, ci dont on constata les causes, dues incontestablement \u00e0 la malveillance. L&rsquo;incendiaire a \u00e9t\u00e9 dirig\u00e9 sur Mulhouse.<\/p>\n\n\n\n<p>Sources&nbsp;: Le Petit Troyen 22 avril 1893<\/p>\n","protected":false},"excerpt":{"rendered":"<p>On mande de Belfort : Les gendarmes de la brigade de Dannemarie de service \u00e0 la gare fronti\u00e8re allemande de Montreux-Vieux \u2014 Alft-Munsterol \u2014 ont proc\u00e9d\u00e9 hier \u00e0 l\u2019arrestation d\u2019un employ\u00e9 de la gare, \u00e0 la grande stup\u00e9faction de ses &hellip; <a href=\"https:\/\/montreux-vieux.net\/?page_id=21496\">Continuer la lecture <span class=\"meta-nav\">&rarr;<\/span><\/a><\/p>\n","protected":false},"author":1,"featured_media":0,"parent":13044,"menu_order":760,"comment_status":"closed","ping_status":"open","template":"","meta":{"footnotes":""},"class_list":["post-21496","page","type-page","status-publish","hentry"],"_links":{"self":[{"href":"https:\/\/montreux-vieux.net\/index.php?rest_route=\/wp\/v2\/pages\/21496","targetHints":{"allow":["GET"]}}],"collection":[{"href":"https:\/\/montreux-vieux.net\/index.php?rest_route=\/wp\/v2\/pages"}],"about":[{"href":"https:\/\/montreux-vieux.net\/index.php?rest_route=\/wp\/v2\/types\/page"}],"author":[{"embeddable":true,"href":"https:\/\/montreux-vieux.net\/index.php?rest_route=\/wp\/v2\/users\/1"}],"replies":[{"embeddable":true,"href":"https:\/\/montreux-vieux.net\/index.php?rest_route=%2Fwp%2Fv2%2Fcomments&post=21496"}],"version-history":[{"count":1,"href":"https:\/\/montreux-vieux.net\/index.php?rest_route=\/wp\/v2\/pages\/21496\/revisions"}],"predecessor-version":[{"id":21497,"href":"https:\/\/montreux-vieux.net\/index.php?rest_route=\/wp\/v2\/pages\/21496\/revisions\/21497"}],"up":[{"embeddable":true,"href":"https:\/\/montreux-vieux.net\/index.php?rest_route=\/wp\/v2\/pages\/13044"}],"wp:attachment":[{"href":"https:\/\/montreux-vieux.net\/index.php?rest_route=%2Fwp%2Fv2%2Fmedia&parent=21496"}],"curies":[{"name":"wp","href":"https:\/\/api.w.org\/{rel}","templated":true}]}}