{"id":21505,"date":"2020-10-13T15:39:36","date_gmt":"2020-10-13T14:39:36","guid":{"rendered":"http:\/\/montreux-vieux.net\/?page_id=21505"},"modified":"2020-10-13T15:39:36","modified_gmt":"2020-10-13T14:39:36","slug":"les-touristes-anglais-a-la-douane-de-montreux-vieux","status":"publish","type":"page","link":"https:\/\/montreux-vieux.net\/?page_id=21505","title":{"rendered":"Les touristes anglais \u00e0 la douane de Montreux-Vieux"},"content":{"rendered":"\n<p>Montreux-Vieux, 2 juin. \u2014 Les touristes anglais qui passent ici pour aller en Suisse sont l\u00e9gions en ce montent. Dimanche, une soci\u00e9t\u00e9 de 300 insulaires occupait le train de Calais-B\u00e2le, qui a eu 3\/4 d\u2019heure de retard \u00e0 cause de la longueur de la visite en douane. Ce retard s\u2019est r\u00e9percut\u00e9 sur les express de Paris et de Lyon.<\/p>\n\n\n\n<p>Sources&nbsp;: Express 3 juin 1903<\/p>\n","protected":false},"excerpt":{"rendered":"<p>Montreux-Vieux, 2 juin. \u2014 Les touristes anglais qui passent ici pour aller en Suisse sont l\u00e9gions en ce montent. Dimanche, une soci\u00e9t\u00e9 de 300 insulaires occupait le train de Calais-B\u00e2le, qui a eu 3\/4 d\u2019heure de retard \u00e0 cause de &hellip; <a href=\"https:\/\/montreux-vieux.net\/?page_id=21505\">Continuer la lecture <span class=\"meta-nav\">&rarr;<\/span><\/a><\/p>\n","protected":false},"author":1,"featured_media":0,"parent":13007,"menu_order":190,"comment_status":"closed","ping_status":"open","template":"","meta":{"footnotes":""},"class_list":["post-21505","page","type-page","status-publish","hentry"],"_links":{"self":[{"href":"https:\/\/montreux-vieux.net\/index.php?rest_route=\/wp\/v2\/pages\/21505","targetHints":{"allow":["GET"]}}],"collection":[{"href":"https:\/\/montreux-vieux.net\/index.php?rest_route=\/wp\/v2\/pages"}],"about":[{"href":"https:\/\/montreux-vieux.net\/index.php?rest_route=\/wp\/v2\/types\/page"}],"author":[{"embeddable":true,"href":"https:\/\/montreux-vieux.net\/index.php?rest_route=\/wp\/v2\/users\/1"}],"replies":[{"embeddable":true,"href":"https:\/\/montreux-vieux.net\/index.php?rest_route=%2Fwp%2Fv2%2Fcomments&post=21505"}],"version-history":[{"count":1,"href":"https:\/\/montreux-vieux.net\/index.php?rest_route=\/wp\/v2\/pages\/21505\/revisions"}],"predecessor-version":[{"id":21506,"href":"https:\/\/montreux-vieux.net\/index.php?rest_route=\/wp\/v2\/pages\/21505\/revisions\/21506"}],"up":[{"embeddable":true,"href":"https:\/\/montreux-vieux.net\/index.php?rest_route=\/wp\/v2\/pages\/13007"}],"wp:attachment":[{"href":"https:\/\/montreux-vieux.net\/index.php?rest_route=%2Fwp%2Fv2%2Fmedia&parent=21505"}],"curies":[{"name":"wp","href":"https:\/\/api.w.org\/{rel}","templated":true}]}}