{"id":21513,"date":"2020-10-14T16:24:02","date_gmt":"2020-10-14T15:24:02","guid":{"rendered":"http:\/\/montreux-vieux.net\/?page_id=21513"},"modified":"2020-10-14T16:24:02","modified_gmt":"2020-10-14T15:24:02","slug":"les-trains-pour-bale-passent-par-delle","status":"publish","type":"page","link":"https:\/\/montreux-vieux.net\/?page_id=21513","title":{"rendered":"Les trains pour B\u00e2le passent par Delle"},"content":{"rendered":"\n<p>LES MESURES ALLEMANDES en Alsace-lorraine<\/p>\n\n\n\n<p>Pour \u00e9viter aux Fran\u00e7ais les vexations allemandes \u00e0 la fronti\u00e8re d&rsquo;Alsace-Lorraine, la Compagnie des chemins de fer de l&rsquo;Est se propose de faire passer par Delle les trains express qui passent actuellement par Mulhouse.<\/p>\n\n\n\n<p>D&rsquo;apr\u00e8s le nouvel itin\u00e9raire projet\u00e9, la ligne de Paris \u00e0 Belfort, Montreux-Vieux, Mulhouse et-Bale serait remplac\u00e9e pour les trains express, par la ligne de Paris \u00e0 Belfort, Delle et B\u00e2le, de telle sorte que les voyageurs se rendant de France \u00e0 B\u00e2le n&rsquo;auraient &nbsp;plus \u00e0 traverser territoire d\u2019 Alsace-Lorraine&nbsp;<\/p>\n\n\n\n<p>Sources&nbsp;: Le Cri du Peuple (Paris) 31 mai 1888<\/p>\n","protected":false},"excerpt":{"rendered":"<p>LES MESURES ALLEMANDES en Alsace-lorraine Pour \u00e9viter aux Fran\u00e7ais les vexations allemandes \u00e0 la fronti\u00e8re d&rsquo;Alsace-Lorraine, la Compagnie des chemins de fer de l&rsquo;Est se propose de faire passer par Delle les trains express qui passent actuellement par Mulhouse. D&rsquo;apr\u00e8s &hellip; <a href=\"https:\/\/montreux-vieux.net\/?page_id=21513\">Continuer la lecture <span class=\"meta-nav\">&rarr;<\/span><\/a><\/p>\n","protected":false},"author":1,"featured_media":0,"parent":13007,"menu_order":205,"comment_status":"closed","ping_status":"open","template":"","meta":{"footnotes":""},"class_list":["post-21513","page","type-page","status-publish","hentry"],"_links":{"self":[{"href":"https:\/\/montreux-vieux.net\/index.php?rest_route=\/wp\/v2\/pages\/21513","targetHints":{"allow":["GET"]}}],"collection":[{"href":"https:\/\/montreux-vieux.net\/index.php?rest_route=\/wp\/v2\/pages"}],"about":[{"href":"https:\/\/montreux-vieux.net\/index.php?rest_route=\/wp\/v2\/types\/page"}],"author":[{"embeddable":true,"href":"https:\/\/montreux-vieux.net\/index.php?rest_route=\/wp\/v2\/users\/1"}],"replies":[{"embeddable":true,"href":"https:\/\/montreux-vieux.net\/index.php?rest_route=%2Fwp%2Fv2%2Fcomments&post=21513"}],"version-history":[{"count":1,"href":"https:\/\/montreux-vieux.net\/index.php?rest_route=\/wp\/v2\/pages\/21513\/revisions"}],"predecessor-version":[{"id":21514,"href":"https:\/\/montreux-vieux.net\/index.php?rest_route=\/wp\/v2\/pages\/21513\/revisions\/21514"}],"up":[{"embeddable":true,"href":"https:\/\/montreux-vieux.net\/index.php?rest_route=\/wp\/v2\/pages\/13007"}],"wp:attachment":[{"href":"https:\/\/montreux-vieux.net\/index.php?rest_route=%2Fwp%2Fv2%2Fmedia&parent=21513"}],"curies":[{"name":"wp","href":"https:\/\/api.w.org\/{rel}","templated":true}]}}