{"id":21516,"date":"2020-10-14T16:29:34","date_gmt":"2020-10-14T15:29:34","guid":{"rendered":"http:\/\/montreux-vieux.net\/?page_id=21516"},"modified":"2020-10-14T16:29:34","modified_gmt":"2020-10-14T15:29:34","slug":"trafic-intense-a-montreux-vieux","status":"publish","type":"page","link":"https:\/\/montreux-vieux.net\/?page_id=21516","title":{"rendered":"Trafic intense \u00e0 Montreux-Vieux"},"content":{"rendered":"\n<p>Altmunsterol (Montreux-Vieux). \u2014 On nous \u00e9crit le 23 : La France envoyant beaucoup de houilles en Allemagne en ce moment, la gare est encombr\u00e9e de trains de houille. Les entrep\u00f4ts contiennent d\u2019\u00e9normes quantit\u00e9s de laine, de li\u00e8ge, etc., etc., qui attendent du mat\u00e9riel pour continuer leur route. Le trafic des voyageurs a pris \u00e9galement une grande extension, au point que la v\u00e9rification des passe-ports \u00e0 la fronti\u00e8re prend un temps relativement consid\u00e9rable et occasionne des retards dans la marche des trains. Ajoutons que les personnes&nbsp; qui ne sont pas pourvues de passe-ports en r\u00e8gle se voient impitoyablement refuser l\u2019entr\u00e9e en Alsace.<\/p>\n\n\n\n<p>Sources&nbsp;: L\u2019Express 24 d\u00e9cembre 1889<\/p>\n","protected":false},"excerpt":{"rendered":"<p>Altmunsterol (Montreux-Vieux). \u2014 On nous \u00e9crit le 23 : La France envoyant beaucoup de houilles en Allemagne en ce moment, la gare est encombr\u00e9e de trains de houille. Les entrep\u00f4ts contiennent d\u2019\u00e9normes quantit\u00e9s de laine, de li\u00e8ge, etc., etc., qui &hellip; <a href=\"https:\/\/montreux-vieux.net\/?page_id=21516\">Continuer la lecture <span class=\"meta-nav\">&rarr;<\/span><\/a><\/p>\n","protected":false},"author":1,"featured_media":0,"parent":13007,"menu_order":210,"comment_status":"closed","ping_status":"open","template":"","meta":{"footnotes":""},"class_list":["post-21516","page","type-page","status-publish","hentry"],"_links":{"self":[{"href":"https:\/\/montreux-vieux.net\/index.php?rest_route=\/wp\/v2\/pages\/21516","targetHints":{"allow":["GET"]}}],"collection":[{"href":"https:\/\/montreux-vieux.net\/index.php?rest_route=\/wp\/v2\/pages"}],"about":[{"href":"https:\/\/montreux-vieux.net\/index.php?rest_route=\/wp\/v2\/types\/page"}],"author":[{"embeddable":true,"href":"https:\/\/montreux-vieux.net\/index.php?rest_route=\/wp\/v2\/users\/1"}],"replies":[{"embeddable":true,"href":"https:\/\/montreux-vieux.net\/index.php?rest_route=%2Fwp%2Fv2%2Fcomments&post=21516"}],"version-history":[{"count":1,"href":"https:\/\/montreux-vieux.net\/index.php?rest_route=\/wp\/v2\/pages\/21516\/revisions"}],"predecessor-version":[{"id":21517,"href":"https:\/\/montreux-vieux.net\/index.php?rest_route=\/wp\/v2\/pages\/21516\/revisions\/21517"}],"up":[{"embeddable":true,"href":"https:\/\/montreux-vieux.net\/index.php?rest_route=\/wp\/v2\/pages\/13007"}],"wp:attachment":[{"href":"https:\/\/montreux-vieux.net\/index.php?rest_route=%2Fwp%2Fv2%2Fmedia&parent=21516"}],"curies":[{"name":"wp","href":"https:\/\/api.w.org\/{rel}","templated":true}]}}