{"id":21519,"date":"2020-10-14T16:33:57","date_gmt":"2020-10-14T15:33:57","guid":{"rendered":"http:\/\/montreux-vieux.net\/?page_id=21519"},"modified":"2020-10-14T16:33:57","modified_gmt":"2020-10-14T15:33:57","slug":"le-mouvement-des-voyageurs","status":"publish","type":"page","link":"https:\/\/montreux-vieux.net\/?page_id=21519","title":{"rendered":"Le mouvement des voyageurs"},"content":{"rendered":"\n<p>Montreux-Vieux. \u2014 Le mouvement des voyageurs augmente dans de consid\u00e9rables proportions \u00e0 la gare de Montreux-Vieux en cette saison. Il \u00e9tait de 3000 personnes en d\u00e9cembre, pour monter \u00e0 5500 au mois d\u2019avril. Les recettes provenant du mouvement des marchandises s\u2019\u00e9l\u00e8vent \u00e0 94,500 Mark.<\/p>\n\n\n\n<p>Sources&nbsp;: Express 4 juin 1896<\/p>\n","protected":false},"excerpt":{"rendered":"<p>Montreux-Vieux. \u2014 Le mouvement des voyageurs augmente dans de consid\u00e9rables proportions \u00e0 la gare de Montreux-Vieux en cette saison. Il \u00e9tait de 3000 personnes en d\u00e9cembre, pour monter \u00e0 5500 au mois d\u2019avril. Les recettes provenant du mouvement des marchandises &hellip; <a href=\"https:\/\/montreux-vieux.net\/?page_id=21519\">Continuer la lecture <span class=\"meta-nav\">&rarr;<\/span><\/a><\/p>\n","protected":false},"author":1,"featured_media":0,"parent":13007,"menu_order":220,"comment_status":"closed","ping_status":"open","template":"","meta":{"footnotes":""},"class_list":["post-21519","page","type-page","status-publish","hentry"],"_links":{"self":[{"href":"https:\/\/montreux-vieux.net\/index.php?rest_route=\/wp\/v2\/pages\/21519","targetHints":{"allow":["GET"]}}],"collection":[{"href":"https:\/\/montreux-vieux.net\/index.php?rest_route=\/wp\/v2\/pages"}],"about":[{"href":"https:\/\/montreux-vieux.net\/index.php?rest_route=\/wp\/v2\/types\/page"}],"author":[{"embeddable":true,"href":"https:\/\/montreux-vieux.net\/index.php?rest_route=\/wp\/v2\/users\/1"}],"replies":[{"embeddable":true,"href":"https:\/\/montreux-vieux.net\/index.php?rest_route=%2Fwp%2Fv2%2Fcomments&post=21519"}],"version-history":[{"count":1,"href":"https:\/\/montreux-vieux.net\/index.php?rest_route=\/wp\/v2\/pages\/21519\/revisions"}],"predecessor-version":[{"id":21520,"href":"https:\/\/montreux-vieux.net\/index.php?rest_route=\/wp\/v2\/pages\/21519\/revisions\/21520"}],"up":[{"embeddable":true,"href":"https:\/\/montreux-vieux.net\/index.php?rest_route=\/wp\/v2\/pages\/13007"}],"wp:attachment":[{"href":"https:\/\/montreux-vieux.net\/index.php?rest_route=%2Fwp%2Fv2%2Fmedia&parent=21519"}],"curies":[{"name":"wp","href":"https:\/\/api.w.org\/{rel}","templated":true}]}}