{"id":21534,"date":"2020-10-15T16:05:46","date_gmt":"2020-10-15T15:05:46","guid":{"rendered":"http:\/\/montreux-vieux.net\/?page_id=21534"},"modified":"2020-10-15T16:05:46","modified_gmt":"2020-10-15T15:05:46","slug":"le-transit-des-fleurs-coupees","status":"publish","type":"page","link":"https:\/\/montreux-vieux.net\/?page_id=21534","title":{"rendered":"Le transit des fleurs coup\u00e9es"},"content":{"rendered":"\n<p>Montreux- Vieux, 20 novembre. \u2014 Le transit des fleurs coup\u00e9es du Midi, \u00e0 destination de l\u2019Allemagne, de la Russie et des pays du Nord a recommenc\u00e9 en m\u00eame temps que la saison froide. 11 sera consid\u00e9rable jusqu&rsquo;apr\u00e8s le Nouvel-An.<\/p>\n\n\n\n<p>Sources&nbsp;: Express 21 novembre 1899<\/p>\n","protected":false},"excerpt":{"rendered":"<p>Montreux- Vieux, 20 novembre. \u2014 Le transit des fleurs coup\u00e9es du Midi, \u00e0 destination de l\u2019Allemagne, de la Russie et des pays du Nord a recommenc\u00e9 en m\u00eame temps que la saison froide. 11 sera consid\u00e9rable jusqu&rsquo;apr\u00e8s le Nouvel-An. Sources&nbsp;: &hellip; <a href=\"https:\/\/montreux-vieux.net\/?page_id=21534\">Continuer la lecture <span class=\"meta-nav\">&rarr;<\/span><\/a><\/p>\n","protected":false},"author":1,"featured_media":0,"parent":13007,"menu_order":230,"comment_status":"closed","ping_status":"open","template":"","meta":{"footnotes":""},"class_list":["post-21534","page","type-page","status-publish","hentry"],"_links":{"self":[{"href":"https:\/\/montreux-vieux.net\/index.php?rest_route=\/wp\/v2\/pages\/21534","targetHints":{"allow":["GET"]}}],"collection":[{"href":"https:\/\/montreux-vieux.net\/index.php?rest_route=\/wp\/v2\/pages"}],"about":[{"href":"https:\/\/montreux-vieux.net\/index.php?rest_route=\/wp\/v2\/types\/page"}],"author":[{"embeddable":true,"href":"https:\/\/montreux-vieux.net\/index.php?rest_route=\/wp\/v2\/users\/1"}],"replies":[{"embeddable":true,"href":"https:\/\/montreux-vieux.net\/index.php?rest_route=%2Fwp%2Fv2%2Fcomments&post=21534"}],"version-history":[{"count":1,"href":"https:\/\/montreux-vieux.net\/index.php?rest_route=\/wp\/v2\/pages\/21534\/revisions"}],"predecessor-version":[{"id":21535,"href":"https:\/\/montreux-vieux.net\/index.php?rest_route=\/wp\/v2\/pages\/21534\/revisions\/21535"}],"up":[{"embeddable":true,"href":"https:\/\/montreux-vieux.net\/index.php?rest_route=\/wp\/v2\/pages\/13007"}],"wp:attachment":[{"href":"https:\/\/montreux-vieux.net\/index.php?rest_route=%2Fwp%2Fv2%2Fmedia&parent=21534"}],"curies":[{"name":"wp","href":"https:\/\/api.w.org\/{rel}","templated":true}]}}