{"id":21551,"date":"2020-10-16T13:25:38","date_gmt":"2020-10-16T12:25:38","guid":{"rendered":"http:\/\/montreux-vieux.net\/?page_id=21551"},"modified":"2020-10-16T13:28:56","modified_gmt":"2020-10-16T12:28:56","slug":"election-du-maire-catte-en-1929","status":"publish","type":"page","link":"https:\/\/montreux-vieux.net\/?page_id=21551","title":{"rendered":"Election du maire Catt\u00e9 en 1929"},"content":{"rendered":"\n<p>Montreux-Vieux \u2013 Election du 5 mai<\/p>\n\n\n\n<p>On nous \u00e9crit\u00a0: Les \u00e9lecteurs de Montreux-Vieux tiennent \u00e0 faire conna\u00eetre le r\u00e9sultat obtenu par notre sympathique maire Catt\u00e9, lequel avec toute sa lise \u00e0 pass\u00e9 avec une grande majorit\u00e9, un chiffre de 182 votants notre maire a obtenu 150 voix et le plus bas 120.<\/p>\n\n\n\n<p>Il est a remarquer que notre maire \u00e9tait b\u00each\u00e9 depuis deux ans par son ancien adjoint dont la majeure partie des habitants conna\u00eet les sentiments : Ne se vantait-il pas partout qu&rsquo;il en \u00e9tait fait du maire : que cette fois il ne passerait plus; 15 jours avant les \u00e9lections n&rsquo;avait-il pas engage un pari ? Il ne se connaissait pas tr\u00e8s bien, pas plus que la mentalit\u00e9 de Montreux-Vieux. car apr\u00e8s avoir t\u00e2t\u00e9 tous les terrains, il s&rsquo;aper\u00e7ut soudain que celui-ci lui marchait sous les pieds. C&rsquo;est alors qu\u2019il d\u00e9cida, pour ne pas subir la honte de la d\u00e9faite vraiment m\u00e9rit\u00e9e de ne se laisser porter sur aucune liste. Pour lui, personnellement il lui \u00e9tait impossible \u00a0de former une liste, les habitants de Montreux-Vieux ne voulant collaborer avec lui. Ce n\u2019est qu&rsquo;en derni\u00e8re heure \u00a0le 4, vers 16 heures que parurent des tracts mensongers et des bulletins ou liguaient 5 candidats de la liste Catt\u00e9 Mais aussit\u00f4t ces 5 candidats par une protestation \u00e9nergique et unanime, firent conna\u00eetre par des coups de caisse, qu\u2019ils n&rsquo;avaient pas \u00e9t\u00e9 consult\u00e9s et qu\u2019iis refusaient de figurer sur toute autre liste que celle du maire sortant.<\/p>\n\n\n\n<p>L&rsquo;ancien adjoint, avec sa duplicit\u00e9 coutumi\u00e8re, avait cru jouer un grand r\u00f4le. Il croyait que l&rsquo;on ne connaissait pas ses manoeuvres souterraines : mais elles l\u2019\u00e9taient de toute la population. Et les \u00e9lecteurs, par leurs votes, ont fait justice de ses manoeuvres.<\/p>\n\n\n\n<p>Toute sa pol\u00e9miqu\u00e9 contre le maire depuis 2 ans il a pas eu grand succ\u00e8s : elle r\u00e9colta 4 voix &nbsp;cela n\u2019est d\u00e9j\u00e0 pas mal. et nous lui souhaitons bonne chance a l&rsquo;avenir. Craignons pour sa sant\u00e9, et m\u00e9fions-nous de ses coups en retour.<\/p>\n\n\n\n<p>La population de Montreux-Vieux, et, en particulier, les Alsaciens ont voulu lui donner une le\u00e7on de pudeur, et reconna\u00eetre les services rendus par le conseil municipal sortant et le maire en particulier. Le conseil qui n a pas chang\u00e9. sauf un de ses membres qui a remplac\u00e9 l&rsquo;ancien adjoint \u00a0s\u2019efforcera, nous en sommes certains, de donner enti\u00e8re satisfaction a toute demande l\u00e9gitim\u00e9 ; le programme du dernier mandat a \u00e9t\u00e9 d\u00e9pass\u00e9, l\u2019int\u00e9r\u00eat g\u00e9n\u00e9ral germe d&rsquo;une fa\u00e7on parfaite et le maire a toujours \u00e9t\u00e9 pr\u00eat \u00e0 se d\u00e9vouer et a rendre services a tous. Merci au nom de toute la population reconnaissante.<\/p>\n\n\n\n<p>Un groupe d&rsquo;\u00e9lecteurs de Montreux- Vieux.<\/p>\n\n\n\n<p>Sources&nbsp;: Le R\u00e9publicain de Belfort 25 mai 1929<\/p>\n","protected":false},"excerpt":{"rendered":"<p>Montreux-Vieux \u2013 Election du 5 mai On nous \u00e9crit\u00a0: Les \u00e9lecteurs de Montreux-Vieux tiennent \u00e0 faire conna\u00eetre le r\u00e9sultat obtenu par notre sympathique maire Catt\u00e9, lequel avec toute sa lise \u00e0 pass\u00e9 avec une grande majorit\u00e9, un chiffre de 182 &hellip; <a href=\"https:\/\/montreux-vieux.net\/?page_id=21551\">Continuer la lecture <span class=\"meta-nav\">&rarr;<\/span><\/a><\/p>\n","protected":false},"author":1,"featured_media":0,"parent":21303,"menu_order":55,"comment_status":"closed","ping_status":"open","template":"","meta":{"footnotes":""},"class_list":["post-21551","page","type-page","status-publish","hentry"],"_links":{"self":[{"href":"https:\/\/montreux-vieux.net\/index.php?rest_route=\/wp\/v2\/pages\/21551","targetHints":{"allow":["GET"]}}],"collection":[{"href":"https:\/\/montreux-vieux.net\/index.php?rest_route=\/wp\/v2\/pages"}],"about":[{"href":"https:\/\/montreux-vieux.net\/index.php?rest_route=\/wp\/v2\/types\/page"}],"author":[{"embeddable":true,"href":"https:\/\/montreux-vieux.net\/index.php?rest_route=\/wp\/v2\/users\/1"}],"replies":[{"embeddable":true,"href":"https:\/\/montreux-vieux.net\/index.php?rest_route=%2Fwp%2Fv2%2Fcomments&post=21551"}],"version-history":[{"count":3,"href":"https:\/\/montreux-vieux.net\/index.php?rest_route=\/wp\/v2\/pages\/21551\/revisions"}],"predecessor-version":[{"id":21555,"href":"https:\/\/montreux-vieux.net\/index.php?rest_route=\/wp\/v2\/pages\/21551\/revisions\/21555"}],"up":[{"embeddable":true,"href":"https:\/\/montreux-vieux.net\/index.php?rest_route=\/wp\/v2\/pages\/21303"}],"wp:attachment":[{"href":"https:\/\/montreux-vieux.net\/index.php?rest_route=%2Fwp%2Fv2%2Fmedia&parent=21551"}],"curies":[{"name":"wp","href":"https:\/\/api.w.org\/{rel}","templated":true}]}}