{"id":21556,"date":"2020-10-16T13:42:26","date_gmt":"2020-10-16T12:42:26","guid":{"rendered":"http:\/\/montreux-vieux.net\/?page_id=21556"},"modified":"2020-10-16T13:42:26","modified_gmt":"2020-10-16T12:42:26","slug":"accident-du-serre-frein-tschiember","status":"publish","type":"page","link":"https:\/\/montreux-vieux.net\/?page_id=21556","title":{"rendered":"Accident du serre-frein Tschiember"},"content":{"rendered":"\n<p>Altkikch. \u2014 On nous \u00e9crit : Le serre-frein Tschiember, qui faisait le service d&rsquo;un train de marchandises entre Mulhouse et Montreux-Vieux, est tomb\u00e9 de wagon pendant le trajet, hier matin. Les roues ici ont pass\u00e9 sur la jambe droite et le bras droit qu\u2019ils ont s\u00e9par\u00e9s du corps. Le malheureux a \u00e9t\u00e9 relev\u00e9 et transport\u00e9 \u00e0 l\u2019h\u00f4pital Saint-Morand, dans un \u00e9tat d\u00e9sesp\u00e9r\u00e9.<\/p>\n\n\n\n<p>Sources&nbsp;: Express 8 juillet 1891<\/p>\n","protected":false},"excerpt":{"rendered":"<p>Altkikch. \u2014 On nous \u00e9crit : Le serre-frein Tschiember, qui faisait le service d&rsquo;un train de marchandises entre Mulhouse et Montreux-Vieux, est tomb\u00e9 de wagon pendant le trajet, hier matin. Les roues ici ont pass\u00e9 sur la jambe droite et &hellip; <a href=\"https:\/\/montreux-vieux.net\/?page_id=21556\">Continuer la lecture <span class=\"meta-nav\">&rarr;<\/span><\/a><\/p>\n","protected":false},"author":1,"featured_media":0,"parent":13009,"menu_order":170,"comment_status":"closed","ping_status":"open","template":"","meta":{"footnotes":""},"class_list":["post-21556","page","type-page","status-publish","hentry"],"_links":{"self":[{"href":"https:\/\/montreux-vieux.net\/index.php?rest_route=\/wp\/v2\/pages\/21556","targetHints":{"allow":["GET"]}}],"collection":[{"href":"https:\/\/montreux-vieux.net\/index.php?rest_route=\/wp\/v2\/pages"}],"about":[{"href":"https:\/\/montreux-vieux.net\/index.php?rest_route=\/wp\/v2\/types\/page"}],"author":[{"embeddable":true,"href":"https:\/\/montreux-vieux.net\/index.php?rest_route=\/wp\/v2\/users\/1"}],"replies":[{"embeddable":true,"href":"https:\/\/montreux-vieux.net\/index.php?rest_route=%2Fwp%2Fv2%2Fcomments&post=21556"}],"version-history":[{"count":1,"href":"https:\/\/montreux-vieux.net\/index.php?rest_route=\/wp\/v2\/pages\/21556\/revisions"}],"predecessor-version":[{"id":21557,"href":"https:\/\/montreux-vieux.net\/index.php?rest_route=\/wp\/v2\/pages\/21556\/revisions\/21557"}],"up":[{"embeddable":true,"href":"https:\/\/montreux-vieux.net\/index.php?rest_route=\/wp\/v2\/pages\/13009"}],"wp:attachment":[{"href":"https:\/\/montreux-vieux.net\/index.php?rest_route=%2Fwp%2Fv2%2Fmedia&parent=21556"}],"curies":[{"name":"wp","href":"https:\/\/api.w.org\/{rel}","templated":true}]}}