{"id":2156,"date":"2011-11-02T14:53:37","date_gmt":"2011-11-02T13:53:37","guid":{"rendered":"http:\/\/montreux-vieux.org\/?page_id=2156"},"modified":"2018-12-26T14:11:00","modified_gmt":"2018-12-26T13:11:00","slug":"le-voyage-du-tsar","status":"publish","type":"page","link":"https:\/\/montreux-vieux.net\/?page_id=2156","title":{"rendered":"Le voyage du Tsar"},"content":{"rendered":"<h3 style=\"text-align: center;\"><span style=\"color: #000000;\">Le voyage du Tsar<\/span><\/h3>\n<h2 style=\"text-align: center;\"><a href=\"http:\/\/montreux-vieux.net\/montreux-vieux.net\/wp-content\/uploads\/2011\/11\/Tsar.jpg\" target=\"_blank\"><img loading=\"lazy\" decoding=\"async\" class=\"aligncenter wp-image-4673 size-thumbnail\" src=\"http:\/\/montreux-vieux.net\/montreux-vieux.net\/wp-content\/uploads\/2011\/11\/Tsar-150x150.jpg\" alt=\"Tsar\" width=\"150\" height=\"150\"><\/a><\/h2>\n<h4 style=\"text-align: justify;\">Le retour en Russie<\/h4>\n<h4 style=\"text-align: justify;\">27 octobre 1909<\/h4>\n<h4 style=\"text-align: justify;\">Le train imp\u00e9rial russe achevant sans incident son voyage de retour \u00e0 travers la France est arriv\u00e9 ce matin \u00e0 5h56 en gare de Belfort, en avance de 4 minutes sur l\u2019horaire. Le Tsar dormait.<\/h4>\n<h4 style=\"text-align: justify;\">Le train a \u00e9t\u00e9 imm\u00e9diatement aiguill\u00e9 sur la voie d\u2019Alsace et est reparti \u00e0 6h 10.<\/h4>\n<h4 style=\"text-align: justify;\">Il n\u2019y a eu, sur la demande du Tsar, aucune r\u00e9union en gare de Petit-Croix et lorsque le train est pass\u00e9 \u00e0 la gare fronti\u00e8re de Montreux-Vieux, Monsieur Nekludoff, conseiller de l\u2019ambassade de Paris, a quitt\u00e9 son souverain. Il n\u2019y avait personne sur le quai.<\/h4>\n<h4 style=\"text-align: justify;\">Le Tsar a charg\u00e9 Monsieur Nekludoff de transmettre ses plus vifs remerciements aux autorit\u00e9s fran\u00e7aises.<\/h4>\n<h4 style=\"text-align: justify;\">MM. Margot et Ruelle, ing\u00e9nieurs en chef du P-L-M. ont accompagn\u00e9 le train jusqu\u2019\u00e0 la fronti\u00e8re.<\/h4>\n","protected":false},"excerpt":{"rendered":"<p>Le voyage du Tsar Le retour en Russie 27 octobre 1909 Le train imp\u00e9rial russe achevant sans incident son voyage de retour \u00e0 travers la France est arriv\u00e9 ce matin \u00e0 5h56 en gare de Belfort, en avance de 4 &hellip; <a href=\"https:\/\/montreux-vieux.net\/?page_id=2156\">Continuer la lecture <span class=\"meta-nav\">&rarr;<\/span><\/a><\/p>\n","protected":false},"author":1,"featured_media":0,"parent":13013,"menu_order":8,"comment_status":"open","ping_status":"open","template":"","meta":{"footnotes":""},"class_list":["post-2156","page","type-page","status-publish","hentry"],"_links":{"self":[{"href":"https:\/\/montreux-vieux.net\/index.php?rest_route=\/wp\/v2\/pages\/2156","targetHints":{"allow":["GET"]}}],"collection":[{"href":"https:\/\/montreux-vieux.net\/index.php?rest_route=\/wp\/v2\/pages"}],"about":[{"href":"https:\/\/montreux-vieux.net\/index.php?rest_route=\/wp\/v2\/types\/page"}],"author":[{"embeddable":true,"href":"https:\/\/montreux-vieux.net\/index.php?rest_route=\/wp\/v2\/users\/1"}],"replies":[{"embeddable":true,"href":"https:\/\/montreux-vieux.net\/index.php?rest_route=%2Fwp%2Fv2%2Fcomments&post=2156"}],"version-history":[{"count":7,"href":"https:\/\/montreux-vieux.net\/index.php?rest_route=\/wp\/v2\/pages\/2156\/revisions"}],"predecessor-version":[{"id":13086,"href":"https:\/\/montreux-vieux.net\/index.php?rest_route=\/wp\/v2\/pages\/2156\/revisions\/13086"}],"up":[{"embeddable":true,"href":"https:\/\/montreux-vieux.net\/index.php?rest_route=\/wp\/v2\/pages\/13013"}],"wp:attachment":[{"href":"https:\/\/montreux-vieux.net\/index.php?rest_route=%2Fwp%2Fv2%2Fmedia&parent=2156"}],"curies":[{"name":"wp","href":"https:\/\/api.w.org\/{rel}","templated":true}]}}