{"id":21582,"date":"2020-10-17T09:46:20","date_gmt":"2020-10-17T08:46:20","guid":{"rendered":"http:\/\/montreux-vieux.net\/?page_id=21582"},"modified":"2020-10-17T09:46:20","modified_gmt":"2020-10-17T08:46:20","slug":"le-douanier-tire-sur-le-maire","status":"publish","type":"page","link":"https:\/\/montreux-vieux.net\/?page_id=21582","title":{"rendered":"Le douanier tire sur le maire"},"content":{"rendered":"\n<p>&nbsp;MONTREUX-VIEUX, 11 sept. \u2014 Le maire d&rsquo;une localit\u00e9 fran\u00e7aise voisine a \u00e9t\u00e9 l\u2019objet d une m\u00e9prise d\u00e9sagr\u00e9able. Un incendie avait \u00e9clat\u00e9 tout pr\u00e8s de la fronti\u00e8re et il avait d\u00fb y envoyer du secours. Lui-m\u00eame se porta sur le lieu du sinistre en automobile, laissant sa machine sur le territoire fran\u00e7ais. En retournant chez lui \u2014 il \u00e9tait avec son adjoint \u2014 il ne crut pas devoir s\u2019arr\u00eater devant le bureau de la douane. Mal lui en prit, car il entendit bient\u00f4t des d\u00e9tonations d\u2019arme \u00e0 feu et vit un douanier qui tirait sur lui. Notre maire stoppa aussit\u00f4t, d\u00e9clina ses noms et qualit\u00e9 et on le laissa passer<\/p>\n\n\n\n<p>Nous signalons cet incident \u00e2 cause de la le\u00e7on qui s&rsquo;en d\u00e9gage pour les automobilistes franchissant la fronti\u00e8re, \u00e0 savoir de ne pas manquer de s\u2019arr\u00eater aux bureaux de douane. Car si le douanier s\u2019est mis \u00e0 tirer sur une voiture fran\u00e7aise qu\u2019il devait reconna\u00eetre, nous assure-t-on. \u00e0 plus forte raison fusillerait-il sans scrupules une voiture \u00e9trang\u00e8re qui voudrait br\u00fbler la politesse \u00e0 la douane.<\/p>\n\n\n\n<p>Sources&nbsp;: Express 13 d\u00e9cembre 1903<\/p>\n","protected":false},"excerpt":{"rendered":"<p>&nbsp;MONTREUX-VIEUX, 11 sept. \u2014 Le maire d&rsquo;une localit\u00e9 fran\u00e7aise voisine a \u00e9t\u00e9 l\u2019objet d une m\u00e9prise d\u00e9sagr\u00e9able. Un incendie avait \u00e9clat\u00e9 tout pr\u00e8s de la fronti\u00e8re et il avait d\u00fb y envoyer du secours. Lui-m\u00eame se porta sur le lieu &hellip; <a href=\"https:\/\/montreux-vieux.net\/?page_id=21582\">Continuer la lecture <span class=\"meta-nav\">&rarr;<\/span><\/a><\/p>\n","protected":false},"author":1,"featured_media":0,"parent":13130,"menu_order":60,"comment_status":"closed","ping_status":"open","template":"","meta":{"footnotes":""},"class_list":["post-21582","page","type-page","status-publish","hentry"],"_links":{"self":[{"href":"https:\/\/montreux-vieux.net\/index.php?rest_route=\/wp\/v2\/pages\/21582","targetHints":{"allow":["GET"]}}],"collection":[{"href":"https:\/\/montreux-vieux.net\/index.php?rest_route=\/wp\/v2\/pages"}],"about":[{"href":"https:\/\/montreux-vieux.net\/index.php?rest_route=\/wp\/v2\/types\/page"}],"author":[{"embeddable":true,"href":"https:\/\/montreux-vieux.net\/index.php?rest_route=\/wp\/v2\/users\/1"}],"replies":[{"embeddable":true,"href":"https:\/\/montreux-vieux.net\/index.php?rest_route=%2Fwp%2Fv2%2Fcomments&post=21582"}],"version-history":[{"count":1,"href":"https:\/\/montreux-vieux.net\/index.php?rest_route=\/wp\/v2\/pages\/21582\/revisions"}],"predecessor-version":[{"id":21583,"href":"https:\/\/montreux-vieux.net\/index.php?rest_route=\/wp\/v2\/pages\/21582\/revisions\/21583"}],"up":[{"embeddable":true,"href":"https:\/\/montreux-vieux.net\/index.php?rest_route=\/wp\/v2\/pages\/13130"}],"wp:attachment":[{"href":"https:\/\/montreux-vieux.net\/index.php?rest_route=%2Fwp%2Fv2%2Fmedia&parent=21582"}],"curies":[{"name":"wp","href":"https:\/\/api.w.org\/{rel}","templated":true}]}}