{"id":21585,"date":"2020-10-17T09:53:50","date_gmt":"2020-10-17T08:53:50","guid":{"rendered":"http:\/\/montreux-vieux.net\/?page_id=21585"},"modified":"2020-10-17T09:53:50","modified_gmt":"2020-10-17T08:53:50","slug":"faits-divers-industriels","status":"publish","type":"page","link":"https:\/\/montreux-vieux.net\/?page_id=21585","title":{"rendered":"FAITS DIVERS INDUSTRIELS"},"content":{"rendered":"\n<p>Manufacture de coton incendi\u00e9e \u2014 Le feu a d\u00e9truit presque enti\u00e8rement, \u00e0 Montreux-Vieux, la manufacture de coton de M. Xavier Burkley. On croit que le sinistre fut occasionn\u00e9 par un court-circuit. Les d\u00e9g\u00e2ts s\u2019\u00e9l\u00e8veraient \u00e0 environ un million.\u00a0<\/p>\n\n\n\n<p>Sources\u00a0: La journ\u00e9e Industrielle 23 octobre 1927<\/p>\n","protected":false},"excerpt":{"rendered":"<p>Manufacture de coton incendi\u00e9e \u2014 Le feu a d\u00e9truit presque enti\u00e8rement, \u00e0 Montreux-Vieux, la manufacture de coton de M. Xavier Burkley. On croit que le sinistre fut occasionn\u00e9 par un court-circuit. Les d\u00e9g\u00e2ts s\u2019\u00e9l\u00e8veraient \u00e0 environ un million.\u00a0 Sources\u00a0: La &hellip; <a href=\"https:\/\/montreux-vieux.net\/?page_id=21585\">Continuer la lecture <span class=\"meta-nav\">&rarr;<\/span><\/a><\/p>\n","protected":false},"author":1,"featured_media":0,"parent":13044,"menu_order":765,"comment_status":"closed","ping_status":"open","template":"","meta":{"footnotes":""},"class_list":["post-21585","page","type-page","status-publish","hentry"],"_links":{"self":[{"href":"https:\/\/montreux-vieux.net\/index.php?rest_route=\/wp\/v2\/pages\/21585","targetHints":{"allow":["GET"]}}],"collection":[{"href":"https:\/\/montreux-vieux.net\/index.php?rest_route=\/wp\/v2\/pages"}],"about":[{"href":"https:\/\/montreux-vieux.net\/index.php?rest_route=\/wp\/v2\/types\/page"}],"author":[{"embeddable":true,"href":"https:\/\/montreux-vieux.net\/index.php?rest_route=\/wp\/v2\/users\/1"}],"replies":[{"embeddable":true,"href":"https:\/\/montreux-vieux.net\/index.php?rest_route=%2Fwp%2Fv2%2Fcomments&post=21585"}],"version-history":[{"count":1,"href":"https:\/\/montreux-vieux.net\/index.php?rest_route=\/wp\/v2\/pages\/21585\/revisions"}],"predecessor-version":[{"id":21586,"href":"https:\/\/montreux-vieux.net\/index.php?rest_route=\/wp\/v2\/pages\/21585\/revisions\/21586"}],"up":[{"embeddable":true,"href":"https:\/\/montreux-vieux.net\/index.php?rest_route=\/wp\/v2\/pages\/13044"}],"wp:attachment":[{"href":"https:\/\/montreux-vieux.net\/index.php?rest_route=%2Fwp%2Fv2%2Fmedia&parent=21585"}],"curies":[{"name":"wp","href":"https:\/\/api.w.org\/{rel}","templated":true}]}}