{"id":21603,"date":"2020-10-19T13:03:14","date_gmt":"2020-10-19T12:03:14","guid":{"rendered":"http:\/\/montreux-vieux.net\/?page_id=21603"},"modified":"2020-10-19T13:03:14","modified_gmt":"2020-10-19T12:03:14","slug":"un-pieton-imprudent-est-renverse","status":"publish","type":"page","link":"https:\/\/montreux-vieux.net\/?page_id=21603","title":{"rendered":"Un pi\u00e9ton imprudent est renvers\u00e9."},"content":{"rendered":"\n<p>MONTREUX-VIEUX &nbsp;Un pi\u00e9ton imprudent est renvers\u00e9. \u2014<\/p>\n\n\n\n<p>Deux motocyclistes rencontr\u00e8rent dimanche soir deux pi\u00e9tons, marchant sur la route \u00e0 gauche. L\u2019un des pi\u00e9tons se dirigea tout \u00e0 coup vers le milieu de la route et le choc fut in\u00e9vitable tandis que les motocyclistes en furent pour quelques \u00e9gratignures, le pi\u00e9ton fut plus s\u00e9rieusement bless\u00e9.<\/p>\n\n\n\n<p>Sources&nbsp;: L\u2019Express de Mulhouse 1<sup>er<\/sup> ao\u00fbt 1931<\/p>\n","protected":false},"excerpt":{"rendered":"<p>MONTREUX-VIEUX &nbsp;Un pi\u00e9ton imprudent est renvers\u00e9. \u2014 Deux motocyclistes rencontr\u00e8rent dimanche soir deux pi\u00e9tons, marchant sur la route \u00e0 gauche. L\u2019un des pi\u00e9tons se dirigea tout \u00e0 coup vers le milieu de la route et le choc fut in\u00e9vitable tandis &hellip; <a href=\"https:\/\/montreux-vieux.net\/?page_id=21603\">Continuer la lecture <span class=\"meta-nav\">&rarr;<\/span><\/a><\/p>\n","protected":false},"author":1,"featured_media":0,"parent":13044,"menu_order":770,"comment_status":"closed","ping_status":"open","template":"","meta":{"footnotes":""},"class_list":["post-21603","page","type-page","status-publish","hentry"],"_links":{"self":[{"href":"https:\/\/montreux-vieux.net\/index.php?rest_route=\/wp\/v2\/pages\/21603","targetHints":{"allow":["GET"]}}],"collection":[{"href":"https:\/\/montreux-vieux.net\/index.php?rest_route=\/wp\/v2\/pages"}],"about":[{"href":"https:\/\/montreux-vieux.net\/index.php?rest_route=\/wp\/v2\/types\/page"}],"author":[{"embeddable":true,"href":"https:\/\/montreux-vieux.net\/index.php?rest_route=\/wp\/v2\/users\/1"}],"replies":[{"embeddable":true,"href":"https:\/\/montreux-vieux.net\/index.php?rest_route=%2Fwp%2Fv2%2Fcomments&post=21603"}],"version-history":[{"count":1,"href":"https:\/\/montreux-vieux.net\/index.php?rest_route=\/wp\/v2\/pages\/21603\/revisions"}],"predecessor-version":[{"id":21604,"href":"https:\/\/montreux-vieux.net\/index.php?rest_route=\/wp\/v2\/pages\/21603\/revisions\/21604"}],"up":[{"embeddable":true,"href":"https:\/\/montreux-vieux.net\/index.php?rest_route=\/wp\/v2\/pages\/13044"}],"wp:attachment":[{"href":"https:\/\/montreux-vieux.net\/index.php?rest_route=%2Fwp%2Fv2%2Fmedia&parent=21603"}],"curies":[{"name":"wp","href":"https:\/\/api.w.org\/{rel}","templated":true}]}}