{"id":21609,"date":"2020-10-19T13:20:36","date_gmt":"2020-10-19T12:20:36","guid":{"rendered":"http:\/\/montreux-vieux.net\/?page_id=21609"},"modified":"2020-10-19T13:20:36","modified_gmt":"2020-10-19T12:20:36","slug":"ballersdorf-un-accident-dauto","status":"publish","type":"page","link":"https:\/\/montreux-vieux.net\/?page_id=21609","title":{"rendered":"BALLERSDORF. \u2014 Un accident d\u2019auto. \u2014"},"content":{"rendered":"\n<p>BALLERSDORF. \u2014 Un accident d\u2019auto. \u2014<\/p>\n\n\n\n<p>Hier apr\u00e8s-midi le restaurateur Gutzwiller en rentrant en auto \u00e0 Montreux-Vieux, dut s\u2019arr\u00eater \u00e0 quelques pas de Ballersdorf pour livrer au passage la, charrue d\u2019un cultivateur. Au m\u00eame moment une seconde auto arrivait doubler le v\u00e9hicule de M. Gutzwiller, mais, le passage \u00e9tant trop \u00e9troit, il accrocha la roue arri\u00e8re 4e l\u2019auto arr\u00eat\u00e9e. Le chauffard fut violemment projet\u00e9 dans le champ voisin, mais se releva n\u2019ayant que quelques blessures insignifiantes; M. Gutzwiller, en fut quitt\u00e9 pour la frayeur. Les deux voitures, cependant, ont \u00e9t\u00e9 mises en piteux \u00e9tat<\/p>\n\n\n\n<p>Sources&nbsp;: L\u2019Express de Mulhouse&nbsp;: 6 octobre 1927<\/p>\n","protected":false},"excerpt":{"rendered":"<p>BALLERSDORF. \u2014 Un accident d\u2019auto. \u2014 Hier apr\u00e8s-midi le restaurateur Gutzwiller en rentrant en auto \u00e0 Montreux-Vieux, dut s\u2019arr\u00eater \u00e0 quelques pas de Ballersdorf pour livrer au passage la, charrue d\u2019un cultivateur. Au m\u00eame moment une seconde auto arrivait doubler &hellip; <a href=\"https:\/\/montreux-vieux.net\/?page_id=21609\">Continuer la lecture <span class=\"meta-nav\">&rarr;<\/span><\/a><\/p>\n","protected":false},"author":1,"featured_media":0,"parent":13044,"menu_order":780,"comment_status":"closed","ping_status":"open","template":"","meta":{"footnotes":""},"class_list":["post-21609","page","type-page","status-publish","hentry"],"_links":{"self":[{"href":"https:\/\/montreux-vieux.net\/index.php?rest_route=\/wp\/v2\/pages\/21609","targetHints":{"allow":["GET"]}}],"collection":[{"href":"https:\/\/montreux-vieux.net\/index.php?rest_route=\/wp\/v2\/pages"}],"about":[{"href":"https:\/\/montreux-vieux.net\/index.php?rest_route=\/wp\/v2\/types\/page"}],"author":[{"embeddable":true,"href":"https:\/\/montreux-vieux.net\/index.php?rest_route=\/wp\/v2\/users\/1"}],"replies":[{"embeddable":true,"href":"https:\/\/montreux-vieux.net\/index.php?rest_route=%2Fwp%2Fv2%2Fcomments&post=21609"}],"version-history":[{"count":1,"href":"https:\/\/montreux-vieux.net\/index.php?rest_route=\/wp\/v2\/pages\/21609\/revisions"}],"predecessor-version":[{"id":21610,"href":"https:\/\/montreux-vieux.net\/index.php?rest_route=\/wp\/v2\/pages\/21609\/revisions\/21610"}],"up":[{"embeddable":true,"href":"https:\/\/montreux-vieux.net\/index.php?rest_route=\/wp\/v2\/pages\/13044"}],"wp:attachment":[{"href":"https:\/\/montreux-vieux.net\/index.php?rest_route=%2Fwp%2Fv2%2Fmedia&parent=21609"}],"curies":[{"name":"wp","href":"https:\/\/api.w.org\/{rel}","templated":true}]}}