{"id":21629,"date":"2020-10-20T09:54:40","date_gmt":"2020-10-20T08:54:40","guid":{"rendered":"http:\/\/montreux-vieux.net\/?page_id=21629"},"modified":"2020-10-20T09:54:40","modified_gmt":"2020-10-20T08:54:40","slug":"sports-u-s-montreux-vieux-a-battu-dimanche-en-match-amical-f-s-essert-par-2-a-1","status":"publish","type":"page","link":"https:\/\/montreux-vieux.net\/?page_id=21629","title":{"rendered":"Sports. \u2014 U. S. Montreux-Vieux a battu, dimanche, en match amical, F&rsquo;. S. Essert par 2 \u00e0 1."},"content":{"rendered":"\n<p>Sports. \u2014 U. S. Montreux-Vieux a battu, dimanche, en match amical, F&rsquo;. S. Essert par 2 \u00e0 1.<\/p>\n\n\n\n<p>D\u00e8s le coup d\u2019envoi, Essert se montre tr\u00e8s sup\u00e9rieur \u00e0 Montreux-Vieux, mais ne parvient pas \u00e0 marquer, les arri\u00e8res brisant chaque fois leurs tentatives. Quelques minutes avant la mi-temps. Essert marque le premier but sur penalty.<\/p>\n\n\n\n<p>Apr\u00e8s la reprise, Montreux-Vieux joue toujours dans les dix-huit m\u00e8tres adverses, mais ne parvient pas \u00e0 tromper le gardien, tr\u00e8s s\u00fbr dans ses bois. Quelques minutes avant la lin, Montreux-Vieux parvient \u00e0 marquer sur penalty que Schott F., transforme et Grosjean marque le second but aussit\u00f4t apr\u00e8s.<\/p>\n\n\n\n<p>La fin se termine sans changement. Le gardien d\u2019Essert fut le meilleur homme sur le terrain.<\/p>\n\n\n\n<p>Sources&nbsp;: Le R\u00e9publicain de Belfort 1<sup>er<\/sup> mars 1930<\/p>\n","protected":false},"excerpt":{"rendered":"<p>Sports. \u2014 U. S. Montreux-Vieux a battu, dimanche, en match amical, F&rsquo;. S. Essert par 2 \u00e0 1. D\u00e8s le coup d\u2019envoi, Essert se montre tr\u00e8s sup\u00e9rieur \u00e0 Montreux-Vieux, mais ne parvient pas \u00e0 marquer, les arri\u00e8res brisant chaque fois &hellip; <a href=\"https:\/\/montreux-vieux.net\/?page_id=21629\">Continuer la lecture <span class=\"meta-nav\">&rarr;<\/span><\/a><\/p>\n","protected":false},"author":1,"featured_media":0,"parent":4608,"menu_order":15,"comment_status":"closed","ping_status":"open","template":"","meta":{"footnotes":""},"class_list":["post-21629","page","type-page","status-publish","hentry"],"_links":{"self":[{"href":"https:\/\/montreux-vieux.net\/index.php?rest_route=\/wp\/v2\/pages\/21629","targetHints":{"allow":["GET"]}}],"collection":[{"href":"https:\/\/montreux-vieux.net\/index.php?rest_route=\/wp\/v2\/pages"}],"about":[{"href":"https:\/\/montreux-vieux.net\/index.php?rest_route=\/wp\/v2\/types\/page"}],"author":[{"embeddable":true,"href":"https:\/\/montreux-vieux.net\/index.php?rest_route=\/wp\/v2\/users\/1"}],"replies":[{"embeddable":true,"href":"https:\/\/montreux-vieux.net\/index.php?rest_route=%2Fwp%2Fv2%2Fcomments&post=21629"}],"version-history":[{"count":1,"href":"https:\/\/montreux-vieux.net\/index.php?rest_route=\/wp\/v2\/pages\/21629\/revisions"}],"predecessor-version":[{"id":21630,"href":"https:\/\/montreux-vieux.net\/index.php?rest_route=\/wp\/v2\/pages\/21629\/revisions\/21630"}],"up":[{"embeddable":true,"href":"https:\/\/montreux-vieux.net\/index.php?rest_route=\/wp\/v2\/pages\/4608"}],"wp:attachment":[{"href":"https:\/\/montreux-vieux.net\/index.php?rest_route=%2Fwp%2Fv2%2Fmedia&parent=21629"}],"curies":[{"name":"wp","href":"https:\/\/api.w.org\/{rel}","templated":true}]}}