{"id":21632,"date":"2020-10-20T10:00:51","date_gmt":"2020-10-20T09:00:51","guid":{"rendered":"http:\/\/montreux-vieux.net\/?page_id=21632"},"modified":"2020-10-20T10:00:51","modified_gmt":"2020-10-20T09:00:51","slug":"un-pont-dynamite","status":"publish","type":"page","link":"https:\/\/montreux-vieux.net\/?page_id=21632","title":{"rendered":"Un pont dynamit\u00e9"},"content":{"rendered":"\n<p>Montreux-Vieux, 2 avril. \u2014 Entre la gare de Montreux-Vieux et Petit Croix se trouve, au-dessus de la voie, un pont en pierre qui est en dehors du profil normal allemand. Des soldats du g\u00e9nie, dirig\u00e9s par des officiers, y sont occup\u00e9s \u00e0 y forer des trous de mine; quand leur travail sera achev\u00e9, on fera sauter le pont en pr\u00e9sence d\u2019employ\u00e9s du chemin de fer et d\u2019officiers de Mulhouse et de Strasbourg; ce dernier acte de l\u2019op\u00e9ration doit avoir lieu aujourd\u2019hui apr\u00e8s-midi.<\/p>\n\n\n\n<p>Sources&nbsp;: Express 3 avril 1884<\/p>\n","protected":false},"excerpt":{"rendered":"<p>Montreux-Vieux, 2 avril. \u2014 Entre la gare de Montreux-Vieux et Petit Croix se trouve, au-dessus de la voie, un pont en pierre qui est en dehors du profil normal allemand. Des soldats du g\u00e9nie, dirig\u00e9s par des officiers, y sont &hellip; <a href=\"https:\/\/montreux-vieux.net\/?page_id=21632\">Continuer la lecture <span class=\"meta-nav\">&rarr;<\/span><\/a><\/p>\n","protected":false},"author":1,"featured_media":0,"parent":13013,"menu_order":135,"comment_status":"closed","ping_status":"open","template":"","meta":{"footnotes":""},"class_list":["post-21632","page","type-page","status-publish","hentry"],"_links":{"self":[{"href":"https:\/\/montreux-vieux.net\/index.php?rest_route=\/wp\/v2\/pages\/21632","targetHints":{"allow":["GET"]}}],"collection":[{"href":"https:\/\/montreux-vieux.net\/index.php?rest_route=\/wp\/v2\/pages"}],"about":[{"href":"https:\/\/montreux-vieux.net\/index.php?rest_route=\/wp\/v2\/types\/page"}],"author":[{"embeddable":true,"href":"https:\/\/montreux-vieux.net\/index.php?rest_route=\/wp\/v2\/users\/1"}],"replies":[{"embeddable":true,"href":"https:\/\/montreux-vieux.net\/index.php?rest_route=%2Fwp%2Fv2%2Fcomments&post=21632"}],"version-history":[{"count":1,"href":"https:\/\/montreux-vieux.net\/index.php?rest_route=\/wp\/v2\/pages\/21632\/revisions"}],"predecessor-version":[{"id":21633,"href":"https:\/\/montreux-vieux.net\/index.php?rest_route=\/wp\/v2\/pages\/21632\/revisions\/21633"}],"up":[{"embeddable":true,"href":"https:\/\/montreux-vieux.net\/index.php?rest_route=\/wp\/v2\/pages\/13013"}],"wp:attachment":[{"href":"https:\/\/montreux-vieux.net\/index.php?rest_route=%2Fwp%2Fv2%2Fmedia&parent=21632"}],"curies":[{"name":"wp","href":"https:\/\/api.w.org\/{rel}","templated":true}]}}