{"id":21635,"date":"2020-10-20T10:10:24","date_gmt":"2020-10-20T09:10:24","guid":{"rendered":"http:\/\/montreux-vieux.net\/?page_id=21635"},"modified":"2020-10-20T10:10:24","modified_gmt":"2020-10-20T09:10:24","slug":"un-jeune-mulhousien-incorpore-en-fuite","status":"publish","type":"page","link":"https:\/\/montreux-vieux.net\/?page_id=21635","title":{"rendered":"Un jeune Mulhousien, incorpor\u00e9, en fuite"},"content":{"rendered":"\n<p>Enfin, on me t\u00e9l\u00e9graphie, aujourd&rsquo;hui m\u00eame de Mulhouse qu\u2019un jeune Mulhousien incorpor\u00e9 il y a un mois dans un r\u00e9giment en garnison \u00e0 Mayence \u00e9tait parvenu \u00e0 fuir; mais arr\u00eate \u00e0 Montreux-Vieux, dans le train en partance pour Belfort, il a \u00e9t\u00e9 ramen\u00e9 \u00e0 Mulhouse menottes aux mains.<\/p>\n\n\n\n<p>Sources&nbsp;: 8 novembre 1889<\/p>\n","protected":false},"excerpt":{"rendered":"<p>Enfin, on me t\u00e9l\u00e9graphie, aujourd&rsquo;hui m\u00eame de Mulhouse qu\u2019un jeune Mulhousien incorpor\u00e9 il y a un mois dans un r\u00e9giment en garnison \u00e0 Mayence \u00e9tait parvenu \u00e0 fuir; mais arr\u00eate \u00e0 Montreux-Vieux, dans le train en partance pour Belfort, il &hellip; <a href=\"https:\/\/montreux-vieux.net\/?page_id=21635\">Continuer la lecture <span class=\"meta-nav\">&rarr;<\/span><\/a><\/p>\n","protected":false},"author":1,"featured_media":0,"parent":20403,"menu_order":115,"comment_status":"closed","ping_status":"open","template":"","meta":{"footnotes":""},"class_list":["post-21635","page","type-page","status-publish","hentry"],"_links":{"self":[{"href":"https:\/\/montreux-vieux.net\/index.php?rest_route=\/wp\/v2\/pages\/21635","targetHints":{"allow":["GET"]}}],"collection":[{"href":"https:\/\/montreux-vieux.net\/index.php?rest_route=\/wp\/v2\/pages"}],"about":[{"href":"https:\/\/montreux-vieux.net\/index.php?rest_route=\/wp\/v2\/types\/page"}],"author":[{"embeddable":true,"href":"https:\/\/montreux-vieux.net\/index.php?rest_route=\/wp\/v2\/users\/1"}],"replies":[{"embeddable":true,"href":"https:\/\/montreux-vieux.net\/index.php?rest_route=%2Fwp%2Fv2%2Fcomments&post=21635"}],"version-history":[{"count":1,"href":"https:\/\/montreux-vieux.net\/index.php?rest_route=\/wp\/v2\/pages\/21635\/revisions"}],"predecessor-version":[{"id":21636,"href":"https:\/\/montreux-vieux.net\/index.php?rest_route=\/wp\/v2\/pages\/21635\/revisions\/21636"}],"up":[{"embeddable":true,"href":"https:\/\/montreux-vieux.net\/index.php?rest_route=\/wp\/v2\/pages\/20403"}],"wp:attachment":[{"href":"https:\/\/montreux-vieux.net\/index.php?rest_route=%2Fwp%2Fv2%2Fmedia&parent=21635"}],"curies":[{"name":"wp","href":"https:\/\/api.w.org\/{rel}","templated":true}]}}