{"id":21639,"date":"2020-10-21T13:55:39","date_gmt":"2020-10-21T12:55:39","guid":{"rendered":"http:\/\/montreux-vieux.net\/?page_id=21639"},"modified":"2020-10-21T13:55:39","modified_gmt":"2020-10-21T12:55:39","slug":"7-employes-de-chemin-de-fer-arretes","status":"publish","type":"page","link":"https:\/\/montreux-vieux.net\/?page_id=21639","title":{"rendered":"7 employ\u00e9s de chemin de fer arr\u00eat\u00e9s"},"content":{"rendered":"\n<p>MONTREUX-VIEUX, 6 mars. \u2014 On a arr\u00eat\u00e9 ici un certain nombre d\u2019employ\u00e9s de chemins de fer pour vols et on les a transportes \u00e0 la prison de Mulhouse. D&rsquo;autres arrestations eurent.lieu, le nombre des voleurs d\u00e9couverts est de sept jusqu&rsquo;\u00e0 pr\u00e9sent.<\/p>\n\n\n\n<p>Sources&nbsp;: Express 7 mars 1914<\/p>\n","protected":false},"excerpt":{"rendered":"<p>MONTREUX-VIEUX, 6 mars. \u2014 On a arr\u00eat\u00e9 ici un certain nombre d\u2019employ\u00e9s de chemins de fer pour vols et on les a transportes \u00e0 la prison de Mulhouse. D&rsquo;autres arrestations eurent.lieu, le nombre des voleurs d\u00e9couverts est de sept jusqu&rsquo;\u00e0 &hellip; <a href=\"https:\/\/montreux-vieux.net\/?page_id=21639\">Continuer la lecture <span class=\"meta-nav\">&rarr;<\/span><\/a><\/p>\n","protected":false},"author":1,"featured_media":0,"parent":13044,"menu_order":785,"comment_status":"closed","ping_status":"open","template":"","meta":{"footnotes":""},"class_list":["post-21639","page","type-page","status-publish","hentry"],"_links":{"self":[{"href":"https:\/\/montreux-vieux.net\/index.php?rest_route=\/wp\/v2\/pages\/21639","targetHints":{"allow":["GET"]}}],"collection":[{"href":"https:\/\/montreux-vieux.net\/index.php?rest_route=\/wp\/v2\/pages"}],"about":[{"href":"https:\/\/montreux-vieux.net\/index.php?rest_route=\/wp\/v2\/types\/page"}],"author":[{"embeddable":true,"href":"https:\/\/montreux-vieux.net\/index.php?rest_route=\/wp\/v2\/users\/1"}],"replies":[{"embeddable":true,"href":"https:\/\/montreux-vieux.net\/index.php?rest_route=%2Fwp%2Fv2%2Fcomments&post=21639"}],"version-history":[{"count":1,"href":"https:\/\/montreux-vieux.net\/index.php?rest_route=\/wp\/v2\/pages\/21639\/revisions"}],"predecessor-version":[{"id":21640,"href":"https:\/\/montreux-vieux.net\/index.php?rest_route=\/wp\/v2\/pages\/21639\/revisions\/21640"}],"up":[{"embeddable":true,"href":"https:\/\/montreux-vieux.net\/index.php?rest_route=\/wp\/v2\/pages\/13044"}],"wp:attachment":[{"href":"https:\/\/montreux-vieux.net\/index.php?rest_route=%2Fwp%2Fv2%2Fmedia&parent=21639"}],"curies":[{"name":"wp","href":"https:\/\/api.w.org\/{rel}","templated":true}]}}