{"id":21642,"date":"2020-10-21T14:01:43","date_gmt":"2020-10-21T13:01:43","guid":{"rendered":"http:\/\/montreux-vieux.net\/?page_id=21642"},"modified":"2020-10-21T14:01:43","modified_gmt":"2020-10-21T13:01:43","slug":"la-brutalite-des-employes-subalternes","status":"publish","type":"page","link":"https:\/\/montreux-vieux.net\/?page_id=21642","title":{"rendered":"La brutalit\u00e9 des employ\u00e9s subalternes"},"content":{"rendered":"\n<p>La brutalit\u00e9 des employ\u00e9s subalternes, et sp\u00e9cialement de ceux qui sont charg\u00e9s de v\u00e9rifier les passe ports aux fronti\u00e8res a \u00e9t\u00e9 comment\u00e9e par de nombreux exemples d\u00e9j\u00e0. En voici un qui vient de se passer \u00e0 Montreux-Vieux : trois messieurs alsaciens venaient de rentrer en Alsace, munis-de passeports en r\u00e8gle ; une jeune fille se pr\u00e9sente et se voit fortement rudoy\u00e9e par le gendarme, qui constate que sur son passeport il manquait l&rsquo;\u00e2ge. Les trois messieurs observaient la sc\u00e8ne, lorsque l&#8217;employ\u00e9 furieux, se tourne vers eux, il les somme de se rendre \u00e0 la salle d&rsquo;attente. Comme ils \u00e9taient curieux de voir la fin de la discussion qu&rsquo;il avait avec la jeune fille, il les menace de les faire arr\u00eater s&rsquo;ils ne quittaient pas imm\u00e9diatement la salle, disant qu&rsquo;ils n&rsquo;avaient pas besoin de regarder le \u00ab&nbsp; drame \u00bb qui se jouait l\u00e0. Il ne se doutait pas, le pauvre homme, qu&rsquo;il en \u00e9tait l&rsquo;unique h\u00e9ros<\/p>\n\n\n\n<p>Sources&nbsp;: Le Si\u00e8cle 1<sup>er<\/sup> f\u00e9vrier 1889<\/p>\n","protected":false},"excerpt":{"rendered":"<p>La brutalit\u00e9 des employ\u00e9s subalternes, et sp\u00e9cialement de ceux qui sont charg\u00e9s de v\u00e9rifier les passe ports aux fronti\u00e8res a \u00e9t\u00e9 comment\u00e9e par de nombreux exemples d\u00e9j\u00e0. En voici un qui vient de se passer \u00e0 Montreux-Vieux : trois messieurs &hellip; <a href=\"https:\/\/montreux-vieux.net\/?page_id=21642\">Continuer la lecture <span class=\"meta-nav\">&rarr;<\/span><\/a><\/p>\n","protected":false},"author":1,"featured_media":0,"parent":20403,"menu_order":120,"comment_status":"closed","ping_status":"open","template":"","meta":{"footnotes":""},"class_list":["post-21642","page","type-page","status-publish","hentry"],"_links":{"self":[{"href":"https:\/\/montreux-vieux.net\/index.php?rest_route=\/wp\/v2\/pages\/21642","targetHints":{"allow":["GET"]}}],"collection":[{"href":"https:\/\/montreux-vieux.net\/index.php?rest_route=\/wp\/v2\/pages"}],"about":[{"href":"https:\/\/montreux-vieux.net\/index.php?rest_route=\/wp\/v2\/types\/page"}],"author":[{"embeddable":true,"href":"https:\/\/montreux-vieux.net\/index.php?rest_route=\/wp\/v2\/users\/1"}],"replies":[{"embeddable":true,"href":"https:\/\/montreux-vieux.net\/index.php?rest_route=%2Fwp%2Fv2%2Fcomments&post=21642"}],"version-history":[{"count":1,"href":"https:\/\/montreux-vieux.net\/index.php?rest_route=\/wp\/v2\/pages\/21642\/revisions"}],"predecessor-version":[{"id":21643,"href":"https:\/\/montreux-vieux.net\/index.php?rest_route=\/wp\/v2\/pages\/21642\/revisions\/21643"}],"up":[{"embeddable":true,"href":"https:\/\/montreux-vieux.net\/index.php?rest_route=\/wp\/v2\/pages\/20403"}],"wp:attachment":[{"href":"https:\/\/montreux-vieux.net\/index.php?rest_route=%2Fwp%2Fv2%2Fmedia&parent=21642"}],"curies":[{"name":"wp","href":"https:\/\/api.w.org\/{rel}","templated":true}]}}