{"id":21645,"date":"2020-10-21T14:07:08","date_gmt":"2020-10-21T13:07:08","guid":{"rendered":"http:\/\/montreux-vieux.net\/?page_id=21645"},"modified":"2020-10-21T14:07:08","modified_gmt":"2020-10-21T13:07:08","slug":"le-serre-frein-aschimber-tombe-du-train","status":"publish","type":"page","link":"https:\/\/montreux-vieux.net\/?page_id=21645","title":{"rendered":"Le serre-frein Aschimber tombe du train"},"content":{"rendered":"\n<p>Le serre-frein Aschimber, faisant le service entre Mulhouse et Montreux-Vieux, tomba de wagon pendant le trajet et fut gravement mutil\u00e9, son \u00e9tat est d\u00e9sesp\u00e9r\u00e9.<\/p>\n\n\n\n<p>Sources&nbsp;: Le Petit Parisien 11 juillet 1891<\/p>\n","protected":false},"excerpt":{"rendered":"<p>Le serre-frein Aschimber, faisant le service entre Mulhouse et Montreux-Vieux, tomba de wagon pendant le trajet et fut gravement mutil\u00e9, son \u00e9tat est d\u00e9sesp\u00e9r\u00e9. Sources&nbsp;: Le Petit Parisien 11 juillet 1891<\/p>\n","protected":false},"author":1,"featured_media":0,"parent":13009,"menu_order":175,"comment_status":"closed","ping_status":"open","template":"","meta":{"footnotes":""},"class_list":["post-21645","page","type-page","status-publish","hentry"],"_links":{"self":[{"href":"https:\/\/montreux-vieux.net\/index.php?rest_route=\/wp\/v2\/pages\/21645","targetHints":{"allow":["GET"]}}],"collection":[{"href":"https:\/\/montreux-vieux.net\/index.php?rest_route=\/wp\/v2\/pages"}],"about":[{"href":"https:\/\/montreux-vieux.net\/index.php?rest_route=\/wp\/v2\/types\/page"}],"author":[{"embeddable":true,"href":"https:\/\/montreux-vieux.net\/index.php?rest_route=\/wp\/v2\/users\/1"}],"replies":[{"embeddable":true,"href":"https:\/\/montreux-vieux.net\/index.php?rest_route=%2Fwp%2Fv2%2Fcomments&post=21645"}],"version-history":[{"count":1,"href":"https:\/\/montreux-vieux.net\/index.php?rest_route=\/wp\/v2\/pages\/21645\/revisions"}],"predecessor-version":[{"id":21646,"href":"https:\/\/montreux-vieux.net\/index.php?rest_route=\/wp\/v2\/pages\/21645\/revisions\/21646"}],"up":[{"embeddable":true,"href":"https:\/\/montreux-vieux.net\/index.php?rest_route=\/wp\/v2\/pages\/13009"}],"wp:attachment":[{"href":"https:\/\/montreux-vieux.net\/index.php?rest_route=%2Fwp%2Fv2%2Fmedia&parent=21645"}],"curies":[{"name":"wp","href":"https:\/\/api.w.org\/{rel}","templated":true}]}}