{"id":21663,"date":"2020-10-22T13:57:52","date_gmt":"2020-10-22T12:57:52","guid":{"rendered":"http:\/\/montreux-vieux.net\/?page_id=21663"},"modified":"2020-10-22T13:59:17","modified_gmt":"2020-10-22T12:59:17","slug":"depart-du-gendarme-grauer","status":"publish","type":"page","link":"https:\/\/montreux-vieux.net\/?page_id=21663","title":{"rendered":"D\u00e9part du gendarme Grauer"},"content":{"rendered":"\n<p>&nbsp;Blodelsheim&nbsp; M. Grauer gendarme \u00e0 Montreux- Vieux, a \u00e9t\u00e9 promu chef de la brigade de gendarmerie de Blodelsheim. On ne voit, pas avec plaisir \u00e0 Montreux-Vieux le d\u00e9part de M. Grauer.<\/p>\n\n\n\n<p>Sources&nbsp;: L\u2019Express de Mulhouse 7 mars 1921<\/p>\n","protected":false},"excerpt":{"rendered":"<p>&nbsp;Blodelsheim&nbsp; M. Grauer gendarme \u00e0 Montreux- Vieux, a \u00e9t\u00e9 promu chef de la brigade de gendarmerie de Blodelsheim. On ne voit, pas avec plaisir \u00e0 Montreux-Vieux le d\u00e9part de M. Grauer. Sources&nbsp;: L\u2019Express de Mulhouse 7 mars 1921<\/p>\n","protected":false},"author":1,"featured_media":0,"parent":13095,"menu_order":235,"comment_status":"closed","ping_status":"open","template":"","meta":{"footnotes":""},"class_list":["post-21663","page","type-page","status-publish","hentry"],"_links":{"self":[{"href":"https:\/\/montreux-vieux.net\/index.php?rest_route=\/wp\/v2\/pages\/21663","targetHints":{"allow":["GET"]}}],"collection":[{"href":"https:\/\/montreux-vieux.net\/index.php?rest_route=\/wp\/v2\/pages"}],"about":[{"href":"https:\/\/montreux-vieux.net\/index.php?rest_route=\/wp\/v2\/types\/page"}],"author":[{"embeddable":true,"href":"https:\/\/montreux-vieux.net\/index.php?rest_route=\/wp\/v2\/users\/1"}],"replies":[{"embeddable":true,"href":"https:\/\/montreux-vieux.net\/index.php?rest_route=%2Fwp%2Fv2%2Fcomments&post=21663"}],"version-history":[{"count":1,"href":"https:\/\/montreux-vieux.net\/index.php?rest_route=\/wp\/v2\/pages\/21663\/revisions"}],"predecessor-version":[{"id":21664,"href":"https:\/\/montreux-vieux.net\/index.php?rest_route=\/wp\/v2\/pages\/21663\/revisions\/21664"}],"up":[{"embeddable":true,"href":"https:\/\/montreux-vieux.net\/index.php?rest_route=\/wp\/v2\/pages\/13095"}],"wp:attachment":[{"href":"https:\/\/montreux-vieux.net\/index.php?rest_route=%2Fwp%2Fv2%2Fmedia&parent=21663"}],"curies":[{"name":"wp","href":"https:\/\/api.w.org\/{rel}","templated":true}]}}