{"id":21667,"date":"2020-10-22T14:17:51","date_gmt":"2020-10-22T13:17:51","guid":{"rendered":"http:\/\/montreux-vieux.net\/?page_id=21667"},"modified":"2020-10-22T14:17:51","modified_gmt":"2020-10-22T13:17:51","slug":"fete-de-larbre-de-noel","status":"publish","type":"page","link":"https:\/\/montreux-vieux.net\/?page_id=21667","title":{"rendered":"F\u00eate de L\u2019Arbre de No\u00ebl."},"content":{"rendered":"\n<p>F\u00eate de L\u2019Arbre de No\u00ebl. \u2014 Le jour de No\u00ebl la jeunesse de Montreux-Vieux \u00e9tait en f\u00eate. A la salle Heinis bien chaude et mise gracieusement \u00e0 disposition pour la circonstance, les enfants des \u00e9coles se pressaient avec une foule nombreuse de parents et d\u2019amis venus se r\u00e9jouir \u00e0 cette f\u00eate de famille. Chaque classe de nos \u00e9coles fournit une partie du programme et des plus grands aux plus petits chacun s\u00fbt remplir son r\u00f4le avec c\u0153ur.<\/p>\n\n\n\n<p>La ronde des enfants, d\u2019apparition de la f\u00e9e, les chants, les sayn\u00e8tes r\u00e9unirent les plus chaleureux applaudissements de l\u2019assistance.<\/p>\n\n\n\n<p>l.e moment le plus beau fut sans doute, pour les enfants, celui o\u00f9 M. Catt\u00e9, maire de Montreux-Vieux, aid\u00e9 de l\u2019instituteur et des institutrices, distribua des jouets et des friandises \u00e0 chacun des enfants de la commune.<\/p>\n\n\n\n<p>M. le Maire, le personnel enseignant de nos \u00e9coles et tous ceux qui ont contribu\u00e9 \u00e0 l\u2019organisation et r\u00e9ussite de cette f\u00eate, qui fit la joie des enfants et le bonheur des parents, m\u00e9ritent nos plus sinc\u00e8res f\u00e9licitations.<\/p>\n\n\n\n<p>Sources&nbsp;: Le R\u00e9publicain de Belfort 5 janvier 1929<\/p>\n","protected":false},"excerpt":{"rendered":"<p>F\u00eate de L\u2019Arbre de No\u00ebl. \u2014 Le jour de No\u00ebl la jeunesse de Montreux-Vieux \u00e9tait en f\u00eate. A la salle Heinis bien chaude et mise gracieusement \u00e0 disposition pour la circonstance, les enfants des \u00e9coles se pressaient avec une foule &hellip; <a href=\"https:\/\/montreux-vieux.net\/?page_id=21667\">Continuer la lecture <span class=\"meta-nav\">&rarr;<\/span><\/a><\/p>\n","protected":false},"author":1,"featured_media":0,"parent":21303,"menu_order":60,"comment_status":"closed","ping_status":"open","template":"","meta":{"footnotes":""},"class_list":["post-21667","page","type-page","status-publish","hentry"],"_links":{"self":[{"href":"https:\/\/montreux-vieux.net\/index.php?rest_route=\/wp\/v2\/pages\/21667","targetHints":{"allow":["GET"]}}],"collection":[{"href":"https:\/\/montreux-vieux.net\/index.php?rest_route=\/wp\/v2\/pages"}],"about":[{"href":"https:\/\/montreux-vieux.net\/index.php?rest_route=\/wp\/v2\/types\/page"}],"author":[{"embeddable":true,"href":"https:\/\/montreux-vieux.net\/index.php?rest_route=\/wp\/v2\/users\/1"}],"replies":[{"embeddable":true,"href":"https:\/\/montreux-vieux.net\/index.php?rest_route=%2Fwp%2Fv2%2Fcomments&post=21667"}],"version-history":[{"count":1,"href":"https:\/\/montreux-vieux.net\/index.php?rest_route=\/wp\/v2\/pages\/21667\/revisions"}],"predecessor-version":[{"id":21668,"href":"https:\/\/montreux-vieux.net\/index.php?rest_route=\/wp\/v2\/pages\/21667\/revisions\/21668"}],"up":[{"embeddable":true,"href":"https:\/\/montreux-vieux.net\/index.php?rest_route=\/wp\/v2\/pages\/21303"}],"wp:attachment":[{"href":"https:\/\/montreux-vieux.net\/index.php?rest_route=%2Fwp%2Fv2%2Fmedia&parent=21667"}],"curies":[{"name":"wp","href":"https:\/\/api.w.org\/{rel}","templated":true}]}}