{"id":21670,"date":"2020-10-23T09:56:41","date_gmt":"2020-10-23T08:56:41","guid":{"rendered":"http:\/\/montreux-vieux.net\/?page_id=21670"},"modified":"2020-10-23T09:56:41","modified_gmt":"2020-10-23T08:56:41","slug":"transport-de-choux-pommes-et-argent","status":"publish","type":"page","link":"https:\/\/montreux-vieux.net\/?page_id=21670","title":{"rendered":"Transport de choux, pommes et argent"},"content":{"rendered":"\n<p>Montreux-Vieux. \u2014 On nous \u00e9crit : Il &nbsp;se fait actuellement un grand \u00e9change denr\u00e9es entre&nbsp; l\u2019Allemagne et la France.&nbsp; Cette derni\u00e8re nous envoie des wagons complets de pommes qu\u2019on lui retourne charg\u00e9s de choux destin\u00e9s \u00e0 la manufacture de choucroute de Belfort. Il a pass\u00e9&nbsp; aussi, ces jours-ci, plusieurs wagons&nbsp; complets d\u2019argent monnay\u00e9 venant de Paris \u00e0 destination de la Suisse.<\/p>\n\n\n\n<p>Sources&nbsp;:L\u2019Express 3 novembre 1895<\/p>\n","protected":false},"excerpt":{"rendered":"<p>Montreux-Vieux. \u2014 On nous \u00e9crit : Il &nbsp;se fait actuellement un grand \u00e9change denr\u00e9es entre&nbsp; l\u2019Allemagne et la France.&nbsp; Cette derni\u00e8re nous envoie des wagons complets de pommes qu\u2019on lui retourne charg\u00e9s de choux destin\u00e9s \u00e0 la manufacture de choucroute &hellip; <a href=\"https:\/\/montreux-vieux.net\/?page_id=21670\">Continuer la lecture <span class=\"meta-nav\">&rarr;<\/span><\/a><\/p>\n","protected":false},"author":1,"featured_media":0,"parent":13007,"menu_order":250,"comment_status":"closed","ping_status":"open","template":"","meta":{"footnotes":""},"class_list":["post-21670","page","type-page","status-publish","hentry"],"_links":{"self":[{"href":"https:\/\/montreux-vieux.net\/index.php?rest_route=\/wp\/v2\/pages\/21670","targetHints":{"allow":["GET"]}}],"collection":[{"href":"https:\/\/montreux-vieux.net\/index.php?rest_route=\/wp\/v2\/pages"}],"about":[{"href":"https:\/\/montreux-vieux.net\/index.php?rest_route=\/wp\/v2\/types\/page"}],"author":[{"embeddable":true,"href":"https:\/\/montreux-vieux.net\/index.php?rest_route=\/wp\/v2\/users\/1"}],"replies":[{"embeddable":true,"href":"https:\/\/montreux-vieux.net\/index.php?rest_route=%2Fwp%2Fv2%2Fcomments&post=21670"}],"version-history":[{"count":1,"href":"https:\/\/montreux-vieux.net\/index.php?rest_route=\/wp\/v2\/pages\/21670\/revisions"}],"predecessor-version":[{"id":21671,"href":"https:\/\/montreux-vieux.net\/index.php?rest_route=\/wp\/v2\/pages\/21670\/revisions\/21671"}],"up":[{"embeddable":true,"href":"https:\/\/montreux-vieux.net\/index.php?rest_route=\/wp\/v2\/pages\/13007"}],"wp:attachment":[{"href":"https:\/\/montreux-vieux.net\/index.php?rest_route=%2Fwp%2Fv2%2Fmedia&parent=21670"}],"curies":[{"name":"wp","href":"https:\/\/api.w.org\/{rel}","templated":true}]}}