{"id":21673,"date":"2020-10-23T10:02:22","date_gmt":"2020-10-23T09:02:22","guid":{"rendered":"http:\/\/montreux-vieux.net\/?page_id=21673"},"modified":"2020-10-23T10:02:22","modified_gmt":"2020-10-23T09:02:22","slug":"trafic-des-plus-considerables","status":"publish","type":"page","link":"https:\/\/montreux-vieux.net\/?page_id=21673","title":{"rendered":"Trafic des plus consid\u00e9rables"},"content":{"rendered":"\n<p>Montreux Vieux. \u2014 Un nous \u00e9crit le 10 : A l\u2019encontre de la fr\u00e9quence des voyageurs sur la ligne de chemin de fer de Paris Mulhouse, le trafic des marchandises y est actuellement des plus consid\u00e9rables. On organise tous les jours des trains sp\u00e9ciaux pour \u00e9couler les wagons qui arrivent en masse et qui sont charg\u00e9s surtout de coton, \u00e0 destination de la Russie, et de b\u00e9tail, qui reste dans le pays.<\/p>\n\n\n\n<p>Sources&nbsp;: Express 13 janvier 1894<\/p>\n","protected":false},"excerpt":{"rendered":"<p>Montreux Vieux. \u2014 Un nous \u00e9crit le 10 : A l\u2019encontre de la fr\u00e9quence des voyageurs sur la ligne de chemin de fer de Paris Mulhouse, le trafic des marchandises y est actuellement des plus consid\u00e9rables. On organise tous les &hellip; <a href=\"https:\/\/montreux-vieux.net\/?page_id=21673\">Continuer la lecture <span class=\"meta-nav\">&rarr;<\/span><\/a><\/p>\n","protected":false},"author":1,"featured_media":0,"parent":13007,"menu_order":255,"comment_status":"closed","ping_status":"open","template":"","meta":{"footnotes":""},"class_list":["post-21673","page","type-page","status-publish","hentry"],"_links":{"self":[{"href":"https:\/\/montreux-vieux.net\/index.php?rest_route=\/wp\/v2\/pages\/21673","targetHints":{"allow":["GET"]}}],"collection":[{"href":"https:\/\/montreux-vieux.net\/index.php?rest_route=\/wp\/v2\/pages"}],"about":[{"href":"https:\/\/montreux-vieux.net\/index.php?rest_route=\/wp\/v2\/types\/page"}],"author":[{"embeddable":true,"href":"https:\/\/montreux-vieux.net\/index.php?rest_route=\/wp\/v2\/users\/1"}],"replies":[{"embeddable":true,"href":"https:\/\/montreux-vieux.net\/index.php?rest_route=%2Fwp%2Fv2%2Fcomments&post=21673"}],"version-history":[{"count":1,"href":"https:\/\/montreux-vieux.net\/index.php?rest_route=\/wp\/v2\/pages\/21673\/revisions"}],"predecessor-version":[{"id":21674,"href":"https:\/\/montreux-vieux.net\/index.php?rest_route=\/wp\/v2\/pages\/21673\/revisions\/21674"}],"up":[{"embeddable":true,"href":"https:\/\/montreux-vieux.net\/index.php?rest_route=\/wp\/v2\/pages\/13007"}],"wp:attachment":[{"href":"https:\/\/montreux-vieux.net\/index.php?rest_route=%2Fwp%2Fv2%2Fmedia&parent=21673"}],"curies":[{"name":"wp","href":"https:\/\/api.w.org\/{rel}","templated":true}]}}