{"id":21681,"date":"2020-10-23T13:09:22","date_gmt":"2020-10-23T12:09:22","guid":{"rendered":"http:\/\/montreux-vieux.net\/?page_id=21681"},"modified":"2024-10-05T14:47:00","modified_gmt":"2024-10-05T13:47:00","slug":"nomination-au-grade-de-caporal","status":"publish","type":"page","link":"https:\/\/montreux-vieux.net\/?page_id=21681","title":{"rendered":"Nomination au grade de caporal"},"content":{"rendered":"\n<p>Hattenberger (Eug\u00e8ne), caporal au corps de sapeurs-pompiers de Montreux-Vieux.<\/p>\n\n\n\n<p>JO 11 juillet 1947<\/p>\n\n\n\n<h2 class=\"wp-block-heading\"><strong>C\u00e9r\u00e9monies du 14 septembre 2024<\/strong><\/h2>\n\n\n\n<p><strong>C\u00e9r\u00e9monie \u00e0 Montreux-Vieux le 14 septembre 2024. Remise de m\u00e9dailles et promotions des sapeurs-pompiers locaux.<\/strong> <\/p>\n\n\n\n<figure class=\"wp-block-image size-full\"><img loading=\"lazy\" decoding=\"async\" width=\"571\" height=\"600\" src=\"https:\/\/montreux-vieux.net\/montreux-vieux.net\/wp-content\/uploads\/2024\/10\/image-3.png\" alt=\"\" class=\"wp-image-26641\" srcset=\"https:\/\/montreux-vieux.net\/montreux-vieux.net\/wp-content\/uploads\/2024\/10\/image-3.png 571w, https:\/\/montreux-vieux.net\/montreux-vieux.net\/wp-content\/uploads\/2024\/10\/image-3-286x300.png 286w\" sizes=\"auto, (max-width: 571px) 100vw, 571px\" \/><\/figure>\n\n\n\n<figure class=\"wp-block-image size-large\"><img loading=\"lazy\" decoding=\"async\" width=\"1024\" height=\"768\" src=\"https:\/\/montreux-vieux.net\/montreux-vieux.net\/wp-content\/uploads\/2024\/10\/462205364_957935523024609_4928709820202854891_n-1024x768.jpg\" alt=\"\" class=\"wp-image-26643\" srcset=\"https:\/\/montreux-vieux.net\/montreux-vieux.net\/wp-content\/uploads\/2024\/10\/462205364_957935523024609_4928709820202854891_n-1024x768.jpg 1024w, https:\/\/montreux-vieux.net\/montreux-vieux.net\/wp-content\/uploads\/2024\/10\/462205364_957935523024609_4928709820202854891_n-300x225.jpg 300w, https:\/\/montreux-vieux.net\/montreux-vieux.net\/wp-content\/uploads\/2024\/10\/462205364_957935523024609_4928709820202854891_n-768x576.jpg 768w, https:\/\/montreux-vieux.net\/montreux-vieux.net\/wp-content\/uploads\/2024\/10\/462205364_957935523024609_4928709820202854891_n-1536x1152.jpg 1536w, https:\/\/montreux-vieux.net\/montreux-vieux.net\/wp-content\/uploads\/2024\/10\/462205364_957935523024609_4928709820202854891_n.jpg 2048w\" sizes=\"auto, (max-width: 1024px) 100vw, 1024px\" \/><\/figure>\n\n\n\n<figure class=\"wp-block-image size-large\"><img loading=\"lazy\" decoding=\"async\" width=\"768\" height=\"1024\" src=\"https:\/\/montreux-vieux.net\/montreux-vieux.net\/wp-content\/uploads\/2024\/10\/462075537_957935486357946_4940677428305352779_n-768x1024.jpg\" alt=\"\" class=\"wp-image-26642\" srcset=\"https:\/\/montreux-vieux.net\/montreux-vieux.net\/wp-content\/uploads\/2024\/10\/462075537_957935486357946_4940677428305352779_n-768x1024.jpg 768w, https:\/\/montreux-vieux.net\/montreux-vieux.net\/wp-content\/uploads\/2024\/10\/462075537_957935486357946_4940677428305352779_n-225x300.jpg 225w, https:\/\/montreux-vieux.net\/montreux-vieux.net\/wp-content\/uploads\/2024\/10\/462075537_957935486357946_4940677428305352779_n-1152x1536.jpg 1152w, https:\/\/montreux-vieux.net\/montreux-vieux.net\/wp-content\/uploads\/2024\/10\/462075537_957935486357946_4940677428305352779_n.jpg 1536w\" sizes=\"auto, (max-width: 768px) 100vw, 768px\" \/><\/figure>\n\n\n\n<figure class=\"wp-block-image size-large\"><img loading=\"lazy\" decoding=\"async\" width=\"1024\" height=\"768\" src=\"https:\/\/montreux-vieux.net\/montreux-vieux.net\/wp-content\/uploads\/2024\/10\/462104120_957935519691276_139527237137486494_n-1024x768.jpg\" alt=\"\" class=\"wp-image-26645\" srcset=\"https:\/\/montreux-vieux.net\/montreux-vieux.net\/wp-content\/uploads\/2024\/10\/462104120_957935519691276_139527237137486494_n-1024x768.jpg 1024w, https:\/\/montreux-vieux.net\/montreux-vieux.net\/wp-content\/uploads\/2024\/10\/462104120_957935519691276_139527237137486494_n-300x225.jpg 300w, https:\/\/montreux-vieux.net\/montreux-vieux.net\/wp-content\/uploads\/2024\/10\/462104120_957935519691276_139527237137486494_n-768x576.jpg 768w, https:\/\/montreux-vieux.net\/montreux-vieux.net\/wp-content\/uploads\/2024\/10\/462104120_957935519691276_139527237137486494_n-1536x1152.jpg 1536w, https:\/\/montreux-vieux.net\/montreux-vieux.net\/wp-content\/uploads\/2024\/10\/462104120_957935519691276_139527237137486494_n.jpg 2048w\" sizes=\"auto, (max-width: 1024px) 100vw, 1024px\" \/><\/figure>\n\n\n\n<figure class=\"wp-block-image size-large\"><img loading=\"lazy\" decoding=\"async\" width=\"768\" height=\"1024\" src=\"https:\/\/montreux-vieux.net\/montreux-vieux.net\/wp-content\/uploads\/2024\/10\/462126834_957935493024612_1402499307221661177_n-768x1024.jpg\" alt=\"\" class=\"wp-image-26644\" srcset=\"https:\/\/montreux-vieux.net\/montreux-vieux.net\/wp-content\/uploads\/2024\/10\/462126834_957935493024612_1402499307221661177_n-768x1024.jpg 768w, https:\/\/montreux-vieux.net\/montreux-vieux.net\/wp-content\/uploads\/2024\/10\/462126834_957935493024612_1402499307221661177_n-225x300.jpg 225w, https:\/\/montreux-vieux.net\/montreux-vieux.net\/wp-content\/uploads\/2024\/10\/462126834_957935493024612_1402499307221661177_n-1152x1536.jpg 1152w, https:\/\/montreux-vieux.net\/montreux-vieux.net\/wp-content\/uploads\/2024\/10\/462126834_957935493024612_1402499307221661177_n.jpg 1536w\" sizes=\"auto, (max-width: 768px) 100vw, 768px\" \/><\/figure>\n\n\n\n<p>La caserne des sapeurs-pompiers de Montreux-Vieux a accueilli une c\u00e9r\u00e9monie le samedi 14 septembre, rendant hommage \u00e0 l\u2019engagement et au d\u00e9vouement des <a><\/a>sapeurs-pompiers du secteur, sous le regard attentif et bienveillant des invit\u00e9s d\u2019honneur, parmi lesquel<a href=\"https:\/\/www.facebook.com\/LudovicHaye68?__cft__[0]=AZVS85l5sEkhU39h8YC0-VOGbijcZdOsuLKPWEebxZ5CdIU1mcNWueZUSA-04uLYVsQ3Yhz2PbtPuaJSEJJxWlBmJ-BT_Mm6Ho474X2irOBKZAfR1WFuVv0tm8AJRZ1sFd3r_Fu5QFfxnEqfefo39ViSn9J41eaJVo6yBAmo2lJ71QpPxPaYybHR7BWytVvahiq527a2N_t-G1ekVomNopPcj6t8dzRETe3-FKBSGePUKg&amp;__tn__=-]K-y-R\">s Ludovic Ha<\/a>ye, S\u00e9nateur<a href=\"https:\/\/www.facebook.com\/profile.php?id=100086404823389&amp;__cft__[0]=AZVS85l5sEkhU39h8YC0-VOGbijcZdOsuLKPWEebxZ5CdIU1mcNWueZUSA-04uLYVsQ3Yhz2PbtPuaJSEJJxWlBmJ-BT_Mm6Ho474X2irOBKZAfR1WFuVv0tm8AJRZ1sFd3r_Fu5QFfxnEqfefo39ViSn9J41eaJVo6yBAmo2lJ71QpPxPaYybHR7BWytVvahiq527a2N_t-G1ekVomNopPcj6t8dzRETe3-FKBSGePUKg&amp;__tn__=-]K-y-R\">, Didier Lemaire D\u00e9pu<\/a>t\u00e9, le capitaine Gilles HIGELIN, Chef de la compagnie 7, le lieutenant Herv\u00e9 WERMUTH, Pr\u00e9sident de la section Altkirch de l&rsquo;UDSP68, des repr\u00e9sentants de la Gendarmerie et de la Brigade Verte, le Maire de Montreux-Vieux et plusieurs maires des communes voisines.<\/p>\n\n\n\n<p>Tous les r\u00e9cipiendaires et + de photos ici : <a href=\"https:\/\/tinyurl.com\/4hsw3tt7\">https:\/\/tinyurl.com\/4hsw3tt7<\/a><\/p>\n","protected":false},"excerpt":{"rendered":"<p>Hattenberger (Eug\u00e8ne), caporal au corps de sapeurs-pompiers de Montreux-Vieux. JO 11 juillet 1947 C\u00e9r\u00e9monies du 14 septembre 2024 C\u00e9r\u00e9monie \u00e0 Montreux-Vieux le 14 septembre 2024. Remise de m\u00e9dailles et promotions des sapeurs-pompiers locaux. La caserne des sapeurs-pompiers de Montreux-Vieux a &hellip; <a href=\"https:\/\/montreux-vieux.net\/?page_id=21681\">Continuer la lecture <span class=\"meta-nav\">&rarr;<\/span><\/a><\/p>\n","protected":false},"author":1,"featured_media":0,"parent":4107,"menu_order":55,"comment_status":"closed","ping_status":"open","template":"","meta":{"footnotes":""},"class_list":["post-21681","page","type-page","status-publish","hentry"],"_links":{"self":[{"href":"https:\/\/montreux-vieux.net\/index.php?rest_route=\/wp\/v2\/pages\/21681","targetHints":{"allow":["GET"]}}],"collection":[{"href":"https:\/\/montreux-vieux.net\/index.php?rest_route=\/wp\/v2\/pages"}],"about":[{"href":"https:\/\/montreux-vieux.net\/index.php?rest_route=\/wp\/v2\/types\/page"}],"author":[{"embeddable":true,"href":"https:\/\/montreux-vieux.net\/index.php?rest_route=\/wp\/v2\/users\/1"}],"replies":[{"embeddable":true,"href":"https:\/\/montreux-vieux.net\/index.php?rest_route=%2Fwp%2Fv2%2Fcomments&post=21681"}],"version-history":[{"count":4,"href":"https:\/\/montreux-vieux.net\/index.php?rest_route=\/wp\/v2\/pages\/21681\/revisions"}],"predecessor-version":[{"id":26647,"href":"https:\/\/montreux-vieux.net\/index.php?rest_route=\/wp\/v2\/pages\/21681\/revisions\/26647"}],"up":[{"embeddable":true,"href":"https:\/\/montreux-vieux.net\/index.php?rest_route=\/wp\/v2\/pages\/4107"}],"wp:attachment":[{"href":"https:\/\/montreux-vieux.net\/index.php?rest_route=%2Fwp%2Fv2%2Fmedia&parent=21681"}],"curies":[{"name":"wp","href":"https:\/\/api.w.org\/{rel}","templated":true}]}}