{"id":21694,"date":"2020-10-23T13:55:45","date_gmt":"2020-10-23T12:55:45","guid":{"rendered":"http:\/\/montreux-vieux.net\/?page_id=21694"},"modified":"2020-10-23T13:55:45","modified_gmt":"2020-10-23T12:55:45","slug":"ligne-de-montreux-vieux-a-lauw-le-journal-officiel-publie-un-decret-qui-dispose","status":"publish","type":"page","link":"https:\/\/montreux-vieux.net\/?page_id=21694","title":{"rendered":"Ligne de Montreux-Vieux \u00e0 Lauw. \u2014 Le Journal Officiel publie un d\u00e9cret qui dispose :"},"content":{"rendered":"\n<p>Ligne de Montreux-Vieux \u00e0 Lauw. \u2014 Le Journal Officiel publie un d\u00e9cret qui dispose :<\/p>\n\n\n\n<p>\u00ab Est rapport\u00e9, en ce qui concerne la section Foussemagne-Lauw, le &nbsp;d\u00e9cret du 20 f\u00e9vrier 1923 concernant le maintien pour les besoins militaires, de la ligne de Montreux-Vieux \u00e0 Lauw \u00bb.<\/p>\n\n\n\n<p>Sources&nbsp;: Le R\u00e9publicain de Belfort 3 ao\u00fbt 1927<\/p>\n","protected":false},"excerpt":{"rendered":"<p>Ligne de Montreux-Vieux \u00e0 Lauw. \u2014 Le Journal Officiel publie un d\u00e9cret qui dispose : \u00ab Est rapport\u00e9, en ce qui concerne la section Foussemagne-Lauw, le &nbsp;d\u00e9cret du 20 f\u00e9vrier 1923 concernant le maintien pour les besoins militaires, de la &hellip; <a href=\"https:\/\/montreux-vieux.net\/?page_id=21694\">Continuer la lecture <span class=\"meta-nav\">&rarr;<\/span><\/a><\/p>\n","protected":false},"author":1,"featured_media":0,"parent":21250,"menu_order":60,"comment_status":"closed","ping_status":"open","template":"","meta":{"footnotes":""},"class_list":["post-21694","page","type-page","status-publish","hentry"],"_links":{"self":[{"href":"https:\/\/montreux-vieux.net\/index.php?rest_route=\/wp\/v2\/pages\/21694","targetHints":{"allow":["GET"]}}],"collection":[{"href":"https:\/\/montreux-vieux.net\/index.php?rest_route=\/wp\/v2\/pages"}],"about":[{"href":"https:\/\/montreux-vieux.net\/index.php?rest_route=\/wp\/v2\/types\/page"}],"author":[{"embeddable":true,"href":"https:\/\/montreux-vieux.net\/index.php?rest_route=\/wp\/v2\/users\/1"}],"replies":[{"embeddable":true,"href":"https:\/\/montreux-vieux.net\/index.php?rest_route=%2Fwp%2Fv2%2Fcomments&post=21694"}],"version-history":[{"count":1,"href":"https:\/\/montreux-vieux.net\/index.php?rest_route=\/wp\/v2\/pages\/21694\/revisions"}],"predecessor-version":[{"id":21695,"href":"https:\/\/montreux-vieux.net\/index.php?rest_route=\/wp\/v2\/pages\/21694\/revisions\/21695"}],"up":[{"embeddable":true,"href":"https:\/\/montreux-vieux.net\/index.php?rest_route=\/wp\/v2\/pages\/21250"}],"wp:attachment":[{"href":"https:\/\/montreux-vieux.net\/index.php?rest_route=%2Fwp%2Fv2%2Fmedia&parent=21694"}],"curies":[{"name":"wp","href":"https:\/\/api.w.org\/{rel}","templated":true}]}}