{"id":21709,"date":"2020-10-24T13:24:00","date_gmt":"2020-10-24T12:24:00","guid":{"rendered":"http:\/\/montreux-vieux.net\/?page_id=21709"},"modified":"2020-10-24T13:24:00","modified_gmt":"2020-10-24T12:24:00","slug":"montreux-vieux-vente-des-batiments-de-la-douane-allemande","status":"publish","type":"page","link":"https:\/\/montreux-vieux.net\/?page_id=21709","title":{"rendered":"MONTREUX-VIEUX Vente des b\u00e2timents de la douane allemande."},"content":{"rendered":"\n<p>MONTREUX-VIEUX Vente des b\u00e2timents de la douane allemande.<\/p>\n\n\n\n<p>Cette vente a eu lieu le 15 d\u00e9cembre. C\u2019est la maison Japy Fr\u00e8res de Beaucourt qui&nbsp; a achet\u00e9 ces b\u00e2timents&nbsp;&nbsp; jour le prix de 120 000 francs.<\/p>\n\n\n\n<p>Il y a. quelque temps d\u00e9j\u00e0, cette m\u00eame&nbsp; maison&nbsp; avait d\u00e9j\u00e0 achet\u00e9 des terrains dans la commune. Il est donc \u00e0 supposer que M M. Japy fr\u00e8res \u00e9l\u00e8veront ici de nouvelles usines.<\/p>\n\n\n\n<p>Sources&nbsp;: L\u2019Express e Mulhouse 19 d\u00e9cembre 1921<\/p>\n","protected":false},"excerpt":{"rendered":"<p>MONTREUX-VIEUX Vente des b\u00e2timents de la douane allemande. Cette vente a eu lieu le 15 d\u00e9cembre. C\u2019est la maison Japy Fr\u00e8res de Beaucourt qui&nbsp; a achet\u00e9 ces b\u00e2timents&nbsp;&nbsp; jour le prix de 120 000 francs. Il y a. quelque temps &hellip; <a href=\"https:\/\/montreux-vieux.net\/?page_id=21709\">Continuer la lecture <span class=\"meta-nav\">&rarr;<\/span><\/a><\/p>\n","protected":false},"author":1,"featured_media":0,"parent":13130,"menu_order":70,"comment_status":"closed","ping_status":"open","template":"","meta":{"footnotes":""},"class_list":["post-21709","page","type-page","status-publish","hentry"],"_links":{"self":[{"href":"https:\/\/montreux-vieux.net\/index.php?rest_route=\/wp\/v2\/pages\/21709","targetHints":{"allow":["GET"]}}],"collection":[{"href":"https:\/\/montreux-vieux.net\/index.php?rest_route=\/wp\/v2\/pages"}],"about":[{"href":"https:\/\/montreux-vieux.net\/index.php?rest_route=\/wp\/v2\/types\/page"}],"author":[{"embeddable":true,"href":"https:\/\/montreux-vieux.net\/index.php?rest_route=\/wp\/v2\/users\/1"}],"replies":[{"embeddable":true,"href":"https:\/\/montreux-vieux.net\/index.php?rest_route=%2Fwp%2Fv2%2Fcomments&post=21709"}],"version-history":[{"count":1,"href":"https:\/\/montreux-vieux.net\/index.php?rest_route=\/wp\/v2\/pages\/21709\/revisions"}],"predecessor-version":[{"id":21710,"href":"https:\/\/montreux-vieux.net\/index.php?rest_route=\/wp\/v2\/pages\/21709\/revisions\/21710"}],"up":[{"embeddable":true,"href":"https:\/\/montreux-vieux.net\/index.php?rest_route=\/wp\/v2\/pages\/13130"}],"wp:attachment":[{"href":"https:\/\/montreux-vieux.net\/index.php?rest_route=%2Fwp%2Fv2%2Fmedia&parent=21709"}],"curies":[{"name":"wp","href":"https:\/\/api.w.org\/{rel}","templated":true}]}}