{"id":21723,"date":"2020-10-25T10:56:30","date_gmt":"2020-10-25T09:56:30","guid":{"rendered":"http:\/\/montreux-vieux.net\/?page_id=21723"},"modified":"2020-10-25T10:56:30","modified_gmt":"2020-10-25T09:56:30","slug":"les-obseques-de-m-laible","status":"publish","type":"page","link":"https:\/\/montreux-vieux.net\/?page_id=21723","title":{"rendered":"Les obs\u00e8ques de M. Laibl\u00e9"},"content":{"rendered":"\n<p>Montreux-Vieux , 8 mars. \u2014 Les obs\u00e8ques de M. Laibl\u00e9. maire de Montreux-Vieux, ont&nbsp; eu lieu ajout hui au milieu d&rsquo;une grande affluence. On remarquait dans le convoi la municipalit\u00e9, les employ\u00e9s sup\u00e9rieurs des gares de Montreux-Vieux et de Petit-Croix, de nombreux employ\u00e9s des douanes. Les soci\u00e9t\u00e9s de musique de chant marchaient devant le corbillard que suivait la foule des amis et connaissances.<\/p>\n\n\n\n<p>L\u2019imposante c\u00e9r\u00e9monie, a \u00e9t\u00e9 un t\u00e9moignage de la grande sympathie&nbsp; dont le d\u00e9funt jouissait dans toute la r\u00e9gion.<\/p>\n\n\n\n<p>Sources&nbsp;: Express 9 mars 1912<\/p>\n","protected":false},"excerpt":{"rendered":"<p>Montreux-Vieux , 8 mars. \u2014 Les obs\u00e8ques de M. Laibl\u00e9. maire de Montreux-Vieux, ont&nbsp; eu lieu ajout hui au milieu d&rsquo;une grande affluence. On remarquait dans le convoi la municipalit\u00e9, les employ\u00e9s sup\u00e9rieurs des gares de Montreux-Vieux et de Petit-Croix, &hellip; <a href=\"https:\/\/montreux-vieux.net\/?page_id=21723\">Continuer la lecture <span class=\"meta-nav\">&rarr;<\/span><\/a><\/p>\n","protected":false},"author":1,"featured_media":0,"parent":21303,"menu_order":11,"comment_status":"closed","ping_status":"open","template":"","meta":{"footnotes":""},"class_list":["post-21723","page","type-page","status-publish","hentry"],"_links":{"self":[{"href":"https:\/\/montreux-vieux.net\/index.php?rest_route=\/wp\/v2\/pages\/21723","targetHints":{"allow":["GET"]}}],"collection":[{"href":"https:\/\/montreux-vieux.net\/index.php?rest_route=\/wp\/v2\/pages"}],"about":[{"href":"https:\/\/montreux-vieux.net\/index.php?rest_route=\/wp\/v2\/types\/page"}],"author":[{"embeddable":true,"href":"https:\/\/montreux-vieux.net\/index.php?rest_route=\/wp\/v2\/users\/1"}],"replies":[{"embeddable":true,"href":"https:\/\/montreux-vieux.net\/index.php?rest_route=%2Fwp%2Fv2%2Fcomments&post=21723"}],"version-history":[{"count":1,"href":"https:\/\/montreux-vieux.net\/index.php?rest_route=\/wp\/v2\/pages\/21723\/revisions"}],"predecessor-version":[{"id":21724,"href":"https:\/\/montreux-vieux.net\/index.php?rest_route=\/wp\/v2\/pages\/21723\/revisions\/21724"}],"up":[{"embeddable":true,"href":"https:\/\/montreux-vieux.net\/index.php?rest_route=\/wp\/v2\/pages\/21303"}],"wp:attachment":[{"href":"https:\/\/montreux-vieux.net\/index.php?rest_route=%2Fwp%2Fv2%2Fmedia&parent=21723"}],"curies":[{"name":"wp","href":"https:\/\/api.w.org\/{rel}","templated":true}]}}