{"id":21726,"date":"2020-10-25T11:02:46","date_gmt":"2020-10-25T10:02:46","guid":{"rendered":"http:\/\/montreux-vieux.net\/?page_id=21726"},"modified":"2020-10-25T11:02:46","modified_gmt":"2020-10-25T10:02:46","slug":"toutes-les-previsions-depassees","status":"publish","type":"page","link":"https:\/\/montreux-vieux.net\/?page_id=21726","title":{"rendered":"Toutes les pr\u00e9visions d\u00e9pass\u00e9es"},"content":{"rendered":"\n<p>Altmunsterol (Montreux-Vieux), 15 juillet &nbsp;On nous \u00e9crit: Depuis longtemps la circulation des voyageurs n\u2019a plus \u00e9t\u00e9 aussi active \u00e0 notre gare que ces jours derniers Mais hier cela d\u00e9passait toutes les pr\u00e9visions. On avait doubl\u00e9 le nombre des voitures des trains du matin, malgr\u00e9 cela elles \u00e9taient bond\u00e9es. Aussi le soir, les employ\u00e9s de police, \u00e0 la fronti\u00e8re, ont-ils eu de la&nbsp; tablature pour proc\u00e9der \u00e0 la r\u00e9vision des passeports et le dernier train pour Mulhouse n\u2019a pas eu moins d\u2019une heure et demie de retard; il comptait 34 voitures regorgeant de voyageurs et remorqu\u00e9es par deux locomotives. Malgr\u00e9 l\u2019affluence consid\u00e9rable, il n\u2019y a pas eu d\u2019incident. Quelques voyageurs qui n\u2019avaient pas de papiers en r\u00e8gles se sont vu forc\u00e9s de rester ici jusqu\u2019\u00e0 ce que leur identit\u00e9 f\u00fbt constat\u00e9e.<\/p>\n\n\n\n<p>Sources&nbsp;: Express 16 juillet 1889<\/p>\n","protected":false},"excerpt":{"rendered":"<p>Altmunsterol (Montreux-Vieux), 15 juillet &nbsp;On nous \u00e9crit: Depuis longtemps la circulation des voyageurs n\u2019a plus \u00e9t\u00e9 aussi active \u00e0 notre gare que ces jours derniers Mais hier cela d\u00e9passait toutes les pr\u00e9visions. On avait doubl\u00e9 le nombre des voitures des &hellip; <a href=\"https:\/\/montreux-vieux.net\/?page_id=21726\">Continuer la lecture <span class=\"meta-nav\">&rarr;<\/span><\/a><\/p>\n","protected":false},"author":1,"featured_media":0,"parent":13007,"menu_order":265,"comment_status":"closed","ping_status":"open","template":"","meta":{"footnotes":""},"class_list":["post-21726","page","type-page","status-publish","hentry"],"_links":{"self":[{"href":"https:\/\/montreux-vieux.net\/index.php?rest_route=\/wp\/v2\/pages\/21726","targetHints":{"allow":["GET"]}}],"collection":[{"href":"https:\/\/montreux-vieux.net\/index.php?rest_route=\/wp\/v2\/pages"}],"about":[{"href":"https:\/\/montreux-vieux.net\/index.php?rest_route=\/wp\/v2\/types\/page"}],"author":[{"embeddable":true,"href":"https:\/\/montreux-vieux.net\/index.php?rest_route=\/wp\/v2\/users\/1"}],"replies":[{"embeddable":true,"href":"https:\/\/montreux-vieux.net\/index.php?rest_route=%2Fwp%2Fv2%2Fcomments&post=21726"}],"version-history":[{"count":1,"href":"https:\/\/montreux-vieux.net\/index.php?rest_route=\/wp\/v2\/pages\/21726\/revisions"}],"predecessor-version":[{"id":21727,"href":"https:\/\/montreux-vieux.net\/index.php?rest_route=\/wp\/v2\/pages\/21726\/revisions\/21727"}],"up":[{"embeddable":true,"href":"https:\/\/montreux-vieux.net\/index.php?rest_route=\/wp\/v2\/pages\/13007"}],"wp:attachment":[{"href":"https:\/\/montreux-vieux.net\/index.php?rest_route=%2Fwp%2Fv2%2Fmedia&parent=21726"}],"curies":[{"name":"wp","href":"https:\/\/api.w.org\/{rel}","templated":true}]}}