{"id":2174,"date":"2011-11-03T08:46:59","date_gmt":"2011-11-03T07:46:59","guid":{"rendered":"http:\/\/montreux-vieux.org\/?page_id=2174"},"modified":"2019-01-02T09:18:08","modified_gmt":"2019-01-02T08:18:08","slug":"laffaire-de-montreux-vieux","status":"publish","type":"page","link":"https:\/\/montreux-vieux.net\/?page_id=2174","title":{"rendered":"L&rsquo;Affaire de Montreux-Vieux"},"content":{"rendered":"<h3 style=\"text-align: center;\"><span style=\"color: #000000;\">L\u2019Affaire de Montreux-Vieux<\/span><\/h3>\n<h4 style=\"text-align: justify;\">19\/06\/1887<\/h4>\n<h4 style=\"text-align: justify;\">L\u2019instruction contre Schmitt et Reinbold les deux agents de la Compagnie des Cheminots de l\u2019Est arr\u00eat\u00e9 le 15 mai sous l\u2019inculpation de d\u00e9t\u00e9rioration d\u2019un poteau allemand, est sur le point d\u2019\u00eatre termin\u00e9e.<\/h4>\n<h4 style=\"text-align: justify;\">Plusieurs habitants de Montreux-Vieux ont \u00e9t\u00e9 conduits devant le juge d\u2019instruction pour r\u00e9pondre \u00e0 certaines questions relatives \u00e0 cette affaire.<\/h4>\n<h4 style=\"text-align: justify;\">Le repr\u00e9sentant allemand Therwey, \u00e0 la gare de Petit-Croix (fronti\u00e8re fran\u00e7aise), \u00e0 qui on impute, avec quelque raison, ces arrestations, a \u00e0 diff\u00e9rentes reprises \u00e9t\u00e9 appel\u00e9 devant le magistrat qui poursuit l\u2019enqu\u00eate.<\/h4>\n<h4 style=\"text-align: justify;\">La comparution des deux accus\u00e9s devant le tribunal correctionnel est, assure-t-on, fix\u00e9 au 4 juillet prochain. On ajoute que Reinbold serait condamn\u00e9 \u00e0 une peine l\u00e9g\u00e8re, et Schmitt renvoy\u00e9 devant la cour supr\u00eame de Leipzeg, \u00e0 raison des soup\u00e7ons plus graves qui p\u00e8sent sur lui.<\/h4>\n<h4 style=\"text-align: justify;\">En attendant les deux prisonniers sont toujours d\u00e9tenus \u00e0 la prison de l\u2019Esp\u00e9rance, \u00e0 Mulhouse<\/h4>\n","protected":false},"excerpt":{"rendered":"<p>L\u2019Affaire de Montreux-Vieux 19\/06\/1887 L\u2019instruction contre Schmitt et Reinbold les deux agents de la Compagnie des Cheminots de l\u2019Est arr\u00eat\u00e9 le 15 mai sous l\u2019inculpation de d\u00e9t\u00e9rioration d\u2019un poteau allemand, est sur le point d\u2019\u00eatre termin\u00e9e. Plusieurs habitants de Montreux-Vieux &hellip; <a href=\"https:\/\/montreux-vieux.net\/?page_id=2174\">Continuer la lecture <span class=\"meta-nav\">&rarr;<\/span><\/a><\/p>\n","protected":false},"author":1,"featured_media":0,"parent":13044,"menu_order":8,"comment_status":"open","ping_status":"open","template":"","meta":{"footnotes":""},"class_list":["post-2174","page","type-page","status-publish","hentry"],"_links":{"self":[{"href":"https:\/\/montreux-vieux.net\/index.php?rest_route=\/wp\/v2\/pages\/2174","targetHints":{"allow":["GET"]}}],"collection":[{"href":"https:\/\/montreux-vieux.net\/index.php?rest_route=\/wp\/v2\/pages"}],"about":[{"href":"https:\/\/montreux-vieux.net\/index.php?rest_route=\/wp\/v2\/types\/page"}],"author":[{"embeddable":true,"href":"https:\/\/montreux-vieux.net\/index.php?rest_route=\/wp\/v2\/users\/1"}],"replies":[{"embeddable":true,"href":"https:\/\/montreux-vieux.net\/index.php?rest_route=%2Fwp%2Fv2%2Fcomments&post=2174"}],"version-history":[{"count":5,"href":"https:\/\/montreux-vieux.net\/index.php?rest_route=\/wp\/v2\/pages\/2174\/revisions"}],"predecessor-version":[{"id":4677,"href":"https:\/\/montreux-vieux.net\/index.php?rest_route=\/wp\/v2\/pages\/2174\/revisions\/4677"}],"up":[{"embeddable":true,"href":"https:\/\/montreux-vieux.net\/index.php?rest_route=\/wp\/v2\/pages\/13044"}],"wp:attachment":[{"href":"https:\/\/montreux-vieux.net\/index.php?rest_route=%2Fwp%2Fv2%2Fmedia&parent=2174"}],"curies":[{"name":"wp","href":"https:\/\/api.w.org\/{rel}","templated":true}]}}