{"id":21745,"date":"2020-10-26T17:08:45","date_gmt":"2020-10-26T16:08:45","guid":{"rendered":"http:\/\/montreux-vieux.net\/?page_id=21745"},"modified":"2020-10-26T17:08:45","modified_gmt":"2020-10-26T16:08:45","slug":"prison-pour-un-ancien-militaire","status":"publish","type":"page","link":"https:\/\/montreux-vieux.net\/?page_id=21745","title":{"rendered":"Prison pour un ancien militaire"},"content":{"rendered":"\n<p>La police allemande vient de mettre en \u00e9tat d\u2019arrestation le nomm\u00e9 J.-B. Bilger, ancien militaire pensionn\u00e9 du gouvernement fran\u00e7ais qui, rentrant de Belfort o\u00f9 il \u00e9tait all\u00e9 toucher le trimestre \u00e9chu de sa pension, avait prof\u00e9r\u00e9 au nez et \u00e0 la barbe des gendarmes allemands de Montreux-Vieux le cri de : \u00ab&nbsp; Vive la France&nbsp;\u00bb&nbsp; &nbsp;. Le pauvre diable va payer de quelques mois de prison son trop grand amour pour la pa trie perdu<\/p>\n\n\n\n<p>Sources&nbsp;: La France 12 juillet 1889<\/p>\n","protected":false},"excerpt":{"rendered":"<p>La police allemande vient de mettre en \u00e9tat d\u2019arrestation le nomm\u00e9 J.-B. Bilger, ancien militaire pensionn\u00e9 du gouvernement fran\u00e7ais qui, rentrant de Belfort o\u00f9 il \u00e9tait all\u00e9 toucher le trimestre \u00e9chu de sa pension, avait prof\u00e9r\u00e9 au nez et \u00e0 &hellip; <a href=\"https:\/\/montreux-vieux.net\/?page_id=21745\">Continuer la lecture <span class=\"meta-nav\">&rarr;<\/span><\/a><\/p>\n","protected":false},"author":1,"featured_media":0,"parent":20403,"menu_order":125,"comment_status":"closed","ping_status":"open","template":"","meta":{"footnotes":""},"class_list":["post-21745","page","type-page","status-publish","hentry"],"_links":{"self":[{"href":"https:\/\/montreux-vieux.net\/index.php?rest_route=\/wp\/v2\/pages\/21745","targetHints":{"allow":["GET"]}}],"collection":[{"href":"https:\/\/montreux-vieux.net\/index.php?rest_route=\/wp\/v2\/pages"}],"about":[{"href":"https:\/\/montreux-vieux.net\/index.php?rest_route=\/wp\/v2\/types\/page"}],"author":[{"embeddable":true,"href":"https:\/\/montreux-vieux.net\/index.php?rest_route=\/wp\/v2\/users\/1"}],"replies":[{"embeddable":true,"href":"https:\/\/montreux-vieux.net\/index.php?rest_route=%2Fwp%2Fv2%2Fcomments&post=21745"}],"version-history":[{"count":1,"href":"https:\/\/montreux-vieux.net\/index.php?rest_route=\/wp\/v2\/pages\/21745\/revisions"}],"predecessor-version":[{"id":21746,"href":"https:\/\/montreux-vieux.net\/index.php?rest_route=\/wp\/v2\/pages\/21745\/revisions\/21746"}],"up":[{"embeddable":true,"href":"https:\/\/montreux-vieux.net\/index.php?rest_route=\/wp\/v2\/pages\/20403"}],"wp:attachment":[{"href":"https:\/\/montreux-vieux.net\/index.php?rest_route=%2Fwp%2Fv2%2Fmedia&parent=21745"}],"curies":[{"name":"wp","href":"https:\/\/api.w.org\/{rel}","templated":true}]}}