{"id":21748,"date":"2020-10-26T17:16:15","date_gmt":"2020-10-26T16:16:15","guid":{"rendered":"http:\/\/montreux-vieux.net\/?page_id=21748"},"modified":"2020-10-26T17:16:15","modified_gmt":"2020-10-26T16:16:15","slug":"le-commissaire-de-police-francais-est-installe-dans-les-bureaux-du-commissaire-allemand-de-montreux-vieux","status":"publish","type":"page","link":"https:\/\/montreux-vieux.net\/?page_id=21748","title":{"rendered":"Le commissaire de police fran\u00e7ais est install\u00e9 dans les bureaux du commissaire allemand de Montreux-Vieux."},"content":{"rendered":"\n<p>Paris, 8 ao\u00fbt. Le commissaire de police fran\u00e7ais est install\u00e9 dans les bureaux du commissaire allemand de Montreux-Vieux. On n&rsquo;entend pas de fusillade. (Officiel.) Nos troupes ne restent pas inactives sur nos r\u00e9gions fronti\u00e8res. Ainsi nous croyons, sans insister sur le fait, que des \u00e9l\u00e9ments tr\u00e8s avanc\u00e9s de nos forces de l\u2019Est foulent le territoire de nos provinces annex\u00e9es. Au minist\u00e8re do la guerre on conserve le mutisme le plus imp\u00e9n\u00e9trable sur ces mouvements. Cependant, la nouvelle, confirm\u00e9e officiellement, de la pr\u00e9sence \u00e0 la gare de Montreux-Vieux (Altmunslerol), douane allemande, du commissaire sp\u00e9cial de police de la gare de Petit-Croix (douane fran\u00e7aise) implique que le fonctionnaire civil doit \u00eatre accompagn\u00e9 de militaires. Rappelons que c\u2019est \u00e0 Montreux-Vieux que les Allemands ont eu le geste \u00e9l\u00e9gant de saisir avant toutes hostilit\u00e9s une des premi\u00e8res locomotives de l\u2019Est. (De l&rsquo;Echo de Paris).<\/p>\n\n\n\n<p>Sources&nbsp;: Le Progr\u00e8s de la C\u00f4te d\u2019Or 9 ao\u00fbt 1914<\/p>\n","protected":false},"excerpt":{"rendered":"<p>Paris, 8 ao\u00fbt. Le commissaire de police fran\u00e7ais est install\u00e9 dans les bureaux du commissaire allemand de Montreux-Vieux. On n&rsquo;entend pas de fusillade. (Officiel.) Nos troupes ne restent pas inactives sur nos r\u00e9gions fronti\u00e8res. Ainsi nous croyons, sans insister sur &hellip; <a href=\"https:\/\/montreux-vieux.net\/?page_id=21748\">Continuer la lecture <span class=\"meta-nav\">&rarr;<\/span><\/a><\/p>\n","protected":false},"author":1,"featured_media":0,"parent":20403,"menu_order":130,"comment_status":"closed","ping_status":"open","template":"","meta":{"footnotes":""},"class_list":["post-21748","page","type-page","status-publish","hentry"],"_links":{"self":[{"href":"https:\/\/montreux-vieux.net\/index.php?rest_route=\/wp\/v2\/pages\/21748","targetHints":{"allow":["GET"]}}],"collection":[{"href":"https:\/\/montreux-vieux.net\/index.php?rest_route=\/wp\/v2\/pages"}],"about":[{"href":"https:\/\/montreux-vieux.net\/index.php?rest_route=\/wp\/v2\/types\/page"}],"author":[{"embeddable":true,"href":"https:\/\/montreux-vieux.net\/index.php?rest_route=\/wp\/v2\/users\/1"}],"replies":[{"embeddable":true,"href":"https:\/\/montreux-vieux.net\/index.php?rest_route=%2Fwp%2Fv2%2Fcomments&post=21748"}],"version-history":[{"count":1,"href":"https:\/\/montreux-vieux.net\/index.php?rest_route=\/wp\/v2\/pages\/21748\/revisions"}],"predecessor-version":[{"id":21749,"href":"https:\/\/montreux-vieux.net\/index.php?rest_route=\/wp\/v2\/pages\/21748\/revisions\/21749"}],"up":[{"embeddable":true,"href":"https:\/\/montreux-vieux.net\/index.php?rest_route=\/wp\/v2\/pages\/20403"}],"wp:attachment":[{"href":"https:\/\/montreux-vieux.net\/index.php?rest_route=%2Fwp%2Fv2%2Fmedia&parent=21748"}],"curies":[{"name":"wp","href":"https:\/\/api.w.org\/{rel}","templated":true}]}}