{"id":21752,"date":"2020-10-26T17:26:52","date_gmt":"2020-10-26T16:26:52","guid":{"rendered":"http:\/\/montreux-vieux.net\/?page_id=21752"},"modified":"2020-10-26T17:26:52","modified_gmt":"2020-10-26T16:26:52","slug":"laffaire-des-couronnes-de-la-societe-de-gymnastique-lalsatia","status":"publish","type":"page","link":"https:\/\/montreux-vieux.net\/?page_id=21752","title":{"rendered":"L\u2019affaire des couronnes de la soci\u00e9t\u00e9 de gymnastique \u00abl\u2019Alsatia \u00bb"},"content":{"rendered":"\n<p>THANN, 5 sept. \u2014 L\u2019affaire des couronnes de la soci\u00e9t\u00e9 de gymnastique \u00abl\u2019Alsatia&nbsp;\u00bb&nbsp;&nbsp; saisies par la douane de Montreux-Vieux, a re\u00e7u une solution qu\u2019on ne peut pas qualifier d\u2019\u00e9l\u00e9gante. L&rsquo;administration des douanes de Mulhouse a fait savoir au bureau de Thann qu\u2019elle renon\u00e7ait par indulgence \u00e0 poursuivre la soci\u00e9t\u00e9&nbsp; pour contrebande et qu\u2019elle lui fait restituer les&nbsp; couronnes que l\u2019&lt; Alsatia &gt; a remport\u00e9es au 1 concours de Belfort&nbsp; contre l\u2019acquittement des&nbsp; droits.<\/p>\n\n\n\n<p>Sources&nbsp;: Express 6 d\u00e9cembre 1910<\/p>\n","protected":false},"excerpt":{"rendered":"<p>THANN, 5 sept. \u2014 L\u2019affaire des couronnes de la soci\u00e9t\u00e9 de gymnastique \u00abl\u2019Alsatia&nbsp;\u00bb&nbsp;&nbsp; saisies par la douane de Montreux-Vieux, a re\u00e7u une solution qu\u2019on ne peut pas qualifier d\u2019\u00e9l\u00e9gante. L&rsquo;administration des douanes de Mulhouse a fait savoir au bureau de &hellip; <a href=\"https:\/\/montreux-vieux.net\/?page_id=21752\">Continuer la lecture <span class=\"meta-nav\">&rarr;<\/span><\/a><\/p>\n","protected":false},"author":1,"featured_media":0,"parent":13130,"menu_order":75,"comment_status":"closed","ping_status":"open","template":"","meta":{"footnotes":""},"class_list":["post-21752","page","type-page","status-publish","hentry"],"_links":{"self":[{"href":"https:\/\/montreux-vieux.net\/index.php?rest_route=\/wp\/v2\/pages\/21752","targetHints":{"allow":["GET"]}}],"collection":[{"href":"https:\/\/montreux-vieux.net\/index.php?rest_route=\/wp\/v2\/pages"}],"about":[{"href":"https:\/\/montreux-vieux.net\/index.php?rest_route=\/wp\/v2\/types\/page"}],"author":[{"embeddable":true,"href":"https:\/\/montreux-vieux.net\/index.php?rest_route=\/wp\/v2\/users\/1"}],"replies":[{"embeddable":true,"href":"https:\/\/montreux-vieux.net\/index.php?rest_route=%2Fwp%2Fv2%2Fcomments&post=21752"}],"version-history":[{"count":1,"href":"https:\/\/montreux-vieux.net\/index.php?rest_route=\/wp\/v2\/pages\/21752\/revisions"}],"predecessor-version":[{"id":21753,"href":"https:\/\/montreux-vieux.net\/index.php?rest_route=\/wp\/v2\/pages\/21752\/revisions\/21753"}],"up":[{"embeddable":true,"href":"https:\/\/montreux-vieux.net\/index.php?rest_route=\/wp\/v2\/pages\/13130"}],"wp:attachment":[{"href":"https:\/\/montreux-vieux.net\/index.php?rest_route=%2Fwp%2Fv2%2Fmedia&parent=21752"}],"curies":[{"name":"wp","href":"https:\/\/api.w.org\/{rel}","templated":true}]}}