{"id":21755,"date":"2020-10-28T11:31:12","date_gmt":"2020-10-28T10:31:12","guid":{"rendered":"http:\/\/montreux-vieux.net\/?page_id=21755"},"modified":"2020-10-28T11:31:12","modified_gmt":"2020-10-28T10:31:12","slug":"les-choux-prohibes","status":"publish","type":"page","link":"https:\/\/montreux-vieux.net\/?page_id=21755","title":{"rendered":"Les choux prohib\u00e9s"},"content":{"rendered":"\n<p>Vous avez publi\u00e9 hier une correspondance de Montreux-Vieux, disant que les choux sont prohib\u00e9s \u00e0 la fronti\u00e8re fran\u00e7aise par la douane de Petit-Croix. Cette&nbsp; prohibition toute temporaire a \u00e9t\u00e9 lev\u00e9e il y a quelques jours d\u00e9j\u00e0, \u00e0 la suite de protestations. Les cboucrouteries du territoire vont donc pouvoir continuer leur production.<\/p>\n\n\n\n<p>Sources&nbsp;: Express 9 octobre 1892<\/p>\n","protected":false},"excerpt":{"rendered":"<p>Vous avez publi\u00e9 hier une correspondance de Montreux-Vieux, disant que les choux sont prohib\u00e9s \u00e0 la fronti\u00e8re fran\u00e7aise par la douane de Petit-Croix. Cette&nbsp; prohibition toute temporaire a \u00e9t\u00e9 lev\u00e9e il y a quelques jours d\u00e9j\u00e0, \u00e0 la suite de &hellip; <a href=\"https:\/\/montreux-vieux.net\/?page_id=21755\">Continuer la lecture <span class=\"meta-nav\">&rarr;<\/span><\/a><\/p>\n","protected":false},"author":1,"featured_media":0,"parent":13007,"menu_order":270,"comment_status":"closed","ping_status":"open","template":"","meta":{"footnotes":""},"class_list":["post-21755","page","type-page","status-publish","hentry"],"_links":{"self":[{"href":"https:\/\/montreux-vieux.net\/index.php?rest_route=\/wp\/v2\/pages\/21755","targetHints":{"allow":["GET"]}}],"collection":[{"href":"https:\/\/montreux-vieux.net\/index.php?rest_route=\/wp\/v2\/pages"}],"about":[{"href":"https:\/\/montreux-vieux.net\/index.php?rest_route=\/wp\/v2\/types\/page"}],"author":[{"embeddable":true,"href":"https:\/\/montreux-vieux.net\/index.php?rest_route=\/wp\/v2\/users\/1"}],"replies":[{"embeddable":true,"href":"https:\/\/montreux-vieux.net\/index.php?rest_route=%2Fwp%2Fv2%2Fcomments&post=21755"}],"version-history":[{"count":1,"href":"https:\/\/montreux-vieux.net\/index.php?rest_route=\/wp\/v2\/pages\/21755\/revisions"}],"predecessor-version":[{"id":21756,"href":"https:\/\/montreux-vieux.net\/index.php?rest_route=\/wp\/v2\/pages\/21755\/revisions\/21756"}],"up":[{"embeddable":true,"href":"https:\/\/montreux-vieux.net\/index.php?rest_route=\/wp\/v2\/pages\/13007"}],"wp:attachment":[{"href":"https:\/\/montreux-vieux.net\/index.php?rest_route=%2Fwp%2Fv2%2Fmedia&parent=21755"}],"curies":[{"name":"wp","href":"https:\/\/api.w.org\/{rel}","templated":true}]}}